{"id":1227,"date":"2024-07-01T14:51:49","date_gmt":"2024-07-01T17:51:49","guid":{"rendered":"https:\/\/ladir.net\/?post_type=product&#038;p=1227"},"modified":"2025-05-07T19:39:59","modified_gmt":"2025-05-07T22:39:59","slug":"picolinato-de-cromo-300mcg-com-vanadio-150mcg","status":"publish","type":"product","link":"https:\/\/kikodobem.com\/?product=picolinato-de-cromo-300mcg-com-vanadio-150mcg","title":{"rendered":"PICOLINATO DE CROMO 300MCG COM VAN\u00c1DIO 150MCG"},"content":{"rendered":"<iframe loading=\"lazy\" title=\"EMAGRECER Com Lactobacillus Gasseri + Faseolamina + Picolinato de Cromo e Van\u00e1dio IMPERD\u00cdVEL REPASSE\" width=\"500\" height=\"281\" src=\"https:\/\/www.youtube.com\/embed\/Urv2vJCSivE?feature=oembed\" frameborder=\"0\" allow=\"accelerometer; autoplay; clipboard-write; encrypted-media; gyroscope; picture-in-picture; web-share\" referrerpolicy=\"strict-origin-when-cross-origin\" allowfullscreen><\/iframe>\r\n\r\n<strong>PICOLINATO DE CROMO 300 MG 60 C\u00c1PSULAS JUNTO COM O VAN\u00c1DIO 150 MCG<\/strong>\r\n\r\n<strong>Descri\u00e7\u00e3o<\/strong>\r\n\r\nO Picolinato de Cromo com Van\u00e1dio da SoroPower \u00e9 um suplemento essencial para melhorar a composi\u00e7\u00e3o corporal, controlar os lip\u00eddios e a glicose sangu\u00ednea, al\u00e9m de combater a ansiedade e as crises da s\u00edndrome do p\u00e2nico. Este suplemento combina cromo, que potencializa os efeitos da insulina e promove a sensa\u00e7\u00e3o de saciedade, com van\u00e1dio, que auxilia na regula\u00e7\u00e3o da produ\u00e7\u00e3o de insulina e dos n\u00edveis de glicose no sangue.\r\n\r\n<strong>Benef\u00edcios<\/strong>\r\n<ul>\r\n \t<li><strong>Diminui\u00e7\u00e3o das Crises da S\u00edndrome do P\u00e2nico:<\/strong> O uso regular de Picolinato de Cromo e Van\u00e1dio ajuda a reduzir significativamente as crises associadas \u00e0 s\u00edndrome do p\u00e2nico.<\/li>\r\n \t<li><strong>Redu\u00e7\u00e3o da Ansiedade:<\/strong> Ajuda a controlar a ansiedade e o estresse, promovendo uma sensa\u00e7\u00e3o de bem-estar.<\/li>\r\n \t<li><strong>Controle da Vontade de Comer Doces:<\/strong> Reduz o apetite voraz por doces, ajudando no controle da dieta.<\/li>\r\n \t<li><strong>Preven\u00e7\u00e3o e Aux\u00edlio no Tratamento do Diabetes:<\/strong> Regula os n\u00edveis de glicemia e melhora a sensibilidade \u00e0 insulina.<\/li>\r\n \t<li><strong>Melhora da Sensibilidade \u00e0 Insulina:<\/strong> Auxilia na distribui\u00e7\u00e3o do a\u00e7\u00facar pelo corpo, prevenindo hipoglicemia e suas consequ\u00eancias.<\/li>\r\n \t<li><strong>Controle da Glicemia e Lip\u00eddios Sangu\u00edneos:<\/strong> Mant\u00e9m os n\u00edveis de colesterol e triglic\u00e9rides em equil\u00edbrio.<\/li>\r\n \t<li><strong>Aumento da S\u00edntese Proteica:<\/strong> Contribui para o ganho de massa muscular e a manuten\u00e7\u00e3o de um corpo saud\u00e1vel.<\/li>\r\n \t<li><strong>Aux\u00edlio no Controle de TAG (Transtorno de Ansiedade Generalizada):<\/strong> Reduz a ansiedade generalizada, promovendo uma vida mais equilibrada.<\/li>\r\n<\/ul>\r\n<strong>Composi\u00e7\u00e3o<\/strong>\r\n<ul>\r\n \t<li><strong>Cromo:<\/strong> 300 mg<\/li>\r\n \t<li><strong>Van\u00e1dio:<\/strong> 150 mcg<\/li>\r\n<\/ul>\r\n<strong>Sugest\u00e3o de Uso<\/strong>\r\n\r\nTomar 1 c\u00e1psula diariamente, preferencialmente ap\u00f3s as principais refei\u00e7\u00f5es.\r\n\r\n<strong>Informa\u00e7\u00f5es Adicionais<\/strong>\r\n\r\nSegundo a nutricionista Andr\u00e9a Uzeda, da Cl\u00ednica Dicorp, a principal fun\u00e7\u00e3o do cromo no organismo \u00e9 potencializar os efeitos da insulina, promovendo a redu\u00e7\u00e3o nos n\u00edveis de gordura corporal, a sensa\u00e7\u00e3o de saciedade e diminuindo o apetite voraz por doces. Outro papel importante do Picolinato de Cromo \u00e9 atuar no metabolismo dos carboidratos, gorduras e prote\u00ednas, prevenindo o entupimento das art\u00e9rias.\r\n\r\nQuando h\u00e1 defici\u00eancia de cromo no organismo, pode ocorrer uma perda na sensibilidade da a\u00e7\u00e3o da insulina, causando mal-estar, calafrios e descontrole da glicemia, o que pode desencadear crises de p\u00e2nico. O uso de subst\u00e2ncias que facilitam o metabolismo do a\u00e7\u00facar, como o cromo e o van\u00e1dio, auxilia na preven\u00e7\u00e3o dessas crises.\r\n\r\nO van\u00e1dio \u00e9 um componente mineral que imita os efeitos da insulina no corpo, promovendo o armazenamento de nutrientes nos m\u00fasculos p\u00f3s-exerc\u00edcio. Ele ajuda a combater a ansiedade e no controle da s\u00edndrome do p\u00e2nico, al\u00e9m de auxiliar na regula\u00e7\u00e3o dos n\u00edveis de glicose no sangue.\r\n\r\n<strong>S\u00cdNDROME DO P\u00c2NICO<\/strong>\r\n\r\nA s\u00edndrome do p\u00e2nico afeta cerca de 4% da popula\u00e7\u00e3o mundial, causando ansiedade excessiva, ang\u00fastia, medo e isolamento social. Ela pode ser desencadeada pela hipoglicemia reativa, que \u00e9 a queda abrupta da taxa de a\u00e7\u00facar no sangue ap\u00f3s a ingest\u00e3o de determinados alimentos. Com o uso de Picolinato de Cromo e Van\u00e1dio, \u00e9 poss\u00edvel prevenir essas crises e melhorar significativamente a qualidade de vida.\r\n\r\n<strong>TAG (TRANSTORNO DE ANSIEDADE GENERALIZADA)<\/strong>\r\n\r\nO Transtorno de Ansiedade Generalizada (TAG) \u00e9 caracterizado por preocupa\u00e7\u00e3o excessiva e persistente, que perdura por pelo menos seis meses. O Picolinato de Cromo com Van\u00e1dio \u00e9 eficaz na redu\u00e7\u00e3o da ansiedade, ajudando a controlar a vontade de comer doces e promovendo uma sensa\u00e7\u00e3o geral de bem-estar.\r\n\r\n<strong>LONGIVIDADE E SA\u00daDE<\/strong>\r\n\r\nDesejamos a voc\u00ea e \u00e0 sua fam\u00edlia uma vida longa e saud\u00e1vel, com o aux\u00edlio dos nossos produtos naturais.\r\n\r\n<strong>Este an\u00fancio cont\u00e9m um v\u00eddeo importante sobre os benef\u00edcios desses maravilhosos suplementos. N\u00e3o deixe de assistir!<\/strong>\r\n\r\nMuito obrigado pela visita e boas compras!\r\n\r\nAtenciosamente,\r\nJos\u00e9 Francisco Rodrigues (KIKO), Diretor das Empresas: SOROCOCO, LADIR e SOROPOWER.\r\n\r\n<strong>&#8220;Se semeamos o BEM, n\u00e3o precisamos nos preocupar com o dia de amanh\u00e3&#8221;.<\/strong>\r\n\r\nG\u00e1latas Cap\u00edtulo 6 Vers\u00edculo 7\r\n\r\n&nbsp;\r\n\r\n&nbsp;","protected":false},"excerpt":{"rendered":"<p><strong>PICOLINATO DE CROMO 300 MG 60 C\u00c1PSULAS JUNTO COM O VAN\u00c1DIO 150 MCG<\/strong><\/p>\n<p><strong>Descri\u00e7\u00e3o<\/strong><\/p>\n<p>O Picolinato de Cromo com Van\u00e1dio da SoroPower \u00e9 um suplemento essencial para melhorar a composi\u00e7\u00e3o corporal, controlar os lip\u00eddios e a glicose sangu\u00ednea, al\u00e9m de combater a ansiedade e as crises da s\u00edndrome do p\u00e2nico. Este suplemento combina cromo, que potencializa os efeitos da insulina e promove a sensa\u00e7\u00e3o de saciedade, com van\u00e1dio, que auxilia na regula\u00e7\u00e3o da produ\u00e7\u00e3o de insulina e dos n\u00edveis de glicose no sangue.<\/p>\n<p><strong>Benef\u00edcios<\/strong><\/p>\n<ul>\n<li><strong>Diminui\u00e7\u00e3o das Crises da S\u00edndrome do P\u00e2nico:<\/strong> O uso regular de Picolinato de Cromo e Van\u00e1dio ajuda a reduzir significativamente as crises associadas \u00e0 s\u00edndrome do p\u00e2nico.<\/li>\n<li><strong>Redu\u00e7\u00e3o da Ansiedade:<\/strong> Ajuda a controlar a ansiedade e o estresse, promovendo uma sensa\u00e7\u00e3o de bem-estar.<\/li>\n<li><strong>Controle da Vontade de Comer Doces:<\/strong> Reduz o apetite voraz por doces, ajudando no controle da dieta.<\/li>\n<li><strong>Preven\u00e7\u00e3o e Aux\u00edlio no Tratamento do Diabetes:<\/strong> Regula os n\u00edveis de glicemia e melhora a sensibilidade \u00e0 insulina.<\/li>\n<li><strong>Melhora da Sensibilidade \u00e0 Insulina:<\/strong> Auxilia na distribui\u00e7\u00e3o do a\u00e7\u00facar pelo corpo, prevenindo hipoglicemia e suas consequ\u00eancias.<\/li>\n<li><strong>Controle da Glicemia e Lip\u00eddios Sangu\u00edneos:<\/strong> Mant\u00e9m os n\u00edveis de colesterol e triglic\u00e9rides em equil\u00edbrio.<\/li>\n<li><strong>Aumento da S\u00edntese Proteica:<\/strong> Contribui para o ganho de massa muscular e a manuten\u00e7\u00e3o de um corpo saud\u00e1vel.<\/li>\n<li><strong>Aux\u00edlio no Controle de TAG (Transtorno de Ansiedade Generalizada):<\/strong> Reduz a ansiedade generalizada, promovendo uma vida mais equilibrada.<\/li>\n<\/ul>\n","protected":false},"featured_media":1229,"comment_status":"open","ping_status":"closed","template":"","meta":[],"product_brand":[],"product_cat":[18],"product_tag":[243,492,488,486,82,487,489,490,491,424],"class_list":{"0":"post-1227","1":"product","2":"type-product","3":"status-publish","4":"has-post-thumbnail","6":"product_cat-manipulados","7":"product_tag-ansiedade","8":"product_tag-ansiedade-generalizada","9":"product_tag-comer-doces","10":"product_tag-crises","11":"product_tag-diabetes","12":"product_tag-doces","13":"product_tag-insulina","14":"product_tag-lipidios-sanguineos","15":"product_tag-proteica","16":"product_tag-sindrome-do-panico","18":"first","19":"instock","20":"taxable","21":"shipping-taxable","22":"purchasable","23":"product-type-simple"},"_links":{"self":[{"href":"https:\/\/kikodobem.com\/index.php?rest_route=\/wp\/v2\/product\/1227","targetHints":{"allow":["GET"]}}],"collection":[{"href":"https:\/\/kikodobem.com\/index.php?rest_route=\/wp\/v2\/product"}],"about":[{"href":"https:\/\/kikodobem.com\/index.php?rest_route=\/wp\/v2\/types\/product"}],"replies":[{"embeddable":true,"href":"https:\/\/kikodobem.com\/index.php?rest_route=%2Fwp%2Fv2%2Fcomments&post=1227"}],"wp:featuredmedia":[{"embeddable":true,"href":"https:\/\/kikodobem.com\/index.php?rest_route=\/wp\/v2\/media\/1229"}],"wp:attachment":[{"href":"https:\/\/kikodobem.com\/index.php?rest_route=%2Fwp%2Fv2%2Fmedia&parent=1227"}],"wp:term":[{"taxonomy":"product_brand","embeddable":true,"href":"https:\/\/kikodobem.com\/index.php?rest_route=%2Fwp%2Fv2%2Fproduct_brand&post=1227"},{"taxonomy":"product_cat","embeddable":true,"href":"https:\/\/kikodobem.com\/index.php?rest_route=%2Fwp%2Fv2%2Fproduct_cat&post=1227"},{"taxonomy":"product_tag","embeddable":true,"href":"https:\/\/kikodobem.com\/index.php?rest_route=%2Fwp%2Fv2%2Fproduct_tag&post=1227"}],"curies":[{"name":"wp","href":"https:\/\/api.w.org\/{rel}","templated":true}]}}