{"id":1335,"date":"2024-07-10T15:43:10","date_gmt":"2024-07-10T18:43:10","guid":{"rendered":"https:\/\/ladir.net\/?post_type=product&#038;p=1335"},"modified":"2025-05-07T17:37:43","modified_gmt":"2025-05-07T20:37:43","slug":"1335","status":"publish","type":"product","link":"https:\/\/kikodobem.com\/?product=1335","title":{"rendered":"C\u00daRCUMA 500MG + PIPERINA 10MG MELHOR DO BRASIL &#8211; 100% PURO E NATURAL"},"content":{"rendered":"<strong>60 C\u00e1psulas de C\u00farcuma Pur\u00edssima com Piperina<\/strong>\r\n\r\n<strong>Descri\u00e7\u00e3o do Produto:<\/strong>\r\n<ul>\r\n \t<li><strong>Ingredientes:<\/strong> 100% pura c\u00farcuma (raiz de a\u00e7afr\u00e3o mo\u00edda) e 10 mg de piperina por c\u00e1psula.<\/li>\r\n \t<li><strong>Dosagem:<\/strong> Cada c\u00e1psula cont\u00e9m 500 mg de c\u00farcuma e 10 mg de piperina, totalizando 510 mg.<\/li>\r\n \t<li><strong>Quantidade:<\/strong> 60 c\u00e1psulas.<\/li>\r\n \t<li><strong>Fabricado por:<\/strong> Farm\u00e1cia de Manipula\u00e7\u00e3o e Formula\u00e7\u00e3o &#8220;PHARMENNI&#8221; do Dr. Kiko do Bem.<\/li>\r\n \t<li><strong>Certifica\u00e7\u00e3o:<\/strong> Aprovado pelo Instituto T\u00e9cnico Cient\u00edfico de Alimentos (ITAL), o mais confi\u00e1vel do Brasil.<\/li>\r\n \t<li><strong>Brinde:<\/strong> 200 gramas de Sal Rosa do Himalaia verdadeiro.<\/li>\r\n<\/ul>\r\n<strong>Benef\u00edcios da C\u00farcuma e Piperina:<\/strong>\r\n<ul>\r\n \t<li><strong>Qualidade Superior:<\/strong> Nossa c\u00farcuma n\u00e3o passa por refinamento, \u00e9 100% pura e natural. As ra\u00edzes s\u00e3o cuidadosamente higienizadas, secadas, mo\u00eddas e envasadas sem nenhuma mistura.<\/li>\r\n \t<li><strong>Alta Pureza:<\/strong> Embaladas em pl\u00e1sticos de qualidade (PP ou PEAD), sem bisfenol A.<\/li>\r\n \t<li><strong>Confiabilidade:<\/strong> A c\u00farcuma comercializada em supermercados muitas vezes cont\u00e9m aditivos como fub\u00e1, pimenta-do-reino e at\u00e9 materiais impr\u00f3prios como tijolos usados em constru\u00e7\u00f5es. Nossa c\u00farcuma \u00e9 100% pura, sem gl\u00faten ou aditivos transg\u00eanicos.<\/li>\r\n<\/ul>\r\n<strong>Recomenda\u00e7\u00f5es de Uso:<\/strong>\r\n<ul>\r\n \t<li><strong>Preven\u00e7\u00e3o de Inflama\u00e7\u00f5es:<\/strong> Tomar 1 c\u00e1psula 3 vezes por semana.<\/li>\r\n \t<li><strong>Tratamento de Inflama\u00e7\u00f5es:<\/strong> Tomar 1 c\u00e1psula 2 vezes ao dia.<\/li>\r\n \t<li><strong>Tratamento de C\u00e2ncer:<\/strong> Tomar 1 c\u00e1psula 3 vezes ao dia.<\/li>\r\n \t<li><strong>Melhor Anti-inflamat\u00f3rio Natural:<\/strong> A piperina, derivada da pimenta, aumenta a biodisponibilidade das propriedades do a\u00e7afr\u00e3o em 100%.<\/li>\r\n<\/ul>\r\n<strong>Dicas Adicionais:<\/strong>\r\n<ul>\r\n \t<li><strong>Prata Coloidal:<\/strong> Para dores fortes e inflama\u00e7\u00f5es, recomendamos o uso da nossa Prata Coloidal junto com as c\u00e1psulas de c\u00farcuma. Tomar de 10 a 15 ml diariamente. Acompanha medidor.<\/li>\r\n<\/ul>\r\n<strong>Saiba Mais Sobre Sa\u00fade:<\/strong>\r\n\r\nAcesse nosso canal no YouTube &#8220;Sa\u00fade Perfeita com Kiko do Bem&#8221; para conhecer mais sobre tratamentos naturais e cuidados com a sa\u00fade.\r\n\r\n<strong>Mensagem do Dr. Kiko do Bem:<\/strong>\r\n\r\nEstou farto de ver a ind\u00fastria farmac\u00eautica dificultar tratamentos eficazes por valorizar os lucros muito mais do que as vidas. No nosso canal, voc\u00ea encontrar\u00e1 informa\u00e7\u00f5es confi\u00e1veis e produtos de alta qualidade para cuidar da sua sa\u00fade naturalmente.\r\n\r\nMuito obrigado pela visita e boas compras!\r\n\r\nAtenciosamente,\r\n\r\nJos\u00e9 Francisco Rodrigues (KIKO), Diretor das Empresas: SOROCOCO, LADIR e SOROPOWER\r\n\r\n<strong>Siga-me nas Redes Sociais:<\/strong>\r\n\r\nProcure por &#8220;KIKO DO BEM&#8221; ou &#8220;DRKIKODOBEM&#8221; no YouTube, Instagram, TikTok, Facebook, Twitter e muito mais.\r\n\r\n<strong>Mensagem Final:<\/strong>\r\n\r\n&#8220;Se semeamos o BEM, N\u00c3O precisamos nos preocupar com o dia de amanh\u00e3&#8221;.\r\n\r\nG\u00e1latas Cap\u00edtulo 6 Vers\u00edculo 7\r\n\r\n<strong>Link para o Canal:<\/strong>\r\n\r\n<a href=\"https:\/\/www.youtube.com\/kikodobem\">Sa\u00fade Perfeita com Kiko do Bem<\/a>\r\n\r\n<strong>Nota:<\/strong> Parte das letras est\u00e3o em mai\u00fasculas para facilitar a leitura por pessoas com problemas visuais. Deus te aben\u00e7oe pela compreens\u00e3o. Dr. Kiko do Bem","protected":false},"excerpt":{"rendered":"<p><strong>Descri\u00e7\u00e3o do Produto:<\/strong><\/p>\n<ul>\n<li><strong>Ingredientes:<\/strong> 100% pura c\u00farcuma (raiz de a\u00e7afr\u00e3o mo\u00edda) e 10 mg de piperina por c\u00e1psula.<\/li>\n<li><strong>Dosagem:<\/strong> Cada c\u00e1psula cont\u00e9m 500 mg de c\u00farcuma e 10 mg de piperina, totalizando 510 mg.<\/li>\n<li><strong>Quantidade:<\/strong> 60 c\u00e1psulas.<\/li>\n<li><strong>Fabricado por:<\/strong> Farm\u00e1cia de Manipula\u00e7\u00e3o e Formula\u00e7\u00e3o &#8220;PHARMENNI&#8221; do Dr. Kiko do Bem.<\/li>\n<li><strong>Certifica\u00e7\u00e3o:<\/strong> Aprovado pelo Instituto T\u00e9cnico Cient\u00edfico de Alimentos (ITAL), o mais confi\u00e1vel do Brasil.<\/li>\n<li><strong>Brinde:<\/strong> 200 gramas de Sal Rosa do Himalaia verdadeiro.<\/li>\n<\/ul>\n<p>&nbsp;<\/p>\n<p><strong>Benef\u00edcios da C\u00farcuma e Piperina:<\/strong><\/p>\n<ul>\n<li><strong>Qualidade Superior:<\/strong> Nossa c\u00farcuma n\u00e3o passa por refinamento, \u00e9 100% pura e natural. As ra\u00edzes s\u00e3o cuidadosamente higienizadas, secadas, mo\u00eddas e envasadas sem nenhuma mistura.<\/li>\n<li><strong>Alta Pureza:<\/strong> Embaladas em pl\u00e1sticos de qualidade (PP ou PEAD), sem bisfenol A.<\/li>\n<li><strong>Confiabilidade:<\/strong> A c\u00farcuma comercializada em supermercados muitas vezes cont\u00e9m aditivos como fub\u00e1, pimenta-do-reino e at\u00e9 materiais impr\u00f3prios como tijolos usados em constru\u00e7\u00f5es. Nossa c\u00farcuma \u00e9 100% pura, sem gl\u00faten ou aditivos transg\u00eanicos.<\/li>\n<\/ul>\n<p>&nbsp;<\/p>\n<p>&nbsp;<\/p>\n","protected":false},"featured_media":1336,"comment_status":"open","ping_status":"closed","template":"","meta":[],"product_brand":[],"product_cat":[671,18],"product_tag":[72,517,518,128,71,237,242],"class_list":{"0":"post-1335","1":"product","2":"type-product","3":"status-publish","4":"has-post-thumbnail","6":"product_cat-curcumas","7":"product_cat-manipulados","8":"product_tag-acafrao","9":"product_tag-anti-flamatiroio","10":"product_tag-anti-inflamatorio-natural","11":"product_tag-cancer","12":"product_tag-curcuma","13":"product_tag-inflamacoes","14":"product_tag-pureza","16":"first","17":"instock","18":"taxable","19":"shipping-taxable","20":"purchasable","21":"product-type-simple"},"_links":{"self":[{"href":"https:\/\/kikodobem.com\/index.php?rest_route=\/wp\/v2\/product\/1335","targetHints":{"allow":["GET"]}}],"collection":[{"href":"https:\/\/kikodobem.com\/index.php?rest_route=\/wp\/v2\/product"}],"about":[{"href":"https:\/\/kikodobem.com\/index.php?rest_route=\/wp\/v2\/types\/product"}],"replies":[{"embeddable":true,"href":"https:\/\/kikodobem.com\/index.php?rest_route=%2Fwp%2Fv2%2Fcomments&post=1335"}],"wp:featuredmedia":[{"embeddable":true,"href":"https:\/\/kikodobem.com\/index.php?rest_route=\/wp\/v2\/media\/1336"}],"wp:attachment":[{"href":"https:\/\/kikodobem.com\/index.php?rest_route=%2Fwp%2Fv2%2Fmedia&parent=1335"}],"wp:term":[{"taxonomy":"product_brand","embeddable":true,"href":"https:\/\/kikodobem.com\/index.php?rest_route=%2Fwp%2Fv2%2Fproduct_brand&post=1335"},{"taxonomy":"product_cat","embeddable":true,"href":"https:\/\/kikodobem.com\/index.php?rest_route=%2Fwp%2Fv2%2Fproduct_cat&post=1335"},{"taxonomy":"product_tag","embeddable":true,"href":"https:\/\/kikodobem.com\/index.php?rest_route=%2Fwp%2Fv2%2Fproduct_tag&post=1335"}],"curies":[{"name":"wp","href":"https:\/\/api.w.org\/{rel}","templated":true}]}}