{"id":1363,"date":"2024-07-11T11:05:18","date_gmt":"2024-07-11T14:05:18","guid":{"rendered":"https:\/\/ladir.net\/?post_type=product&#038;p=1363"},"modified":"2025-05-07T19:29:04","modified_gmt":"2025-05-07T22:29:04","slug":"dht-stop-100-natural-60-capsulas-soropower-pharmenni","status":"publish","type":"product","link":"https:\/\/kikodobem.com\/?product=dht-stop-100-natural-60-capsulas-soropower-pharmenni","title":{"rendered":"DHT STOP 100% NATURAL 60 C\u00c1PSULAS SOROPOWER &amp; PHARMENNI"},"content":{"rendered":"<strong>DHT STOP &#8211; Controle Natural da Queda de Cabelo<\/strong>\r\n\r\n<strong>Conhe\u00e7a o DHT STOP das marcas SOROPOWER &amp; PHARMENNI:<\/strong>\r\n\r\nA f\u00f3rmula inovadora DHT STOP \u00e9 especialmente desenvolvida para combater a queda de cabelo, atuando diretamente na redu\u00e7\u00e3o dos n\u00edveis de di-hidrotestosterona (DHT), um dos principais horm\u00f4nios respons\u00e1veis pela calv\u00edcie.\r\n\r\n<strong>N\u00edveis Normais de DHT:<\/strong>\r\n<ul>\r\n \t<li><strong>Mulheres:<\/strong> 5 a 46 ng\/dL<\/li>\r\n \t<li><strong>Homens:<\/strong> 16 a 79 ng\/dL<\/li>\r\n<\/ul>\r\n<strong>Certifica\u00e7\u00f5es:<\/strong>\r\n\r\nNos homens, os test\u00edculos s\u00e3o os maiores produtores de andr\u00f3genos. Nas mulheres, esses horm\u00f4nios s\u00e3o produzidos pelos ov\u00e1rios, adrenais e tecido adiposo. Entre os diversos andr\u00f3genos, a testosterona e seu derivado DHT s\u00e3o os mais envolvidos na calv\u00edcie e queda de cabelo.\r\n\r\n<strong>Como Funciona o DHT STOP:<\/strong>\r\n\r\nA f\u00f3rmula DHT STOP atua como um inibidor natural da enzima 5-alfa-redutase tipo I e tipo II, que converte a testosterona em DHT. Reduzindo os n\u00edveis de DHT em at\u00e9 90%, essa f\u00f3rmula oferece uma solu\u00e7\u00e3o eficaz e 100% natural para quem sofre com a queda de cabelo.\r\n\r\n<strong>Composi\u00e7\u00e3o da F\u00f3rmula DHT STOP:<\/strong>\r\n<ul>\r\n \t<li><strong>Lisina:<\/strong> 250mg<\/li>\r\n \t<li><strong>Licopeno:<\/strong> 15mg<\/li>\r\n \t<li><strong>Zinco + Cobre Quelato:<\/strong> 15mg de zinco + 1mg de cobre quelato<\/li>\r\n \t<li><strong>Vitamina B7 (Biotina):<\/strong> 5mg<\/li>\r\n \t<li><strong>Vitamina A:<\/strong> 5000 UI<\/li>\r\n<\/ul>\r\n<strong>Mensagem do Diretor:<\/strong>\r\n\r\n&#8220;Estou farto de ver a Ind\u00fastria Farmac\u00eautica dificultar tratamentos eficazes\u2026 por valorizar os lucros muito mais do que as vidas. Obrigado pela visita e boas compras!&#8221;\r\n\r\nAtenciosamente,\r\n\r\nJos\u00e9 Francisco Rodrigues (KIKO)\r\n\r\nDiretor das Empresas: SOROCOCO, LADIR, SOROPOWER E DA FARM\u00c1CIA DE MANIPULA\u00c7\u00c3O E FORMULA\u00c7\u00c3O &#8220;PHARMENNI&#8221;\r\n\r\n<strong>Acompanhe-nos nas Redes Sociais:<\/strong> Procure sempre por &#8220;KIKO DO BEM&#8221; ou &#8220;DRKIKODOBEM&#8221; no Youtube, Instagram, TikTok, Facebook, Twitter e muito mais.\r\n\r\n&#8220;Se semeamos o BEM, N\u00c3O precisamos nos preocupar com o dia de amanh\u00e3.&#8221;\r\n\r\n<strong>G\u00e1latas Cap\u00edtulo 6 Vers\u00edculo 7<\/strong>\r\n\r\nGaranta agora o seu DHT STOP e cuide da sua sa\u00fade capilar naturalmente!","protected":false},"excerpt":{"rendered":"<p><strong>DHT STOP &#8211; Controle Natural da Queda de Cabelo<\/strong><\/p>\n<p><strong>Conhe\u00e7a o DHT STOP das marcas SOROPOWER &amp; PHARMENNI:<\/strong><\/p>\n<p>A f\u00f3rmula inovadora DHT STOP \u00e9 especialmente desenvolvida para combater a queda de cabelo, atuando diretamente na redu\u00e7\u00e3o dos n\u00edveis de di-hidrotestosterona (DHT), um dos principais horm\u00f4nios respons\u00e1veis pela calv\u00edcie.<\/p>\n<p><strong>N\u00edveis Normais de DHT:<\/strong><\/p>\n<ul>\n<li><strong>Mulheres:<\/strong> 5 a 46 ng\/dL<\/li>\n<li><strong>Homens:<\/strong> 16 a 79 ng\/dL<\/li>\n<\/ul>\n<p><strong>Certifica\u00e7\u00f5es:<\/strong><\/p>\n<p>Nos homens, os test\u00edculos s\u00e3o os maiores produtores de andr\u00f3genos. Nas mulheres, esses horm\u00f4nios s\u00e3o produzidos pelos ov\u00e1rios, adrenais e tecido adiposo. Entre os diversos andr\u00f3genos, a testosterona e seu derivado DHT s\u00e3o os mais envolvidos na calv\u00edcie e queda de cabelo.<\/p>\n<p><strong>Como Funciona o DHT STOP:<\/strong><\/p>\n<p>A f\u00f3rmula DHT STOP atua como um inibidor natural da enzima 5-alfa-redutase tipo I e tipo II, que converte a testosterona em DHT. Reduzindo os n\u00edveis de DHT em at\u00e9 90%, essa f\u00f3rmula oferece uma solu\u00e7\u00e3o eficaz e 100% natural para quem sofre com a queda de cabelo.<\/p>\n","protected":false},"featured_media":1364,"comment_status":"open","ping_status":"closed","template":"","meta":[],"product_brand":[],"product_cat":[18,670],"product_tag":[464,165,523,524,522,162],"class_list":{"0":"post-1363","1":"product","2":"type-product","3":"status-publish","4":"has-post-thumbnail","6":"product_cat-manipulados","7":"product_cat-vitaminas-100-naturais","8":"product_tag-cabelo","9":"product_tag-cabelos-bonitos","10":"product_tag-cabelos-saudaveis","11":"product_tag-crescimento-de-cabelo","12":"product_tag-queda-de-cabelo","13":"product_tag-saude-da-pele-e-dos-cabelos","15":"first","16":"instock","17":"taxable","18":"shipping-taxable","19":"purchasable","20":"product-type-simple"},"_links":{"self":[{"href":"https:\/\/kikodobem.com\/index.php?rest_route=\/wp\/v2\/product\/1363","targetHints":{"allow":["GET"]}}],"collection":[{"href":"https:\/\/kikodobem.com\/index.php?rest_route=\/wp\/v2\/product"}],"about":[{"href":"https:\/\/kikodobem.com\/index.php?rest_route=\/wp\/v2\/types\/product"}],"replies":[{"embeddable":true,"href":"https:\/\/kikodobem.com\/index.php?rest_route=%2Fwp%2Fv2%2Fcomments&post=1363"}],"wp:featuredmedia":[{"embeddable":true,"href":"https:\/\/kikodobem.com\/index.php?rest_route=\/wp\/v2\/media\/1364"}],"wp:attachment":[{"href":"https:\/\/kikodobem.com\/index.php?rest_route=%2Fwp%2Fv2%2Fmedia&parent=1363"}],"wp:term":[{"taxonomy":"product_brand","embeddable":true,"href":"https:\/\/kikodobem.com\/index.php?rest_route=%2Fwp%2Fv2%2Fproduct_brand&post=1363"},{"taxonomy":"product_cat","embeddable":true,"href":"https:\/\/kikodobem.com\/index.php?rest_route=%2Fwp%2Fv2%2Fproduct_cat&post=1363"},{"taxonomy":"product_tag","embeddable":true,"href":"https:\/\/kikodobem.com\/index.php?rest_route=%2Fwp%2Fv2%2Fproduct_tag&post=1363"}],"curies":[{"name":"wp","href":"https:\/\/api.w.org\/{rel}","templated":true}]}}