{"id":1392,"date":"2024-07-11T16:46:06","date_gmt":"2024-07-11T19:46:06","guid":{"rendered":"https:\/\/ladir.net\/?post_type=product&#038;p=1392"},"modified":"2025-05-07T19:26:43","modified_gmt":"2025-05-07T22:26:43","slug":"kit-locao-capilar-dht-stop-selenio-quelato","status":"publish","type":"product","link":"https:\/\/kikodobem.com\/?product=kit-locao-capilar-dht-stop-selenio-quelato","title":{"rendered":"KIT LO\u00c7\u00c3O CAPILAR + DHT STOP + SEL\u00caNIO QUELATO"},"content":{"rendered":"<iframe loading=\"lazy\" title=\"Crescer cabelos fortes e acabar com a queda de cabelo couro cabeludo saud\u00e1vel WhatsApp 15-99644-8181\" width=\"500\" height=\"281\" src=\"https:\/\/www.youtube.com\/embed\/WYf0Ouil1j0?feature=oembed\" frameborder=\"0\" allow=\"accelerometer; autoplay; clipboard-write; encrypted-media; gyroscope; picture-in-picture; web-share\" referrerpolicy=\"strict-origin-when-cross-origin\" allowfullscreen><\/iframe>\r\n\r\n&nbsp;\r\n\r\n<strong>KIT ESPECIAL &#8211; LO\u00c7\u00c3O CAPILAR + DHT STOP + SEL\u00caNIO QUELATO<\/strong>\r\n\r\nF\u00d3RMULA PARA CRESCER OS CABELOS SAUD\u00c1VEIS, FORTES E COBRIR FALHAS DO COURO CABELUDO (MINOXIDIL NATURAL)\r\n\r\n<strong>Benef\u00edcios da Biotina e Sel\u00eanio:<\/strong>\r\n<ul>\r\n \t<li><strong>Produ\u00e7\u00e3o de Queratina:<\/strong> A biotina auxilia na produ\u00e7\u00e3o de queratina, essencial para a estrutura do cabelo. Ela fortalece, renova e promove fios mais saud\u00e1veis e macios.<\/li>\r\n \t<li><strong>Fortalecimento Capilar:<\/strong> Tanto o sel\u00eanio quanto a biotina ajudam a manter a integridade dos fios, protegendo os fol\u00edculos capilares dos danos causados pela polui\u00e7\u00e3o e raios UV.<\/li>\r\n \t<li><strong>Combate \u00e0 Queda de Cabelo:<\/strong> A combina\u00e7\u00e3o de biotina e sel\u00eanio promove a renova\u00e7\u00e3o celular, mantendo a produ\u00e7\u00e3o saud\u00e1vel dos fios e prevenindo a queda.<\/li>\r\n<\/ul>\r\n<strong>LO\u00c7\u00c3O CABELOS SAUD\u00c1VEIS &#8211; F\u00d3RMULA DO DR. KIKO DO BEM<\/strong>\r\n\r\n<strong>Conte\u00fado:<\/strong>\r\n<ol>\r\n \t<li><strong>\u00d3LEO DE COCO CAPILAR OZONIZADO<\/strong>\r\n<ul>\r\n \t<li>Cria uma camada protetora nos fios, fortalecendo e estimulando o crescimento.<\/li>\r\n \t<li>Melhora a circula\u00e7\u00e3o sangu\u00ednea no couro cabeludo, aumentando a resist\u00eancia do cabelo.<\/li>\r\n<\/ul>\r\n<\/li>\r\n \t<li><strong>\u00d3LEO DE R\u00cdCINO OZONIZADO<\/strong>\r\n<ul>\r\n \t<li>Intensifica a a\u00e7\u00e3o fortalecedora nos fios com alta concentra\u00e7\u00e3o de nutrientes.<\/li>\r\n<\/ul>\r\n<\/li>\r\n \t<li><strong>BABOSA OZONIZADA<\/strong>\r\n<ul>\r\n \t<li>Conhecida como aloe vera, hidrata e fortalece os cabelos.<\/li>\r\n \t<li>Pode ser usada pura ou potencializada com \u00f3leos essenciais.<\/li>\r\n<\/ul>\r\n<\/li>\r\n \t<li><strong>\u00d3LEO ESSENCIAL DE ALECRIM<\/strong>\r\n<ul>\r\n \t<li>Reduz a queda capilar e promove o crescimento saud\u00e1vel.<\/li>\r\n<\/ul>\r\n<\/li>\r\n \t<li><strong>\u00d3LEO ESSENCIAL DE LAVANDA<\/strong>\r\n<ul>\r\n \t<li>Acalma o couro cabeludo, combate a caspa e deixa os fios sedosos.<\/li>\r\n<\/ul>\r\n<\/li>\r\n<\/ol>\r\n<strong>Como Funciona a Formula\u00e7\u00e3o:<\/strong>\r\n\r\n<strong>Alternativa A:<\/strong>\r\n<ul>\r\n \t<li>Use uma pequena quantidade &#8220;PURA&#8221; nos cabelos e pelos para cobrir as falhas. Deixe agir durante a noite e enx\u00e1gue pela manh\u00e3.<\/li>\r\n<\/ul>\r\n<strong>Alternativa B:<\/strong>\r\n<ul>\r\n \t<li>Misture 2 colheres de sopa da lo\u00e7\u00e3o para cada 100ml de shampoo.<\/li>\r\n \t<li>Use pelo menos 2 vezes por semana, massageando o couro cabeludo por 15 minutos antes de enxaguar.<\/li>\r\n \t<li>Se lavar os cabelos diariamente, deixe a mistura no shampoo por 10 minutos antes de enxaguar.<\/li>\r\n<\/ul>\r\n<strong>Alternativa C:<\/strong>\r\n<ul>\r\n \t<li>Para pequenas falhas nos cabelos, sobrancelhas, bigode e barba, aplique com um cotonete e deixe agir durante a noite ou por 2 a 3 horas ao dia.<\/li>\r\n<\/ul>\r\n<strong>Nota:<\/strong> A lo\u00e7\u00e3o \u00e9 100% pura e natural. Se ocorrer alergia, lave o local com bastante \u00e1gua e descontinue o uso.\r\n\r\n<strong>DHT STOP<\/strong>\r\n<ul>\r\n \t<li>Reduz os n\u00edveis de DHT, principal respons\u00e1vel pela queda de cabelo, em at\u00e9 90%.<\/li>\r\n \t<li>Composi\u00e7\u00e3o: Lisina 250mg, Licopeno 15mg, Zinco 15mg + 1mg de cobre quelato, Vitamina B7 (Biotina) 5mg, Vitamina A 5000 UI.<\/li>\r\n<\/ul>\r\n<strong>SEL\u00caNIO QUELATO<\/strong>\r\n<ul>\r\n \t<li>Fortalece os fol\u00edculos capilares, protege contra danos ambientais e promove a produ\u00e7\u00e3o de fios saud\u00e1veis.<\/li>\r\n<\/ul>\r\n<strong>VOC\u00ca SABIA?<\/strong>\r\n<ul>\r\n \t<li>Uma gota de \u00f3leo essencial da marca PHARMENNI &amp; DR. KIKO DO BEM \u00e9 100% puro e equivale a 28 x\u00edcaras de ch\u00e1 da mesma erva.<\/li>\r\n \t<li>Os \u00f3leos essenciais do DR. KIKO DO BEM s\u00e3o 50 a 70 vezes mais potentes que as pr\u00f3prias ervas, trazendo incont\u00e1veis benef\u00edcios \u00e0 sa\u00fade humana e animal.<\/li>\r\n<\/ul>\r\n<strong>Mensagem do Diretor:<\/strong>\r\n\r\n&#8220;Estou farto de ver a Ind\u00fastria Farmac\u00eautica dificultar tratamentos eficazes por valorizar os lucros mais do que as vidas. Obrigado pela visita e boas compras!&#8221;\r\n\r\nAtenciosamente,\r\n\r\nJos\u00e9 Francisco Rodrigues (KIKO)\r\n\r\nDiretor das Empresas: SOROCOCO, LADIR, SOROPOWER, KIKO DO BEM e da FARM\u00c1CIA DE MANIPULA\u00c7\u00c3O E FORMULA\u00c7\u00c3O &#8220;PHARMENNI&#8221;\r\n\r\n<strong>Acompanhe-nos nas Redes Sociais:<\/strong> Procure por &#8220;KIKO DO BEM&#8221;, &#8220;DR. KIKO DO BEM&#8221; ou &#8220;DRKIKODOBEM&#8221; no YouTube, Instagram, TikTok, Facebook, Twitter e muito mais. Temos 3.500 v\u00eddeos para melhorar sua sa\u00fade.\r\n\r\n&#8220;Se semeamos o BEM, N\u00c3O precisamos nos preocupar com o dia de amanh\u00e3.&#8221;\r\n\r\n<strong>G\u00e1latas Cap\u00edtulo 6 Vers\u00edculo 7<\/strong>\r\n\r\n<strong>Prazo para Postagem: 1 Dia \u00datil<\/strong>\r\n\r\nGaranta agora o seu KIT ESPECIAL &#8211; LO\u00c7\u00c3O CAPILAR + DHT STOP + SEL\u00caNIO QUELATO e invista na sa\u00fade dos seus cabelos naturalmente!\r\n\r\n&nbsp;","protected":false},"excerpt":{"rendered":"<p><strong>KIT ESPECIAL &#8211; LO\u00c7\u00c3O CAPILAR + DHT STOP + SEL\u00caNIO QUELATO<\/strong><\/p>\n<p>F\u00d3RMULA PARA CRESCER OS CABELOS SAUD\u00c1VEIS, FORTES E COBRIR FALHAS DO COURO CABELUDO (MINOXIDIL NATURAL)<\/p>\n<p><strong>LO\u00c7\u00c3O CABELOS SAUD\u00c1VEIS &#8211; F\u00d3RMULA DO DR. KIKO DO BEM<\/strong><\/p>\n<p><strong>Conte\u00fado:<\/strong><\/p>\n<ol>\n<li><strong>\u00d3LEO DE COCO CAPILAR OZONIZADO<\/strong>\n<ul>\n<li>Cria uma camada protetora nos fios, fortalecendo e estimulando o crescimento.<\/li>\n<li>Melhora a circula\u00e7\u00e3o sangu\u00ednea no couro cabeludo, aumentando a resist\u00eancia do cabelo.<\/li>\n<\/ul>\n<\/li>\n<li><strong>\u00d3LEO DE R\u00cdCINO OZONIZADO<\/strong>\n<ul>\n<li>Intensifica a a\u00e7\u00e3o fortalecedora nos fios com alta concentra\u00e7\u00e3o de nutrientes.<\/li>\n<\/ul>\n<\/li>\n<li><strong>BABOSA OZONIZADA<\/strong>\n<ul>\n<li>Conhecida como aloe vera, hidrata e fortalece os cabelos.<\/li>\n<li>Pode ser usada pura ou potencializada com \u00f3leos essenciais.<\/li>\n<\/ul>\n<\/li>\n<li><strong>\u00d3LEO ESSENCIAL DE ALECRIM<\/strong>\n<ul>\n<li>Reduz a queda capilar e promove o crescimento saud\u00e1vel.<\/li>\n<\/ul>\n<\/li>\n<li><strong>\u00d3LEO ESSENCIAL DE LAVANDA<\/strong>\n<ul>\n<li>Acalma o couro cabeludo, combate a caspa e deixa os fios sedosos.<\/li>\n<\/ul>\n<\/li>\n<\/ol>\n<p><strong>Benef\u00edcios da Biotina e Sel\u00eanio:<\/strong><\/p>\n<ul>\n<li><strong>Produ\u00e7\u00e3o de Queratina:<\/strong> A biotina auxilia na produ\u00e7\u00e3o de queratina, essencial para a estrutura do cabelo. Ela fortalece, renova e promove fios mais saud\u00e1veis e macios.<\/li>\n<li><strong>Fortalecimento Capilar:<\/strong> Tanto o sel\u00eanio quanto a biotina ajudam a manter a integridade dos fios, protegendo os fol\u00edculos capilares dos danos causados pela polui\u00e7\u00e3o e raios UV.<\/li>\n<li><strong>Combate \u00e0 Queda de Cabelo:<\/strong> A combina\u00e7\u00e3o de biotina e sel\u00eanio promove a renova\u00e7\u00e3o celular, mantendo a produ\u00e7\u00e3o saud\u00e1vel dos fios e prevenindo a queda.<\/li>\n<\/ul>\n<p><strong>DHT STOP<\/strong><\/p>\n<ul>\n<li>Reduz os n\u00edveis de DHT, principal respons\u00e1vel pela queda de cabelo, em at\u00e9 90%.<\/li>\n<li>Composi\u00e7\u00e3o: Lisina 250mg, Licopeno 15mg, Zinco 15mg + 1mg de cobre quelato, Vitamina B7 (Biotina) 5mg, Vitamina A 5000 UI.<\/li>\n<\/ul>\n<p><strong>SEL\u00caNIO QUELATO<\/strong><\/p>\n<ul>\n<li>Fortalece os fol\u00edculos capilares, protege contra danos ambientais e promove a produ\u00e7\u00e3o de fios saud\u00e1veis.<\/li>\n<\/ul>\n","protected":false},"featured_media":1393,"comment_status":"open","ping_status":"closed","template":"","meta":[],"product_brand":[],"product_cat":[18,56,670],"product_tag":[537,464,500,525,532,539,538,499],"class_list":{"0":"post-1392","1":"product","2":"type-product","3":"status-publish","4":"has-post-thumbnail","6":"product_cat-manipulados","7":"product_cat-kit","8":"product_cat-vitaminas-100-naturais","9":"product_tag-alecrim","10":"product_tag-cabelo","11":"product_tag-calvice","12":"product_tag-dht-stop","13":"product_tag-lavanda","14":"product_tag-locao-cabelos-saudaveis","15":"product_tag-selenio","16":"product_tag-tratamento-da-calvicie","18":"first","19":"instock","20":"taxable","21":"shipping-taxable","22":"purchasable","23":"product-type-simple"},"_links":{"self":[{"href":"https:\/\/kikodobem.com\/index.php?rest_route=\/wp\/v2\/product\/1392","targetHints":{"allow":["GET"]}}],"collection":[{"href":"https:\/\/kikodobem.com\/index.php?rest_route=\/wp\/v2\/product"}],"about":[{"href":"https:\/\/kikodobem.com\/index.php?rest_route=\/wp\/v2\/types\/product"}],"replies":[{"embeddable":true,"href":"https:\/\/kikodobem.com\/index.php?rest_route=%2Fwp%2Fv2%2Fcomments&post=1392"}],"wp:featuredmedia":[{"embeddable":true,"href":"https:\/\/kikodobem.com\/index.php?rest_route=\/wp\/v2\/media\/1393"}],"wp:attachment":[{"href":"https:\/\/kikodobem.com\/index.php?rest_route=%2Fwp%2Fv2%2Fmedia&parent=1392"}],"wp:term":[{"taxonomy":"product_brand","embeddable":true,"href":"https:\/\/kikodobem.com\/index.php?rest_route=%2Fwp%2Fv2%2Fproduct_brand&post=1392"},{"taxonomy":"product_cat","embeddable":true,"href":"https:\/\/kikodobem.com\/index.php?rest_route=%2Fwp%2Fv2%2Fproduct_cat&post=1392"},{"taxonomy":"product_tag","embeddable":true,"href":"https:\/\/kikodobem.com\/index.php?rest_route=%2Fwp%2Fv2%2Fproduct_tag&post=1392"}],"curies":[{"name":"wp","href":"https:\/\/api.w.org\/{rel}","templated":true}]}}