{"id":1404,"date":"2024-07-12T09:50:34","date_gmt":"2024-07-12T12:50:34","guid":{"rendered":"https:\/\/ladir.net\/?post_type=product&#038;p=1404"},"modified":"2025-05-07T19:25:26","modified_gmt":"2025-05-07T22:25:26","slug":"vitamina-k2-120mcg-soropower-melhor-do-brasil","status":"publish","type":"product","link":"https:\/\/kikodobem.com\/?product=vitamina-k2-120mcg-soropower-melhor-do-brasil","title":{"rendered":"VITAMINA K2 120mcg SOROPOWER MELHOR DO BRASIL"},"content":{"rendered":"&nbsp;\r\n\r\n<strong>Vitamina K-2 SOROPOWER 120mcg &#8211; 60 C\u00e1psulas\r\n\r\n<\/strong>\r\n\r\n<strong>Descri\u00e7\u00e3o do Produto:<\/strong>\r\n\r\nA Vitamina K-2 SOROPOWER \u00e9 elaborada com mat\u00e9ria-prima importada dos Estados Unidos, oferecendo 120 mcg de vitamina K-2 na forma de c\u00e1psulas MK-7, a dose exata recomendada pelos Drs. Lair Ribeiro e Dayan Siebra. Este suplemento proporciona in\u00fameros benef\u00edcios, especialmente como um potente agente anti-envelhecimento.\r\n\r\n<strong>Benef\u00edcios da Vitamina K-2:<\/strong>\r\n\r\n<strong>Sa\u00fade \u00d3ssea:<\/strong> A vitamina K-2 \u00e9 fundamental para a forma\u00e7\u00e3o e reparo \u00f3sseo saud\u00e1veis. Ela participa da s\u00edntese da osteocalcina, uma prote\u00edna do tecido \u00f3sseo que ajuda na cristaliza\u00e7\u00e3o do c\u00e1lcio, promovendo ossos mais fortes e saud\u00e1veis.\r\n\r\n<strong>Preven\u00e7\u00e3o de Calcifica\u00e7\u00e3o Vascular:<\/strong> A vitamina K-2 desempenha um papel crucial na inibi\u00e7\u00e3o da calcifica\u00e7\u00e3o dos vasos sangu\u00edneos. Ela ajuda a remover os dep\u00f3sitos de c\u00e1lcio das v\u00e1lvulas do cora\u00e7\u00e3o e outros vasos sangu\u00edneos, onde n\u00e3o s\u00e3o necess\u00e1rios, e direciona o c\u00e1lcio para os ossos, onde \u00e9 mais necess\u00e1rio. Isso pode reduzir o risco de problemas card\u00edacos futuros em at\u00e9 50%.\r\n\r\n<strong>Colabora\u00e7\u00e3o com a Vitamina D-3:<\/strong> A vitamina K-2 trabalha em sinergia com a vitamina D-3 para aumentar os dep\u00f3sitos de c\u00e1lcio nos ossos, melhorando ainda mais a sa\u00fade \u00f3ssea e prevenindo a calcifica\u00e7\u00e3o indesejada dos vasos sangu\u00edneos.\r\n\r\n<strong>Fun\u00e7\u00e3o no Metabolismo:<\/strong> A vitamina K-2 tamb\u00e9m desempenha uma importante fun\u00e7\u00e3o nos intestinos, ajudando a converter a glicose em glicog\u00eanio para armazenamento no f\u00edgado, contribuindo para um metabolismo mais eficiente.\r\n\r\n<strong>Sugest\u00e3o de Uso:<\/strong>\r\n<ul>\r\n \t<li>Tomar 1 a 2 c\u00e1psulas diariamente<\/li>\r\n<\/ul>\r\n&#8220;Estou farto de ver a Ind\u00fastria Farmac\u00eautica dificultar tratamentos eficazes por valorizar os lucros mais do que as vidas.&#8221;\r\n\r\n<strong>BY: &#8220;DR. KIKO DO BEM CANAL SA\u00daDE PERFEITA&#8221;<\/strong>\r\n\r\n&nbsp;\r\n\r\nMuito obrigado pela visita e boas compras!\r\n\r\nAtenciosamente, Jos\u00e9 Francisco Rodrigues (KIKO)\r\n\r\nNossas Empresas: SOROCOCO, LADIR, SOROPOWER e da Farm\u00e1cia de Manipula\u00e7\u00e3o e Formula\u00e7\u00e3o &#8220;PHARMENNI&#8221;\r\n\r\n<strong>NAS REDES SOCIAIS PROCURE SEMPRE: &#8220;KIKO DO BEM&#8221; OU &#8220;DRKIKODOBEM&#8221;\r\n<\/strong>\r\nEncontre-nos no YouTube, Instagram, TikTok, Facebook, Twitter e muito mais.\r\n\r\n&#8220;Se semeamos o BEM, n\u00e3o precisamos nos preocupar com o dia de amanh\u00e3.&#8221;\r\n\r\n<strong>Fontes:<\/strong>\r\n<ul>\r\n \t<li>Doutores Lair Ribeiro, Dayan Siebra e Peter Liu.<\/li>\r\n<\/ul>\r\n<strong>Informa\u00e7\u00f5es de Postagem:<\/strong>\r\n<ul>\r\n \t<li>Prazo para postagem: 1 dia \u00fatil, ap\u00f3s confirma\u00e7\u00e3o do pagamento<\/li>\r\n<\/ul>","protected":false},"excerpt":{"rendered":"<p><strong>Vitamina K-2 SOROPOWER 120mcg &#8211; 60 C\u00e1psulas<\/strong><\/p>\n<p>A Vitamina K-2 SOROPOWER \u00e9 elaborada com mat\u00e9ria-prima importada dos Estados Unidos, oferecendo 120 mcg de vitamina K-2 na forma de c\u00e1psulas MK-7, a dose exata recomendada pelos Drs. Lair Ribeiro e Dayan Siebra. Este suplemento proporciona in\u00fameros benef\u00edcios, especialmente como um potente agente anti-envelhecimento.<\/p>\n<p><strong>Benef\u00edcios da Vitamina K-2:<\/strong><\/p>\n<p><strong>Sa\u00fade \u00d3ssea:<\/strong> A vitamina K-2 \u00e9 fundamental para a forma\u00e7\u00e3o e reparo \u00f3sseo saud\u00e1veis. Ela participa da s\u00edntese da osteocalcina, uma prote\u00edna do tecido \u00f3sseo que ajuda na cristaliza\u00e7\u00e3o do c\u00e1lcio, promovendo ossos mais fortes e saud\u00e1veis.<\/p>\n<p><strong>Preven\u00e7\u00e3o de Calcifica\u00e7\u00e3o Vascular:<\/strong> A vitamina K-2 desempenha um papel crucial na inibi\u00e7\u00e3o da calcifica\u00e7\u00e3o dos vasos sangu\u00edneos. Ela ajuda a remover os dep\u00f3sitos de c\u00e1lcio das v\u00e1lvulas do cora\u00e7\u00e3o e outros vasos sangu\u00edneos, onde n\u00e3o s\u00e3o necess\u00e1rios, e direciona o c\u00e1lcio para os ossos, onde \u00e9 mais necess\u00e1rio. Isso pode reduzir o risco de problemas card\u00edacos futuros em at\u00e9 50%.<\/p>\n<p><strong>Colabora\u00e7\u00e3o com a Vitamina D-3:<\/strong> A vitamina K-2 trabalha em sinergia com a vitamina D-3 para aumentar os dep\u00f3sitos de c\u00e1lcio nos ossos, melhorando ainda mais a sa\u00fade \u00f3ssea e prevenindo a calcifica\u00e7\u00e3o indesejada dos vasos sangu\u00edneos.<\/p>\n<p><strong>Fun\u00e7\u00e3o no Metabolismo:<\/strong> A vitamina K-2 tamb\u00e9m desempenha uma importante fun\u00e7\u00e3o nos intestinos, ajudando a converter a glicose em glicog\u00eanio para armazenamento no f\u00edgado, contribuindo para um metabolismo mais eficiente.<\/p>\n","protected":false},"featured_media":1405,"comment_status":"open","ping_status":"closed","template":"","meta":[],"product_brand":[],"product_cat":[69,670],"product_tag":[545,170,540,541,544,543,542],"class_list":{"0":"post-1404","1":"product","2":"type-product","3":"status-publish","4":"has-post-thumbnail","6":"product_cat-suplementos","7":"product_cat-vitaminas-100-naturais","8":"product_tag-anemia","9":"product_tag-metabolismo","10":"product_tag-ossea","11":"product_tag-osso","12":"product_tag-raios-de-sol","13":"product_tag-sol","14":"product_tag-vascular","16":"first","17":"instock","18":"taxable","19":"shipping-taxable","20":"purchasable","21":"product-type-simple"},"_links":{"self":[{"href":"https:\/\/kikodobem.com\/index.php?rest_route=\/wp\/v2\/product\/1404","targetHints":{"allow":["GET"]}}],"collection":[{"href":"https:\/\/kikodobem.com\/index.php?rest_route=\/wp\/v2\/product"}],"about":[{"href":"https:\/\/kikodobem.com\/index.php?rest_route=\/wp\/v2\/types\/product"}],"replies":[{"embeddable":true,"href":"https:\/\/kikodobem.com\/index.php?rest_route=%2Fwp%2Fv2%2Fcomments&post=1404"}],"wp:featuredmedia":[{"embeddable":true,"href":"https:\/\/kikodobem.com\/index.php?rest_route=\/wp\/v2\/media\/1405"}],"wp:attachment":[{"href":"https:\/\/kikodobem.com\/index.php?rest_route=%2Fwp%2Fv2%2Fmedia&parent=1404"}],"wp:term":[{"taxonomy":"product_brand","embeddable":true,"href":"https:\/\/kikodobem.com\/index.php?rest_route=%2Fwp%2Fv2%2Fproduct_brand&post=1404"},{"taxonomy":"product_cat","embeddable":true,"href":"https:\/\/kikodobem.com\/index.php?rest_route=%2Fwp%2Fv2%2Fproduct_cat&post=1404"},{"taxonomy":"product_tag","embeddable":true,"href":"https:\/\/kikodobem.com\/index.php?rest_route=%2Fwp%2Fv2%2Fproduct_tag&post=1404"}],"curies":[{"name":"wp","href":"https:\/\/api.w.org\/{rel}","templated":true}]}}