{"id":1421,"date":"2024-07-15T17:47:39","date_gmt":"2024-07-15T20:47:39","guid":{"rendered":"https:\/\/ladir.net\/?post_type=product&#038;p=1421"},"modified":"2025-05-07T19:24:57","modified_gmt":"2025-05-07T22:24:57","slug":"stop-vicios-60-capsulas-soropower","status":"publish","type":"product","link":"https:\/\/kikodobem.com\/?product=stop-vicios-60-capsulas-soropower","title":{"rendered":"STOP V\u00cdCIOS 60 C\u00c1PSULAS SOROPOWER"},"content":{"rendered":"<strong>Stop V\u00edcios: Suplemento para Compuls\u00e3o e Ansiedade<\/strong>\r\n\r\nVoc\u00ea sofre de compuls\u00e3o, seja por doces, drogas, bebidas, cigarro ou ansiedade? O Stop V\u00edcios \u00e9 a solu\u00e7\u00e3o que voc\u00ea procura! Este suplemento \u00e9 projetado para ajudar a controlar diferentes tipos de v\u00edcios, incluindo compuls\u00e3o por doces, drogas, bebidas, cigarro e ansiedade. Ele proporciona uma sensa\u00e7\u00e3o de saciedade, reduz a compuls\u00e3o, e auxilia no bem-estar geral.\r\n\r\n<strong>Choc\u00f3latras e Outros Viciados<\/strong>: Pessoas com compuls\u00e3o por doces, drogas, bebidas, cigarro, jogos, internet, masturba\u00e7\u00e3o, entre outros v\u00edcios, se beneficiam do Stop V\u00edcios. Assim como existe o alco\u00f3latra, que \u00e9 viciado em \u00e1lcool, existem pessoas viciadas em chocolate, drogas, ou outras subst\u00e2ncias. Mesmo sabendo dos riscos, muitas n\u00e3o conseguem parar.\r\n\r\n<strong>A F\u00f3rmula para Ansiedade da SOROPOWER &amp; PHARMENNI<\/strong>: Com uma suplementa\u00e7\u00e3o equilibrada, ajuda no controle do impulso de consumir subst\u00e2ncias por ansiedade, melhora o humor, e combate dist\u00farbios do sono. Por exemplo, o chocolate cont\u00e9m cafe\u00edna, uma das maiores causas de ins\u00f4nia atualmente.\r\n\r\nAl\u00e9m disso, \u00e9 uma f\u00f3rmula vegana, que ajuda a reduzir o apetite, diminuir a vontade de consumir subst\u00e2ncias viciantes e auxiliar no processo de recupera\u00e7\u00e3o, se necess\u00e1rio. Tanto pessoas com sobrepeso quanto as com peso normal podem se beneficiar deste maravilhoso suplemento.\r\n\r\n<strong>A\u00e7\u00e3o da F\u00f3rmula Equilibrada PHARMENNI &amp; SOROPOWER<\/strong>: Desenvolvida pelo Dr. Kiko Do Bem, esta f\u00f3rmula reduz a ansiedade, diminui a vontade de consumir subst\u00e2ncias viciantes e, ao mesmo tempo, ajuda a manter um bom humor, de forma vegana e saud\u00e1vel.\r\n\r\n<strong>Ingredientes e Benef\u00edcios<\/strong>:\r\n<ul>\r\n \t<li><strong>Picolinato de Cromo<\/strong>: Essencial para a produ\u00e7\u00e3o de insulina, participa da produ\u00e7\u00e3o de serotonina, ajudando a diminuir a compuls\u00e3o alimentar e a vontade de consumir doces. Auxilia no combate \u00e0 diabetes.<\/li>\r\n \t<li><strong>Garcinia Cambogia<\/strong>: Ajuda a controlar e reduzir o peso corporal, aumenta a queima de gordura e inibe a forma\u00e7\u00e3o de nova gordura. Regula o apetite.<\/li>\r\n \t<li><strong>Triptofano 100% Natural da SOROPOWER<\/strong>: Precursor da serotonina, regula o humor e as emo\u00e7\u00f5es, combate a ansiedade e a depress\u00e3o, proporciona sensa\u00e7\u00e3o de calma e bem-estar.<\/li>\r\n \t<li><strong>Vitamina B12 na Forma de Metilcobalamina<\/strong>: Essencial para a regula\u00e7\u00e3o dos neurotransmissores respons\u00e1veis pela saciedade e bem-estar.<\/li>\r\n \t<li><strong>Sel\u00eanio Quelato<\/strong>: Mant\u00e9m a sa\u00fade, fortalece a imunidade, combate o envelhecimento precoce e previne diversas doen\u00e7as. Controla os horm\u00f4nios da tireoide.<\/li>\r\n<\/ul>\r\n<strong>Stop V\u00edcios: Excelente Redutor de Compuls\u00f5es e Ansiedade<\/strong>\r\n\r\nComposi\u00e7\u00e3o:\r\n<ul>\r\n \t<li>Picolinato de Cromo 350 mcg<\/li>\r\n \t<li>Triptofano 100 mcg<\/li>\r\n \t<li>Vitamina B12 em Metilcobalamina 1000 mcg<\/li>\r\n \t<li>Garcinia 100 mg<\/li>\r\n \t<li>Magn\u00e9sio Taurato (com Taurina) 200 mg<\/li>\r\n \t<li>Zinco 20 mg<\/li>\r\n<\/ul>\r\n<strong>Tratamento<\/strong>:\r\n\r\nPara compuls\u00e3o por subst\u00e2ncias: 1 c\u00e1psula a cada 12 horas nos primeiros 15 dias, depois 1 c\u00e1psula diariamente. Para casos de ansiedade grave (TAG), o tratamento pode durar at\u00e9 6 meses em combina\u00e7\u00e3o com o suplemento TAG STOP.\r\n\r\n<strong>Dica Adicional<\/strong>: Comer um prato m\u00e9dio de lentilhas verdes cozidas diariamente durante o tratamento da compuls\u00e3o.\r\n\r\n<strong>Mensagem Final<\/strong>: &#8220;Se semeamos o bem, n\u00e3o precisamos nos preocupar com o dia de amanh\u00e3. Deus perdoa tudo, mas a colheita \u00e9 obrigat\u00f3ria, pois a vida n\u00e3o perdoa.&#8221; &#8211; G\u00e1latas 6:7\r\n\r\n&nbsp;\r\n\r\n&nbsp;","protected":false},"excerpt":{"rendered":"<p><strong>Stop V\u00edcios: Suplemento para Compuls\u00e3o e Ansiedade<\/strong><\/p>\n<p>Voc\u00ea sofre de compuls\u00e3o, seja por doces, drogas, bebidas, cigarro ou ansiedade? O Stop V\u00edcios \u00e9 a solu\u00e7\u00e3o que voc\u00ea procura! Este suplemento \u00e9 projetado para ajudar a controlar diferentes tipos de v\u00edcios, incluindo compuls\u00e3o por doces, drogas, bebidas, cigarro e ansiedade. Ele proporciona uma sensa\u00e7\u00e3o de saciedade, reduz a compuls\u00e3o, e auxilia no bem-estar geral.<\/p>\n<p><strong>Choc\u00f3latras e Outros Viciados<\/strong>: Pessoas com compuls\u00e3o por doces, drogas, bebidas, cigarro, jogos, internet, masturba\u00e7\u00e3o, entre outros v\u00edcios, se beneficiam do Stop V\u00edcios. Assim como existe o alco\u00f3latra, que \u00e9 viciado em \u00e1lcool, existem pessoas viciadas em chocolate, drogas, ou outras subst\u00e2ncias. Mesmo sabendo dos riscos, muitas n\u00e3o conseguem parar.<\/p>\n<p><strong>A F\u00f3rmula para Ansiedade da SOROPOWER &amp; PHARMENNI<\/strong>: Com uma suplementa\u00e7\u00e3o equilibrada, ajuda no controle do impulso de consumir subst\u00e2ncias por ansiedade, melhora o humor, e combate dist\u00farbios do sono. Por exemplo, o chocolate cont\u00e9m cafe\u00edna, uma das maiores causas de ins\u00f4nia atualmente.<\/p>\n<p>Al\u00e9m disso, \u00e9 uma f\u00f3rmula vegana, que ajuda a reduzir o apetite, diminuir a vontade de consumir subst\u00e2ncias viciantes e auxiliar no processo de recupera\u00e7\u00e3o, se necess\u00e1rio. Tanto pessoas com sobrepeso quanto as com peso normal podem se beneficiar deste maravilhoso suplemento.<\/p>\n<p><strong>A\u00e7\u00e3o da F\u00f3rmula Equilibrada PHARMENNI &amp; SOROPOWER<\/strong>: Desenvolvida pelo Dr. Kiko Do Bem, esta f\u00f3rmula reduz a ansiedade, diminui a vontade de consumir subst\u00e2ncias viciantes e, ao mesmo tempo, ajuda a manter um bom humor, de forma vegana e saud\u00e1vel.<\/p>\n","protected":false},"featured_media":1423,"comment_status":"open","ping_status":"closed","template":"","meta":[],"product_brand":[],"product_cat":[18],"product_tag":[548,551,547,487,552,549,550,546],"class_list":{"0":"post-1421","1":"product","2":"type-product","3":"status-publish","4":"has-post-thumbnail","6":"product_cat-manipulados","7":"product_tag-alcool","8":"product_tag-bebida","9":"product_tag-cigarro","10":"product_tag-doces","11":"product_tag-melhora-o-humor","12":"product_tag-stop","13":"product_tag-stop-doces","14":"product_tag-vicios","16":"first","17":"instock","18":"taxable","19":"shipping-taxable","20":"purchasable","21":"product-type-simple"},"_links":{"self":[{"href":"https:\/\/kikodobem.com\/index.php?rest_route=\/wp\/v2\/product\/1421","targetHints":{"allow":["GET"]}}],"collection":[{"href":"https:\/\/kikodobem.com\/index.php?rest_route=\/wp\/v2\/product"}],"about":[{"href":"https:\/\/kikodobem.com\/index.php?rest_route=\/wp\/v2\/types\/product"}],"replies":[{"embeddable":true,"href":"https:\/\/kikodobem.com\/index.php?rest_route=%2Fwp%2Fv2%2Fcomments&post=1421"}],"wp:featuredmedia":[{"embeddable":true,"href":"https:\/\/kikodobem.com\/index.php?rest_route=\/wp\/v2\/media\/1423"}],"wp:attachment":[{"href":"https:\/\/kikodobem.com\/index.php?rest_route=%2Fwp%2Fv2%2Fmedia&parent=1421"}],"wp:term":[{"taxonomy":"product_brand","embeddable":true,"href":"https:\/\/kikodobem.com\/index.php?rest_route=%2Fwp%2Fv2%2Fproduct_brand&post=1421"},{"taxonomy":"product_cat","embeddable":true,"href":"https:\/\/kikodobem.com\/index.php?rest_route=%2Fwp%2Fv2%2Fproduct_cat&post=1421"},{"taxonomy":"product_tag","embeddable":true,"href":"https:\/\/kikodobem.com\/index.php?rest_route=%2Fwp%2Fv2%2Fproduct_tag&post=1421"}],"curies":[{"name":"wp","href":"https:\/\/api.w.org\/{rel}","templated":true}]}}