{"id":1441,"date":"2024-07-16T17:24:42","date_gmt":"2024-07-16T20:24:42","guid":{"rendered":"https:\/\/ladir.net\/?post_type=product&#038;p=1441"},"modified":"2025-05-07T19:23:48","modified_gmt":"2025-05-07T22:23:48","slug":"tadalafila-15mg-30-caps-materia-prima-importada-dos-estados-unidos","status":"publish","type":"product","link":"https:\/\/kikodobem.com\/?product=tadalafila-15mg-30-caps-materia-prima-importada-dos-estados-unidos","title":{"rendered":"TADALAFILA 15MG 30 C\u00c1PS MAT\u00c9RIA PRIMA IMPORTADA DOS ESTADOS UNIDOS"},"content":{"rendered":"<strong>Tadalafila: O Melhor Tratamento para Disfun\u00e7\u00e3o Er\u00e9til e Melhora da Libido<\/strong>\r\n\r\n<strong>Descri\u00e7\u00e3o do Produto:<\/strong>\r\n<ul>\r\n \t<li><strong>Tadalafila vs. Viagra:<\/strong> A Tadalafila tem se mostrado superior ao Viagra para tratar disfun\u00e7\u00e3o er\u00e9til, proporcionando uma ere\u00e7\u00e3o mais firme e duradoura.<\/li>\r\n \t<li><strong>Indica\u00e7\u00f5es:<\/strong> Excelente para combater a impot\u00eancia sexual em homens e at\u00e9 mesmo melhorar a libido em mulheres.<\/li>\r\n \t<li><strong>Benef\u00edcios Comprovados:<\/strong> Estudos cient\u00edficos dispon\u00edveis no Google Acad\u00eamico confirmam os grandes benef\u00edcios da Tadalafila.<\/li>\r\n<\/ul>\r\n<strong>Principais Benef\u00edcios:<\/strong>\r\n<ol>\r\n \t<li><strong>Tratamento da Disfun\u00e7\u00e3o Er\u00e9til:<\/strong> Ajuda a manter o p\u00eanis totalmente ereto, melhorando a qualidade da ere\u00e7\u00e3o.<\/li>\r\n \t<li><strong>Sa\u00fade Cardiovascular:<\/strong> Nutre a coron\u00e1ria do cora\u00e7\u00e3o, facilitando a passagem do sangue e dilatando as veias do p\u00eanis, o que melhora a circula\u00e7\u00e3o.<\/li>\r\n \t<li><strong>Press\u00e3o Alta e Angina:<\/strong> Eficaz no combate \u00e0 press\u00e3o alta e \u00e0 angina no peito.<\/li>\r\n \t<li><strong>Meia-Vida Maior:<\/strong> A dura\u00e7\u00e3o do efeito da Tadalafila \u00e9 maior comparada ao Viagra.<\/li>\r\n \t<li><strong>Fertilidade e Libido:<\/strong> Melhora a fertilidade em homens e mulheres, al\u00e9m de aumentar a libido.<\/li>\r\n \t<li><strong>Diabetes Tipo 2:<\/strong> Reduz os riscos cardiovasculares em pacientes com diabetes tipo 2.<\/li>\r\n \t<li><strong>Sa\u00fade Mental:<\/strong> Estudos norte-americanos indicam melhora na depress\u00e3o e no humor.<\/li>\r\n \t<li><strong>Absor\u00e7\u00e3o de Suplementos:<\/strong> Facilita a absor\u00e7\u00e3o de suplementos alimentares.<\/li>\r\n \t<li><strong>Lubrifica\u00e7\u00e3o Vaginal:<\/strong> Melhora a lubrifica\u00e7\u00e3o vaginal, beneficiando a sa\u00fade sexual feminina.<\/li>\r\n \t<li><strong>Performance F\u00edsica:<\/strong> Aumenta a resist\u00eancia para exerc\u00edcios f\u00edsicos.<\/li>\r\n \t<li><strong>Ejacula\u00e7\u00e3o Precoce:<\/strong> Auxilia no combate \u00e0 ejacula\u00e7\u00e3o precoce.<\/li>\r\n<\/ol>\r\n<strong>Efeitos Colaterais:<\/strong>\r\n<ul>\r\n \t<li>Poss\u00edveis dores de cabe\u00e7a.<\/li>\r\n \t<li>Poss\u00edveis dores lombares.<\/li>\r\n<\/ul>\r\n<strong>Dosagem Recomendada:<\/strong>\r\n<ul>\r\n \t<li><strong>Disfun\u00e7\u00e3o Er\u00e9til:<\/strong> A dose ideal, conforme indicado por m\u00e9dicos e especialistas, \u00e9 de at\u00e9 15 mg di\u00e1rios. N\u00e3o ultrapassar essa dose.<\/li>\r\n<\/ul>\r\n<strong>Seguran\u00e7a:<\/strong>\r\n<ul>\r\n \t<li><strong>Efic\u00e1cia Comprovada:<\/strong> Cientificamente comprovado que a Tadalafila n\u00e3o traz riscos s\u00e9rios \u00e0 sa\u00fade dos pacientes.<\/li>\r\n<\/ul>\r\n<strong>Mensagem do Dr. Kiko do Bem:<\/strong>\r\n\r\nEstou farto de ver a ind\u00fastria farmac\u00eautica dificultar tratamentos eficazes por valorizar os lucros muito mais do que as vidas. No nosso canal, voc\u00ea encontrar\u00e1 informa\u00e7\u00f5es confi\u00e1veis e produtos de alta qualidade para cuidar da sua sa\u00fade naturalmente.\r\n\r\n<strong>Redes Sociais e Canal de Sa\u00fade:<\/strong>\r\n\r\nSiga-me nas redes sociais e conhe\u00e7a meu canal &#8220;Sa\u00fade Perfeita com Kiko do Bem&#8221; para mais informa\u00e7\u00f5es sobre sa\u00fade e bem-estar. Procure por &#8220;KIKO DO BEM&#8221; ou &#8220;DRKIKODOBEM&#8221; no YouTube, Instagram, TikTok, Facebook, Twitter e outras plataformas.\r\n\r\n<strong>Agradecimento:<\/strong>\r\n\r\nMuito obrigado pela visita e boas compras!\r\n\r\nAtenciosamente,\r\n\r\nJos\u00e9 Francisco Rodrigues (KIKO), Diretor das Empresas: SOROCOCO, LADIR, SOROPOWER, KIKO DO BEM e da Farm\u00e1cia de Manipula\u00e7\u00e3o e Formula\u00e7\u00e3o &#8220;PHARMENNI&#8221;.\r\n\r\n<strong>Mensagem Final:<\/strong>\r\n\r\n&#8220;Se semeamos o BEM, N\u00c3O precisamos nos preocupar com o dia de amanh\u00e3&#8221;.\r\n\r\nDeus perdoa &#8220;TUDO&#8221;, mas tudo que semeamos, a colheita \u00e9 obrigat\u00f3ria, pois a vida N\u00c3O perdoa.\r\n\r\nG\u00e1latas Cap\u00edtulo 6 Vers\u00edculo 7\r\n\r\n<strong>Prazo para Postagem:<\/strong> 1 dia \u00fatil\r\n\r\n<strong>Link para o Canal:<\/strong>\r\n\r\n<a href=\"https:\/\/www.youtube.com\/kikodobem\" target=\"_new\" rel=\"noreferrer noopener\">Sa\u00fade Perfeita com Kiko do Bem<\/a>","protected":false},"excerpt":{"rendered":"<ul>\n<li><strong>Tadalafila vs. Viagra:<\/strong> A Tadalafila tem se mostrado superior ao Viagra para tratar disfun\u00e7\u00e3o er\u00e9til, proporcionando uma ere\u00e7\u00e3o mais firme e duradoura.<\/li>\n<li><strong>Indica\u00e7\u00f5es:<\/strong> Excelente para combater a impot\u00eancia sexual em homens e at\u00e9 mesmo melhorar a libido em mulheres.<\/li>\n<li><strong>Benef\u00edcios Comprovados:<\/strong> Estudos cient\u00edficos dispon\u00edveis no Google Acad\u00eamico confirmam os grandes benef\u00edcios da Tadalafila.<\/li>\n<\/ul>\n<p><strong>Principais Benef\u00edcios:<\/strong><\/p>\n<ol>\n<li><strong>Tratamento da Disfun\u00e7\u00e3o Er\u00e9til:<\/strong> Ajuda a manter o p\u00eanis totalmente ereto, melhorando a qualidade da ere\u00e7\u00e3o.<\/li>\n<li><strong>Sa\u00fade Cardiovascular:<\/strong> Nutre a coron\u00e1ria do cora\u00e7\u00e3o, facilitando a passagem do sangue e dilatando as veias do p\u00eanis, o que melhora a circula\u00e7\u00e3o.<\/li>\n<li><strong>Press\u00e3o Alta e Angina:<\/strong> Eficaz no combate \u00e0 press\u00e3o alta e \u00e0 angina no peito.<\/li>\n<li><strong>Meia-Vida Maior:<\/strong> A dura\u00e7\u00e3o do efeito da Tadalafila \u00e9 maior comparada ao Viagra.<\/li>\n<li><strong>Fertilidade e Libido:<\/strong> Melhora a fertilidade em homens e mulheres, al\u00e9m de aumentar a libido.<\/li>\n<li><strong>Diabetes Tipo 2:<\/strong> Reduz os riscos cardiovasculares em pacientes com diabetes tipo 2.<\/li>\n<li><strong>Sa\u00fade Mental:<\/strong> Estudos norte-americanos indicam melhora na depress\u00e3o e no humor.<\/li>\n<li><strong>Absor\u00e7\u00e3o de Suplementos:<\/strong> Facilita a absor\u00e7\u00e3o de suplementos alimentares.<\/li>\n<li><strong>Lubrifica\u00e7\u00e3o Vaginal:<\/strong> Melhora a lubrifica\u00e7\u00e3o vaginal, beneficiando a sa\u00fade sexual feminina.<\/li>\n<li><strong>Performance F\u00edsica:<\/strong> Aumenta a resist\u00eancia para exerc\u00edcios f\u00edsicos.<\/li>\n<li><strong>Ejacula\u00e7\u00e3o Precoce:<\/strong> Auxilia no combate \u00e0 ejacula\u00e7\u00e3o precoce.<\/li>\n<\/ol>\n","protected":false},"featured_media":1442,"comment_status":"open","ping_status":"closed","template":"","meta":[],"product_brand":[],"product_cat":[18],"product_tag":[554,557,349,152,555,226,556],"class_list":{"0":"post-1441","1":"product","2":"type-product","3":"status-publish","4":"has-post-thumbnail","6":"product_cat-manipulados","7":"product_tag-ejaculacao","8":"product_tag-eretil","9":"product_tag-libido","10":"product_tag-mental","11":"product_tag-precoce","12":"product_tag-saude","13":"product_tag-tesao","15":"first","16":"instock","17":"taxable","18":"shipping-taxable","19":"purchasable","20":"product-type-simple"},"_links":{"self":[{"href":"https:\/\/kikodobem.com\/index.php?rest_route=\/wp\/v2\/product\/1441","targetHints":{"allow":["GET"]}}],"collection":[{"href":"https:\/\/kikodobem.com\/index.php?rest_route=\/wp\/v2\/product"}],"about":[{"href":"https:\/\/kikodobem.com\/index.php?rest_route=\/wp\/v2\/types\/product"}],"replies":[{"embeddable":true,"href":"https:\/\/kikodobem.com\/index.php?rest_route=%2Fwp%2Fv2%2Fcomments&post=1441"}],"wp:featuredmedia":[{"embeddable":true,"href":"https:\/\/kikodobem.com\/index.php?rest_route=\/wp\/v2\/media\/1442"}],"wp:attachment":[{"href":"https:\/\/kikodobem.com\/index.php?rest_route=%2Fwp%2Fv2%2Fmedia&parent=1441"}],"wp:term":[{"taxonomy":"product_brand","embeddable":true,"href":"https:\/\/kikodobem.com\/index.php?rest_route=%2Fwp%2Fv2%2Fproduct_brand&post=1441"},{"taxonomy":"product_cat","embeddable":true,"href":"https:\/\/kikodobem.com\/index.php?rest_route=%2Fwp%2Fv2%2Fproduct_cat&post=1441"},{"taxonomy":"product_tag","embeddable":true,"href":"https:\/\/kikodobem.com\/index.php?rest_route=%2Fwp%2Fv2%2Fproduct_tag&post=1441"}],"curies":[{"name":"wp","href":"https:\/\/api.w.org\/{rel}","templated":true}]}}