{"id":1481,"date":"2024-07-18T09:28:07","date_gmt":"2024-07-18T12:28:07","guid":{"rendered":"https:\/\/ladir.net\/?post_type=product&#038;p=1481"},"modified":"2025-05-07T19:21:58","modified_gmt":"2025-05-07T22:21:58","slug":"taurina-500-mg-sub-lingual-60-capsulas-sub-linguais","status":"publish","type":"product","link":"https:\/\/kikodobem.com\/?product=taurina-500-mg-sub-lingual-60-capsulas-sub-linguais","title":{"rendered":"Taurina 500 MG Sub Lingual 60 C\u00e1psulas Sub-Linguais"},"content":{"rendered":"<iframe loading=\"lazy\" title=\"TAURINA 50 BENEF\u00cdCIOS Voc\u00ea Precisa Suplementar Baixe Gr\u00e1tis Meu Livro Sobre Este \u00d3timo Suplemento\" width=\"500\" height=\"281\" src=\"https:\/\/www.youtube.com\/embed\/QpRMzeZifl8?feature=oembed\" frameborder=\"0\" allow=\"accelerometer; autoplay; clipboard-write; encrypted-media; gyroscope; picture-in-picture; web-share\" referrerpolicy=\"strict-origin-when-cross-origin\" allowfullscreen><\/iframe>\r\n\r\n&nbsp;\r\n\r\n<strong>Taurina 100% Pura em C\u00e1psulas Sub-linguais (Igual nos Estados Unidos)<\/strong>\r\n\r\n<strong>O Melhor Suplemento de Taurina do Brasil<\/strong>\r\n\r\nA taurina \u00e9 um amino\u00e1cido essencial e indispens\u00e1vel para diversas fun\u00e7\u00f5es vitais do organismo. Este suplemento 100% puro oferece a mesma qualidade encontrada nos produtos dos Estados Unidos.\r\n\r\n<strong>Benef\u00edcios da Taurina<\/strong>\r\n<ol>\r\n \t<li><strong>Fortalecimento Muscular:<\/strong> Fortalece todos os m\u00fasculos, incluindo o m\u00fasculo card\u00edaco.<\/li>\r\n \t<li><strong>Combate \u00e0 S\u00edndrome do P\u00e2nico e Ansiedade:<\/strong> Ajuda a diminuir crises de s\u00edndrome do p\u00e2nico e ansiedade.<\/li>\r\n \t<li><strong>Vasodilata\u00e7\u00e3o:<\/strong> Dilata as veias, ajudando a prevenir infartos e AVCs.<\/li>\r\n \t<li><strong>Estabiliza\u00e7\u00e3o de Membranas Celulares:<\/strong> Estabiliza as membranas celulares e protege as c\u00e9lulas cerebrais.<\/li>\r\n \t<li><strong>Prote\u00e7\u00e3o contra Alzheimer:<\/strong> Protege contra a degenera\u00e7\u00e3o induzida pela doen\u00e7a de Alzheimer.<\/li>\r\n \t<li><strong>Est\u00edmulo Card\u00edaco:<\/strong> Estimula o funcionamento do m\u00fasculo card\u00edaco, fortalecendo o cora\u00e7\u00e3o.<\/li>\r\n \t<li><strong>Redu\u00e7\u00e3o de Colesterol:<\/strong> Diminui a s\u00edntese de colesterol.<\/li>\r\n \t<li><strong>Produ\u00e7\u00e3o de \u00d3xido N\u00edtrico:<\/strong> Aumenta a produ\u00e7\u00e3o de \u00f3xido n\u00edtrico, ajudando no controle da press\u00e3o arterial e na pot\u00eancia sexual.<\/li>\r\n \t<li><strong>Fortalecimento do Sistema Imunol\u00f3gico:<\/strong> Estimula o sistema imunol\u00f3gico.<\/li>\r\n \t<li><strong>Controle de Glicose:<\/strong> Ajuda na absor\u00e7\u00e3o de glicose pelas c\u00e9lulas.<\/li>\r\n \t<li><strong>Prote\u00e7\u00e3o Vascular:<\/strong> Neutraliza produtos da glicosila\u00e7\u00e3o (AGEs), prevenindo doen\u00e7as vasculares.<\/li>\r\n \t<li><strong>Detoxifica\u00e7\u00e3o do F\u00edgado:<\/strong> Ajuda o f\u00edgado a destruir subst\u00e2ncias t\u00f3xicas.<\/li>\r\n \t<li><strong>Crescimento Muscular:<\/strong> Aumenta a s\u00edntese proteica muscular e estimula o crescimento muscular.<\/li>\r\n \t<li><strong>Digest\u00e3o de Gorduras:<\/strong> Componente da bile, necess\u00e1ria para a digest\u00e3o de gorduras e absor\u00e7\u00e3o de vitaminas.<\/li>\r\n<\/ol>\r\n<strong>31 Benef\u00edcios Surpreendentes da Taurina<\/strong>\r\n<ol>\r\n \t<li>Antioxidante e regulador da press\u00e3o arterial<\/li>\r\n \t<li>Redu\u00e7\u00e3o da inflama\u00e7\u00e3o<\/li>\r\n \t<li>Combate a infec\u00e7\u00f5es<\/li>\r\n \t<li>Ajuda no combate ao c\u00e2ncer<\/li>\r\n \t<li>Auxilia no tratamento do diabetes<\/li>\r\n \t<li>Protege o cora\u00e7\u00e3o<\/li>\r\n \t<li>Previne hipertens\u00e3o<\/li>\r\n \t<li>Ajuda a prevenir colesterol alto<\/li>\r\n \t<li>Protege o f\u00edgado<\/li>\r\n \t<li>Protege os rins<\/li>\r\n \t<li>Protege os olhos<\/li>\r\n \t<li>Protege os pulm\u00f5es<\/li>\r\n \t<li>Combate a obesidade<\/li>\r\n \t<li>Aumenta o desempenho do exerc\u00edcio<\/li>\r\n \t<li>Trata dist\u00farbios musculares<\/li>\r\n \t<li>Melhora a sa\u00fade \u00f3ssea<\/li>\r\n \t<li>Protege a pele<\/li>\r\n \t<li>Ajuda a tratar fibrose c\u00edstica<\/li>\r\n \t<li>Protege contra derrame<\/li>\r\n \t<li>Ajuda a tratar epilepsia<\/li>\r\n \t<li>Reduz a ansiedade<\/li>\r\n \t<li>Alivia a depress\u00e3o<\/li>\r\n \t<li>Trata a doen\u00e7a de Alzheimer<\/li>\r\n \t<li>Melhora a aprendizagem<\/li>\r\n \t<li>Melhora os sintomas de TDAH<\/li>\r\n \t<li>Trata o autismo<\/li>\r\n \t<li>Trata o zumbido<\/li>\r\n \t<li>Ajuda na abstin\u00eancia de \u00e1lcool<\/li>\r\n \t<li>Importante para a reprodu\u00e7\u00e3o (em machos e f\u00eameas)<\/li>\r\n \t<li>Protege contra hipertireoidismo<\/li>\r\n \t<li>Promove a longevidade<\/li>\r\n<\/ol>\r\n<strong>Sugest\u00e3o de Uso<\/strong>\r\n<ul>\r\n \t<li><strong>Para Preven\u00e7\u00e3o:<\/strong> 1 c\u00e1psula de Taurina 500 mg no per\u00edodo da tarde ou \u00e0 noite.<\/li>\r\n \t<li><strong>Para Tratamento:<\/strong> At\u00e9 3 c\u00e1psulas por dia, sendo 1 ap\u00f3s o caf\u00e9 da manh\u00e3, 1 no per\u00edodo da tarde e 1 antes de dormir. Pode ser usada juntamente com 1 c\u00e1psula de vitamina C e 1 c\u00e1psula de vitamina B-6.<\/li>\r\n<\/ul>\r\n<strong>Sobre N\u00f3s<\/strong>\r\n\r\n<strong>Envio Imediato<\/strong>\r\n\r\nRealizamos at\u00e9 3 coletas di\u00e1rias com os correios. Garantimos que sua compra ser\u00e1 enviada em at\u00e9 1 dia \u00fatil.\r\n\r\n<strong>Agradecemos pela visita e boas compras!<\/strong>\r\n\r\n<strong>Atenciosamente,<\/strong> Jos\u00e9 Francisco Rodrigues (KIKO)\r\nDiretor das Empresas Sorococo, Ladir e Soropower\r\n\r\n<strong>Conhe\u00e7a nosso canal no YouTube:<\/strong> <a href=\"https:\/\/www.youtube.com\/Kikodobem\">Youtube.com\/Kikodobem<\/a>\r\n\r\n<strong>&#8220;Se semeamos o bem, n\u00e3o precisamos nos preocupar com o dia de amanh\u00e3.&#8221;<\/strong>\r\n<strong>G\u00e1latas 6:7<\/strong>","protected":false},"excerpt":{"rendered":"<p><strong>Taurina 100% Pura em C\u00e1psulas Sub-linguais (Igual nos Estados Unidos)<\/strong><\/p>\n<p><strong>O Melhor Suplemento de Taurina do Brasil<\/strong><\/p>\n<p>A taurina \u00e9 um amino\u00e1cido essencial e indispens\u00e1vel para diversas fun\u00e7\u00f5es vitais do organismo. Este suplemento 100% puro oferece a mesma qualidade encontrada nos produtos dos Estados Unidos.<\/p>\n<p><strong>Benef\u00edcios da Taurina<\/strong><\/p>\n<ol>\n<li><strong>Fortalecimento Muscular:<\/strong> Fortalece todos os m\u00fasculos, incluindo o m\u00fasculo card\u00edaco.<\/li>\n<li><strong>Combate \u00e0 S\u00edndrome do P\u00e2nico e Ansiedade:<\/strong> Ajuda a diminuir crises de s\u00edndrome do p\u00e2nico e ansiedade.<\/li>\n<li><strong>Vasodilata\u00e7\u00e3o:<\/strong> Dilata as veias, ajudando a prevenir infartos e AVCs.<\/li>\n<li><strong>Estabiliza\u00e7\u00e3o de Membranas Celulares:<\/strong> Estabiliza as membranas celulares e protege as c\u00e9lulas cerebrais.<\/li>\n<li><strong>Prote\u00e7\u00e3o contra Alzheimer:<\/strong> Protege contra a degenera\u00e7\u00e3o induzida pela doen\u00e7a de Alzheimer.<\/li>\n<li><strong>Est\u00edmulo Card\u00edaco:<\/strong> Estimula o funcionamento do m\u00fasculo card\u00edaco, fortalecendo o cora\u00e7\u00e3o.<\/li>\n<li><strong>Redu\u00e7\u00e3o de Colesterol:<\/strong> Diminui a s\u00edntese de colesterol.<\/li>\n<li><strong>Produ\u00e7\u00e3o de \u00d3xido N\u00edtrico:<\/strong> Aumenta a produ\u00e7\u00e3o de \u00f3xido n\u00edtrico, ajudando no controle da press\u00e3o arterial e na pot\u00eancia sexual.<\/li>\n<li><strong>Fortalecimento do Sistema Imunol\u00f3gico:<\/strong> Estimula o sistema imunol\u00f3gico.<\/li>\n<li><strong>Controle de Glicose:<\/strong> Ajuda na absor\u00e7\u00e3o de glicose pelas c\u00e9lulas.<\/li>\n<li><strong>Prote\u00e7\u00e3o Vascular:<\/strong> Neutraliza produtos da glicosila\u00e7\u00e3o (AGEs), prevenindo doen\u00e7as vasculares.<\/li>\n<li><strong>Detoxifica\u00e7\u00e3o do F\u00edgado:<\/strong> Ajuda o f\u00edgado a destruir subst\u00e2ncias t\u00f3xicas.<\/li>\n<li><strong>Crescimento Muscular:<\/strong> Aumenta a s\u00edntese proteica muscular e estimula o crescimento muscular.<\/li>\n<li><strong>Digest\u00e3o de Gorduras:<\/strong> Componente da bile, necess\u00e1ria para a digest\u00e3o de gorduras e absor\u00e7\u00e3o de vitaminas.<\/li>\n<\/ol>\n<p>&nbsp;<\/p>\n","protected":false},"featured_media":1482,"comment_status":"open","ping_status":"closed","template":"","meta":[],"product_brand":[],"product_cat":[18],"product_tag":[138,243,565,141,19,563,80,372,564],"class_list":{"0":"post-1481","1":"product","2":"type-product","3":"status-publish","4":"has-post-thumbnail","6":"product_cat-manipulados","7":"product_tag-alzheimer","8":"product_tag-ansiedade","9":"product_tag-cardiaco","10":"product_tag-colesterol","11":"product_tag-figado","12":"product_tag-fortalecimento-muscular","13":"product_tag-glicose","14":"product_tag-gorduras","15":"product_tag-vasodilatacao","17":"first","18":"instock","19":"taxable","20":"shipping-taxable","21":"purchasable","22":"product-type-simple"},"_links":{"self":[{"href":"https:\/\/kikodobem.com\/index.php?rest_route=\/wp\/v2\/product\/1481","targetHints":{"allow":["GET"]}}],"collection":[{"href":"https:\/\/kikodobem.com\/index.php?rest_route=\/wp\/v2\/product"}],"about":[{"href":"https:\/\/kikodobem.com\/index.php?rest_route=\/wp\/v2\/types\/product"}],"replies":[{"embeddable":true,"href":"https:\/\/kikodobem.com\/index.php?rest_route=%2Fwp%2Fv2%2Fcomments&post=1481"}],"wp:featuredmedia":[{"embeddable":true,"href":"https:\/\/kikodobem.com\/index.php?rest_route=\/wp\/v2\/media\/1482"}],"wp:attachment":[{"href":"https:\/\/kikodobem.com\/index.php?rest_route=%2Fwp%2Fv2%2Fmedia&parent=1481"}],"wp:term":[{"taxonomy":"product_brand","embeddable":true,"href":"https:\/\/kikodobem.com\/index.php?rest_route=%2Fwp%2Fv2%2Fproduct_brand&post=1481"},{"taxonomy":"product_cat","embeddable":true,"href":"https:\/\/kikodobem.com\/index.php?rest_route=%2Fwp%2Fv2%2Fproduct_cat&post=1481"},{"taxonomy":"product_tag","embeddable":true,"href":"https:\/\/kikodobem.com\/index.php?rest_route=%2Fwp%2Fv2%2Fproduct_tag&post=1481"}],"curies":[{"name":"wp","href":"https:\/\/api.w.org\/{rel}","templated":true}]}}