{"id":1486,"date":"2024-07-18T16:12:30","date_gmt":"2024-07-18T19:12:30","guid":{"rendered":"https:\/\/ladir.net\/?post_type=product&#038;p=1486"},"modified":"2025-05-07T19:21:27","modified_gmt":"2025-05-07T22:21:27","slug":"kit-de-suplementos-para-descalcificacao-das-arterias-soropower","status":"publish","type":"product","link":"https:\/\/kikodobem.com\/?product=kit-de-suplementos-para-descalcificacao-das-arterias-soropower","title":{"rendered":"Kit de Suplementos para Descalcifica\u00e7\u00e3o das Art\u00e9rias SOROPOWER"},"content":{"rendered":"<iframe loading=\"lazy\" title=\"DESMAIOS constantes foi curada com vitamina K2 testemunho feito publicamente pela filha. LINDO !!!\" width=\"500\" height=\"281\" src=\"https:\/\/www.youtube.com\/embed\/eiwYhVKhjYU?feature=oembed\" frameborder=\"0\" allow=\"accelerometer; autoplay; clipboard-write; encrypted-media; gyroscope; picture-in-picture; web-share\" referrerpolicy=\"strict-origin-when-cross-origin\" allowfullscreen><\/iframe>\r\n\r\n&nbsp;\r\n\r\n<strong>Kit de Suplementos para Descalcifica\u00e7\u00e3o das Art\u00e9rias<\/strong>\r\n\r\n<strong>Fortale\u00e7a seu Organismo e Proteja suas Art\u00e9rias<\/strong>\r\n\r\nEste kit foi especialmente desenvolvido para ajudar na descalcifica\u00e7\u00e3o das art\u00e9rias, fortalecendo o organismo sem efeitos colaterais. Aproveite os benef\u00edcios de cada suplemento inclu\u00eddo e melhore sua sa\u00fade de forma natural.\r\n\r\n<strong>Produtos Inclusos no Kit:<\/strong>\r\n<ol>\r\n \t<li><strong>Vitamina K2 &#8211; 60 C\u00e1psulas Sublinguais de 120mcg<\/strong>\r\n<ul>\r\n \t<li>Promove a sa\u00fade \u00f3ssea e cardiovascular<\/li>\r\n \t<li>Auxilia na descalcifica\u00e7\u00e3o das art\u00e9rias<\/li>\r\n \t<li>Melhora a coagula\u00e7\u00e3o sangu\u00ednea<\/li>\r\n<\/ul>\r\n<\/li>\r\n \t<li><strong>Taurina &#8211; 1000mg Sublingual &#8211; 60 C\u00e1psulas<\/strong>\r\n<ul>\r\n \t<li>Fortalece os m\u00fasculos e o cora\u00e7\u00e3o<\/li>\r\n \t<li>Reduz a ansiedade e s\u00edndrome do p\u00e2nico<\/li>\r\n \t<li>Melhora o funcionamento do sistema imunol\u00f3gico<\/li>\r\n<\/ul>\r\n<\/li>\r\n \t<li><strong>\u00d3leo de Semente de Ab\u00f3bora Soropower &#8211; 1400mg &#8211; 60 C\u00e1psulas<\/strong>\r\n<ul>\r\n \t<li>Rico em antioxidantes e \u00e1cidos graxos essenciais<\/li>\r\n \t<li>Promove a sa\u00fade da pr\u00f3stata e do trato urin\u00e1rio<\/li>\r\n \t<li>Suporta a sa\u00fade cardiovascular<\/li>\r\n<\/ul>\r\n<\/li>\r\n \t<li><strong>Magn\u00e9sio Dimalato e Quelado Soropower &#8211; 500mg &#8211; 60 C\u00e1psulas<\/strong>\r\n<ul>\r\n \t<li>Melhora a fun\u00e7\u00e3o muscular e nervosa<\/li>\r\n \t<li>Auxilia na sa\u00fade \u00f3ssea e cardiovascular<\/li>\r\n \t<li>Contribui para a produ\u00e7\u00e3o de energia<\/li>\r\n<\/ul>\r\n<\/li>\r\n<\/ol>\r\n<strong>Sugest\u00e3o de Uso<\/strong>\r\n<ul>\r\n \t<li><strong>Tomar uma dose ao dia de cada produto, antes da refei\u00e7\u00e3o (almo\u00e7o).<\/strong><\/li>\r\n<\/ul>\r\n<strong>Benef\u00edcios dos Suplementos<\/strong>\r\n<ul>\r\n \t<li><strong>Descalcifica\u00e7\u00e3o das Art\u00e9rias:<\/strong> A combina\u00e7\u00e3o de Vitamina K2 e Magn\u00e9sio Dimalato ajuda a remover o c\u00e1lcio das art\u00e9rias, prevenindo a aterosclerose.<\/li>\r\n \t<li><strong>Fortalecimento Muscular e Imunol\u00f3gico:<\/strong> A Taurina fortalece os m\u00fasculos e melhora a resposta imunol\u00f3gica.<\/li>\r\n \t<li><strong>Sa\u00fade Cardiovascular:<\/strong> O \u00d3leo de Semente de Ab\u00f3bora e a Vitamina K2 suportam a sa\u00fade do cora\u00e7\u00e3o e do sistema circulat\u00f3rio.<\/li>\r\n \t<li><strong>Redu\u00e7\u00e3o da Ansiedade e Melhor Sono:<\/strong> A Taurina e o Magn\u00e9sio Dimalato ajudam a reduzir a ansiedade e melhorar a qualidade do sono.<\/li>\r\n<\/ul>\r\n<strong>Envio<\/strong>\r\n<ul>\r\n \t<li><strong>Prazo para postagem: 1 dia \u00fatil.<\/strong><\/li>\r\n \t<li>Os correios fazem 3 coletas por dia em nossas empresas, garantindo rapidez no envio.<\/li>\r\n<\/ul>\r\n<strong>Sobre N\u00f3s<\/strong>\r\n\r\n<strong>&#8220;Estou farto de ver a Ind\u00fastria Farmac\u00eautica dificultar tratamentos eficazes\u2026 por valorizar os lucros muito mais do que as vidas.&#8221;<\/strong> <strong>BY: &#8220;CANAL: SA\u00daDE PERFEITA COM KIKO DO BEM&#8221;.<\/strong>\r\n\r\n<strong>Atenciosamente,<\/strong>\r\n<strong>Jos\u00e9 Francisco Rodrigues (KIKO),<\/strong>\r\nDiretor das Empresas: SOROCOCO, LADIR, SOROPOWER, KIKO DO BEM e da Farm\u00e1cia de Manipula\u00e7\u00e3o e Formula\u00e7\u00e3o &#8220;PHARMENNI&#8221;.\r\n\r\n<strong>Redes Sociais<\/strong>\r\n\r\n<strong>Procure por: &#8220;KIKO DO BEM&#8221; ou &#8220;DRKIKODOBEM&#8221; nas redes sociais.<\/strong>\r\n<strong>Visite nosso canal no YouTube:<\/strong> <a href=\"https:\/\/youtube.com\/KikoDoBem\">YouTube.com\/KikoDoBem<\/a>\r\n\r\n<strong>&#8220;Se semeamos o BEM, n\u00e3o precisamos nos preocupar com o dia de amanh\u00e3.&#8221;<\/strong>\r\n\r\n<strong>G\u00e1latas 6:7<\/strong>\r\n\r\n<strong>&#8220;DEUS perdoa &#8216;TUDO&#8217;, mas, tudo que semeamos, a colheita \u00e9 obrigat\u00f3ria, pois a vida N\u00c3O perdoa.&#8221;<\/strong>\r\n\r\n&nbsp;","protected":false},"excerpt":{"rendered":"<p><strong>Kit de Suplementos para Descalcifica\u00e7\u00e3o das Art\u00e9rias<\/strong><\/p>\n<p><strong>Fortale\u00e7a seu Organismo e Proteja suas Art\u00e9rias<\/strong><\/p>\n<p>Este kit foi especialmente desenvolvido para ajudar na descalcifica\u00e7\u00e3o das art\u00e9rias, fortalecendo o organismo sem efeitos colaterais. Aproveite os benef\u00edcios de cada suplemento inclu\u00eddo e melhore sua sa\u00fade de forma natural.<\/p>\n<p><strong>Produtos Inclusos no Kit:<\/strong><\/p>\n<ol>\n<li><strong>Vitamina K2 &#8211; 60 C\u00e1psulas Sublinguais de 120mcg<\/strong>\n<ul>\n<li>Promove a sa\u00fade \u00f3ssea e cardiovascular<\/li>\n<li>Auxilia na descalcifica\u00e7\u00e3o das art\u00e9rias<\/li>\n<li>Melhora a coagula\u00e7\u00e3o sangu\u00ednea<\/li>\n<\/ul>\n<\/li>\n<li><strong>Taurina &#8211; 1000mg sublingual &#8211; 60 C\u00e1psulas<\/strong>\n<ul>\n<li>Fortalece os m\u00fasculos e o cora\u00e7\u00e3o<\/li>\n<li>Reduz a ansiedade e s\u00edndrome do p\u00e2nico<\/li>\n<li>Melhora o funcionamento do sistema imunol\u00f3gico<\/li>\n<\/ul>\n<\/li>\n<li><strong>\u00d3leo de Semente de Ab\u00f3bora Soropower &#8211; 1400mg &#8211; 60 C\u00e1psulas<\/strong>\n<ul>\n<li>Rico em antioxidantes e \u00e1cidos graxos essenciais<\/li>\n<li>Promove a sa\u00fade da pr\u00f3stata e do trato urin\u00e1rio<\/li>\n<li>Suporta a sa\u00fade cardiovascular<\/li>\n<\/ul>\n<\/li>\n<li><strong>Magn\u00e9sio Dimalato e Quelado Soropower &#8211; 500mg &#8211; 60 C\u00e1psulas<\/strong>\n<ul>\n<li>Melhora a fun\u00e7\u00e3o muscular e nervosa<\/li>\n<li>Auxilia na sa\u00fade \u00f3ssea e cardiovascular<\/li>\n<li>Contribui para a produ\u00e7\u00e3o de energiahttps:\/\/www.youtube.com\/watch?v=eiwYhVKhjYU&amp;embeds_referring_euri=https%3A%2F%2Fadmin.iluria.com%2F&amp;source_ve_path=OTY3MTQ<\/li>\n<\/ul>\n<\/li>\n<\/ol>\n","protected":false},"featured_media":1487,"comment_status":"open","ping_status":"closed","template":"","meta":[],"product_brand":[],"product_cat":[56],"product_tag":[568,243,569,171,284,89,169,567,566],"class_list":{"0":"post-1486","1":"product","2":"type-product","3":"status-publish","4":"has-post-thumbnail","6":"product_cat-kit","7":"product_tag-abobora","8":"product_tag-ansiedade","9":"product_tag-arterias","10":"product_tag-cardiovascular","11":"product_tag-imunologico","12":"product_tag-magnesio","13":"product_tag-muscular","14":"product_tag-taurina","15":"product_tag-vitamina-k2","17":"first","18":"instock","19":"taxable","20":"shipping-taxable","21":"purchasable","22":"product-type-simple"},"_links":{"self":[{"href":"https:\/\/kikodobem.com\/index.php?rest_route=\/wp\/v2\/product\/1486","targetHints":{"allow":["GET"]}}],"collection":[{"href":"https:\/\/kikodobem.com\/index.php?rest_route=\/wp\/v2\/product"}],"about":[{"href":"https:\/\/kikodobem.com\/index.php?rest_route=\/wp\/v2\/types\/product"}],"replies":[{"embeddable":true,"href":"https:\/\/kikodobem.com\/index.php?rest_route=%2Fwp%2Fv2%2Fcomments&post=1486"}],"wp:featuredmedia":[{"embeddable":true,"href":"https:\/\/kikodobem.com\/index.php?rest_route=\/wp\/v2\/media\/1487"}],"wp:attachment":[{"href":"https:\/\/kikodobem.com\/index.php?rest_route=%2Fwp%2Fv2%2Fmedia&parent=1486"}],"wp:term":[{"taxonomy":"product_brand","embeddable":true,"href":"https:\/\/kikodobem.com\/index.php?rest_route=%2Fwp%2Fv2%2Fproduct_brand&post=1486"},{"taxonomy":"product_cat","embeddable":true,"href":"https:\/\/kikodobem.com\/index.php?rest_route=%2Fwp%2Fv2%2Fproduct_cat&post=1486"},{"taxonomy":"product_tag","embeddable":true,"href":"https:\/\/kikodobem.com\/index.php?rest_route=%2Fwp%2Fv2%2Fproduct_tag&post=1486"}],"curies":[{"name":"wp","href":"https:\/\/api.w.org\/{rel}","templated":true}]}}