{"id":1500,"date":"2024-07-22T12:40:27","date_gmt":"2024-07-22T15:40:27","guid":{"rendered":"https:\/\/ladir.net\/?post_type=product&#038;p=1500"},"modified":"2025-05-07T19:20:12","modified_gmt":"2025-05-07T22:20:12","slug":"maracuja-500mg-60-capsulas100-natural-soropower-melhor-do-brasil","status":"publish","type":"product","link":"https:\/\/kikodobem.com\/?product=maracuja-500mg-60-capsulas100-natural-soropower-melhor-do-brasil","title":{"rendered":"MARACUJ\u00c1 500mg 60 C\u00c1PSULAS100% NATURAL &#8211; SOROPOWER &#8211; MELHOR DO BRASIL"},"content":{"rendered":"<iframe loading=\"lazy\" title=\"MARACUJ\u00c1 SOROPOWER 100% NATURAL em C\u00e1psulas  Enzima e Testosterona Pode Ser Usado Com Triptofano\" width=\"500\" height=\"281\" src=\"https:\/\/www.youtube.com\/embed\/iU7hsXMGAwY?feature=oembed\" frameborder=\"0\" allow=\"accelerometer; autoplay; clipboard-write; encrypted-media; gyroscope; picture-in-picture; web-share\" referrerpolicy=\"strict-origin-when-cross-origin\" allowfullscreen><\/iframe>\r\n\r\n&nbsp;\r\n\r\n<strong>Benef\u00edcios Incr\u00edveis do Maracuj\u00e1 100% Natural em C\u00e1psulas da Marca &#8220;SOROPOWER&#8221;<\/strong>\r\n\r\nDescubra os surpreendentes benef\u00edcios do maracuj\u00e1 para a sua sa\u00fade e bem-estar. Nosso maracuj\u00e1 100% natural em c\u00e1psulas \u00e9 especialmente formulado para ajudar a prevenir doen\u00e7as que afetam o sistema nervoso, proporcionando uma vida mais tranquila e equilibrada.\r\n\r\n<strong>Principais Benef\u00edcios do Maracuj\u00e1 SOROPOWER em C\u00e1psulas<\/strong>\r\n\r\n<strong>Propriedades Antioxidantes:<\/strong> Rico em vitamina C, bioflavonoides e alcaloides, o maracuj\u00e1 combate o estresse oxidativo, eliminando radicais livres e reduzindo a inflama\u00e7\u00e3o no corpo.\r\n\r\n<strong>Efeito Calmante:<\/strong> O maracuj\u00e1 \u00e9 um poderoso agente calmante para o sistema nervoso, ajudando a reduzir o estresse, a ansiedade e a melhorar o humor. Ideal para quem sofre de nervosismo, s\u00edndrome do p\u00e2nico e outros dist\u00farbios nervosos.\r\n\r\n<strong>Combate \u00e0 Ansiedade e Depress\u00e3o:<\/strong> Com propriedades ansiol\u00edticas, o maracuj\u00e1 auxilia na redu\u00e7\u00e3o dos sintomas de estresse e ansiedade, promovendo uma sensa\u00e7\u00e3o de bem-estar e relaxamento.\r\n\r\n<strong>Al\u00edvio dos Sintomas Menstruais:<\/strong> As c\u00e1psulas de maracuj\u00e1 s\u00e3o eficazes na redu\u00e7\u00e3o das c\u00f3licas menstruais, minimizando as oscila\u00e7\u00f5es de humor e equilibrando os n\u00edveis hormonais.\r\n\r\n<strong>Melhora do Sono:<\/strong> O maracuj\u00e1 cont\u00e9m harman, um sedativo natural que ajuda a combater a ins\u00f4nia e promove um sono reparador, garantindo noites tranquilas e energizantes.\r\n\r\n<strong>Controle da Hipertens\u00e3o:<\/strong> Rico em gorduras poli-insaturadas e monoinsaturadas, o maracuj\u00e1 ajuda a equilibrar os n\u00edveis de colesterol e a reduzir a press\u00e3o arterial, beneficiando a sa\u00fade cardiovascular.\r\n\r\n<strong>Sobre N\u00f3s<\/strong>\r\n\r\nAssista ao nosso v\u00eddeo sobre os benef\u00edcios deste produto no seu computador, localizado junto \u00e0s fotos acima.\r\n\r\n<strong>Envio Imediato!<\/strong> Realizamos tr\u00eas coletas di\u00e1rias com os correios e transportadoras. Enviamos sua compra no mesmo dia ou em at\u00e9 1 dia \u00fatil. A rapidez no envio \u00e9 nossa prioridade.\r\n\r\n<strong>Quem usa o maracuj\u00e1 da nossa marca &#8220;SOROPOWER&#8221; nunca mais troca por outra!<\/strong>\r\n\r\n<strong>Posologia<\/strong>\r\n\r\nTome 2 c\u00e1psulas 1 ou 2 vezes ao dia.\r\n\r\n<strong>Kiko do Bem<\/strong> <em>&#8220;Estou farto de ver a Ind\u00fastria Farmac\u00eautica dificultar tratamentos eficazes\u2026 por valorizar os lucros muito mais do que as vidas.&#8221;<\/em> BY: CANAL &#8220;SA\u00daDE PERFEITA COM KIKO DO BEM&#8221;.\r\n\r\nMuito obrigado pela visita e boas compras!!\r\n\r\nAtenciosamente,\r\nJos\u00e9 Francisco Rodrigues (KIKO),\r\nDiretor das Empresas: SOROCOCO, LADIR e SOROPOWER.\r\n\r\n&#8220;KIKO DO BEM&#8221;\r\n\r\n<em>&#8220;Se semeamos o BEM, N\u00c3O precisamos nos preocupar com o dia de amanh\u00e3.&#8221;<\/em>\r\nG\u00e1latas Cap\u00edtulo 6 Vers\u00edculo 7\r\n\r\n&nbsp;","protected":false},"excerpt":{"rendered":"<p><strong>Benef\u00edcios Incr\u00edveis do Maracuj\u00e1 100% Natural em C\u00e1psulas da Marca &#8220;SOROPOWER&#8221;<\/strong><\/p>\n<p>Descubra os surpreendentes benef\u00edcios do maracuj\u00e1 para a sua sa\u00fade e bem-estar. Nosso maracuj\u00e1 100% natural em c\u00e1psulas \u00e9 especialmente formulado para ajudar a prevenir doen\u00e7as que afetam o sistema nervoso, proporcionando uma vida mais tranquila e equilibrada.<\/p>\n<p><strong>Principais Benef\u00edcios do Maracuj\u00e1 SOROPOWER em C\u00e1psulas<\/strong><\/p>\n<p><strong>Propriedades Antioxidantes:<\/strong> Rico em vitamina C, bioflavonoides e alcaloides, o maracuj\u00e1 combate o estresse oxidativo, eliminando radicais livres e reduzindo a inflama\u00e7\u00e3o no corpo.<\/p>\n<p><strong>Efeito Calmante:<\/strong> O maracuj\u00e1 \u00e9 um poderoso agente calmante para o sistema nervoso, ajudando a reduzir o estresse, a ansiedade e a melhorar o humor. Ideal para quem sofre de nervosismo, s\u00edndrome do p\u00e2nico e outros dist\u00farbios nervosos.<\/p>\n<p><strong>Combate \u00e0 Ansiedade e Depress\u00e3o:<\/strong> Com propriedades ansiol\u00edticas, o maracuj\u00e1 auxilia na redu\u00e7\u00e3o dos sintomas de estresse e ansiedade, promovendo uma sensa\u00e7\u00e3o de bem-estar e relaxamento.<\/p>\n<p><strong>Al\u00edvio dos Sintomas Menstruais:<\/strong> As c\u00e1psulas de maracuj\u00e1 s\u00e3o eficazes na redu\u00e7\u00e3o das c\u00f3licas menstruais, minimizando as oscila\u00e7\u00f5es de humor e equilibrando os n\u00edveis hormonais.<\/p>\n<p><strong>Melhora do Sono:<\/strong> O maracuj\u00e1 cont\u00e9m harman, um sedativo natural que ajuda a combater a ins\u00f4nia e promove um sono reparador, garantindo noites tranquilas e energizantes.<\/p>\n<p><strong>Controle da Hipertens\u00e3o:<\/strong> Rico em gorduras poli-insaturadas e monoinsaturadas, o maracuj\u00e1 ajuda a equilibrar os n\u00edveis de colesterol e a reduzir a press\u00e3o arterial, beneficiando a sa\u00fade cardiovascular.<\/p>\n","protected":false},"featured_media":1501,"comment_status":"open","ping_status":"closed","template":"","meta":[],"product_brand":[],"product_cat":[18],"product_tag":[243,280,573,156,574,257],"class_list":{"0":"post-1500","1":"product","2":"type-product","3":"status-publish","4":"has-post-thumbnail","6":"product_cat-manipulados","7":"product_tag-ansiedade","8":"product_tag-antioxidantes","9":"product_tag-calmante","10":"product_tag-depressao","11":"product_tag-hipertensao","12":"product_tag-sono","14":"first","15":"instock","16":"taxable","17":"shipping-taxable","18":"purchasable","19":"product-type-simple"},"_links":{"self":[{"href":"https:\/\/kikodobem.com\/index.php?rest_route=\/wp\/v2\/product\/1500","targetHints":{"allow":["GET"]}}],"collection":[{"href":"https:\/\/kikodobem.com\/index.php?rest_route=\/wp\/v2\/product"}],"about":[{"href":"https:\/\/kikodobem.com\/index.php?rest_route=\/wp\/v2\/types\/product"}],"replies":[{"embeddable":true,"href":"https:\/\/kikodobem.com\/index.php?rest_route=%2Fwp%2Fv2%2Fcomments&post=1500"}],"wp:featuredmedia":[{"embeddable":true,"href":"https:\/\/kikodobem.com\/index.php?rest_route=\/wp\/v2\/media\/1501"}],"wp:attachment":[{"href":"https:\/\/kikodobem.com\/index.php?rest_route=%2Fwp%2Fv2%2Fmedia&parent=1500"}],"wp:term":[{"taxonomy":"product_brand","embeddable":true,"href":"https:\/\/kikodobem.com\/index.php?rest_route=%2Fwp%2Fv2%2Fproduct_brand&post=1500"},{"taxonomy":"product_cat","embeddable":true,"href":"https:\/\/kikodobem.com\/index.php?rest_route=%2Fwp%2Fv2%2Fproduct_cat&post=1500"},{"taxonomy":"product_tag","embeddable":true,"href":"https:\/\/kikodobem.com\/index.php?rest_route=%2Fwp%2Fv2%2Fproduct_tag&post=1500"}],"curies":[{"name":"wp","href":"https:\/\/api.w.org\/{rel}","templated":true}]}}