{"id":1522,"date":"2024-07-22T16:32:27","date_gmt":"2024-07-22T19:32:27","guid":{"rendered":"https:\/\/ladir.net\/?post_type=product&#038;p=1522"},"modified":"2025-05-07T19:17:37","modified_gmt":"2025-05-07T22:17:37","slug":"oleo-essencial-de-alecrim-dr-kiko-do-bem","status":"publish","type":"product","link":"https:\/\/kikodobem.com\/?product=oleo-essencial-de-alecrim-dr-kiko-do-bem","title":{"rendered":"\u00d3leo Essencial de Alecrim Dr. Kiko do Bem"},"content":{"rendered":"<strong>\u00a0\u00d3leo Essencial de Alecrim Dr. Kiko do Bem<\/strong>\r\n\r\n&nbsp;\r\n\r\n<strong>Considerado por incont\u00e1veis clientes o melhor do Brasil. 100% puro e 100% natural.<\/strong>\r\n\r\n&nbsp;\r\n\r\nO \u00f3leo essencial de alecrim da marca Dr. Kiko do Bem \u00e9 reconhecido por promover a melhora da circula\u00e7\u00e3o sangu\u00ednea e por suas propriedades analg\u00e9sicas, ajudando no tratamento de c\u00e3ibras, dores musculares e articulares. Al\u00e9m disso, \u00e9 eficaz na elimina\u00e7\u00e3o de toxinas do organismo, sendo excelente para reduzir gorduras localizadas.\r\n\r\n&nbsp;\r\n\r\n<strong>\u00a0Benef\u00edcios e Usos:<\/strong>\r\n\r\n&nbsp;\r\n<ol>\r\n \t<li><strong> Circula\u00e7\u00e3o e Al\u00edvio de Dores:<\/strong><\/li>\r\n<\/ol>\r\n&#8211; Melhora a circula\u00e7\u00e3o sangu\u00ednea.\r\n\r\n&#8211; Alivia c\u00e3ibras, dores musculares e articulares.\r\n\r\n&nbsp;\r\n<ol start=\"2\">\r\n \t<li><strong> Desintoxica\u00e7\u00e3o e Redu\u00e7\u00e3o de Gordura:<\/strong><\/li>\r\n<\/ol>\r\n&#8211; Auxilia na elimina\u00e7\u00e3o de toxinas.\r\n\r\n&#8211; Eficaz na redu\u00e7\u00e3o de gorduras localizadas.\r\n\r\n&nbsp;\r\n<ol start=\"3\">\r\n \t<li><strong> Cuidados com a Pele:<\/strong><\/li>\r\n<\/ol>\r\n&#8211; Dilua em \u00f3leo de coco (preferencialmente das marcas &#8220;Ladir Premium&#8221; ou &#8220;Sorococo&#8221;) e aplique sobre a pele com massagens suaves.\r\n\r\n&#8211; Utilize ap\u00f3s o banho para melhores resultados.\r\n\r\n&nbsp;\r\n<ol start=\"4\">\r\n \t<li><strong> Aromaterapia:<\/strong><\/li>\r\n<\/ol>\r\n&#8211; Coloque 5 gotas para cada 100 ml de \u00e1gua no difusor para ajudar a diminuir a ansiedade e aumentar a clareza mental.\r\n\r\n&#8211; Pode ser usado para combater medos e inseguran\u00e7as do dia a dia.\r\n\r\n&nbsp;\r\n\r\n<strong>\u00a0Contraindica\u00e7\u00f5es:<\/strong>\r\n\r\n<strong>&#8211; N\u00e3o recomendado para hipertensos, pois pode elevar a press\u00e3o arterial.<\/strong>\r\n\r\n<strong>&#8211; Evite o uso em pessoas com epilepsia, gestantes, beb\u00eas e crian\u00e7as.<\/strong>\r\n\r\n&nbsp;\r\n\r\n<strong>\u00a0Informa\u00e7\u00f5es Adicionais:<\/strong>\r\n\r\n<strong>\u00a0<\/strong>\r\n\r\n<strong>Alta Pot\u00eancia:<\/strong>\r\n\r\n&#8211; Uma gota de \u00f3leo essencial Dr. Kiko do Bem equivale a 28 x\u00edcaras de ch\u00e1 da mesma erva.\r\n\r\n&#8211; Nossos \u00f3leos essenciais s\u00e3o 50 a 70 vezes mais potentes que as pr\u00f3prias ervas.\r\n\r\n&nbsp;\r\n\r\n<strong>Qualidade Superior:<\/strong>\r\n\r\n&#8211; Os \u00f3leos essenciais da marca Dr. Kiko do Bem s\u00e3o pur\u00edssimos e majoritariamente compostos por terpenos, tornando-os mais eficazes e vol\u00e1teis.\r\n\r\n&nbsp;\r\n\r\n<strong>Outros Benef\u00edcios:<\/strong>\r\n\r\n&#8211; Energizante natural que restaura a energia e equilibra o humor.\r\n\r\n&#8211; Auxilia nos sintomas da TPM e menopausa.\r\n\r\n&#8211; A\u00e7\u00e3o antioxidante, anti-inflamat\u00f3ria, antimic\u00f3tica, cicatrizante e analg\u00e9sica.\r\n\r\n&#8211; Reduz ansiedade, aumenta a clareza mental, e \u00e9 eficaz no tratamento de pele oleosa ou acn\u00e9ica.\r\n\r\n&#8211; Relaxante muscular e estimulante do crescimento capilar.\r\n\r\n<strong>\u00a0<\/strong>\r\n\r\n<strong>\u00a0Sobre N\u00f3s:<\/strong>\r\n\r\n&nbsp;\r\n\r\nSomos das empresas SOROCOCO, LADIR &amp; SOROPOWER, de propriedade do canal &#8220;Kiko do Bem&#8221; no YouTube. Trabalhamos apenas com mat\u00e9ria-prima importada dos melhores pa\u00edses do mundo, garantindo a qualidade e efic\u00e1cia de nossos produtos.\r\n\r\n&nbsp;\r\n\r\nMuito obrigado pela visita e boas compras!\r\n\r\n&nbsp;\r\n\r\nAtenciosamente,\r\n\r\nJos\u00e9 Francisco Rodrigues (KIKO DO BEM)\r\n\r\nDiretor das Empresas: SOROCOCO, LADIR, SOROPOWER, KIKO DO BEM e Farm\u00e1cia de Manipula\u00e7\u00e3o e Formula\u00e7\u00e3o &#8220;Pharmenni&#8221;.\r\n\r\n&nbsp;\r\n\r\nNas redes sociais, procure sempre por: &#8220;Kiko do Bem&#8221;, Dr. Kiko do Bem ou &#8220;drkikodobem&#8221;. Temos mais de 3.500 v\u00eddeos de dicas de sa\u00fade para voc\u00ea.\r\n\r\n&nbsp;\r\n\r\n&#8220;Se semeamos o BEM, n\u00e3o precisamos nos preocupar com o dia de amanh\u00e3.&#8221; &#8211; G\u00e1latas 6:7\r\n\r\n&nbsp;\r\n\r\nPrazo para postagem: 1 dia \u00fatil","protected":false},"excerpt":{"rendered":"<p>\u00a0\u00d3leo Essencial de Alecrim Dr. Kiko do Bem &nbsp; Considerado por incont\u00e1veis clientes o melhor do Brasil. 100% puro e [&hellip;]<\/p>\n","protected":false},"featured_media":1523,"comment_status":"open","ping_status":"closed","template":"","meta":[],"product_brand":[],"product_cat":[553],"product_tag":[537,584,586,585,581,407,209],"class_list":{"0":"post-1522","1":"product","2":"type-product","3":"status-publish","4":"has-post-thumbnail","6":"product_cat-oleos-essenciais","7":"product_tag-alecrim","8":"product_tag-caibras","9":"product_tag-circulacao-do-sangue","10":"product_tag-dores","11":"product_tag-essencial","12":"product_tag-musculares","13":"product_tag-oleo","15":"first","16":"instock","17":"taxable","18":"shipping-taxable","19":"purchasable","20":"product-type-simple"},"_links":{"self":[{"href":"https:\/\/kikodobem.com\/index.php?rest_route=\/wp\/v2\/product\/1522","targetHints":{"allow":["GET"]}}],"collection":[{"href":"https:\/\/kikodobem.com\/index.php?rest_route=\/wp\/v2\/product"}],"about":[{"href":"https:\/\/kikodobem.com\/index.php?rest_route=\/wp\/v2\/types\/product"}],"replies":[{"embeddable":true,"href":"https:\/\/kikodobem.com\/index.php?rest_route=%2Fwp%2Fv2%2Fcomments&post=1522"}],"wp:featuredmedia":[{"embeddable":true,"href":"https:\/\/kikodobem.com\/index.php?rest_route=\/wp\/v2\/media\/1523"}],"wp:attachment":[{"href":"https:\/\/kikodobem.com\/index.php?rest_route=%2Fwp%2Fv2%2Fmedia&parent=1522"}],"wp:term":[{"taxonomy":"product_brand","embeddable":true,"href":"https:\/\/kikodobem.com\/index.php?rest_route=%2Fwp%2Fv2%2Fproduct_brand&post=1522"},{"taxonomy":"product_cat","embeddable":true,"href":"https:\/\/kikodobem.com\/index.php?rest_route=%2Fwp%2Fv2%2Fproduct_cat&post=1522"},{"taxonomy":"product_tag","embeddable":true,"href":"https:\/\/kikodobem.com\/index.php?rest_route=%2Fwp%2Fv2%2Fproduct_tag&post=1522"}],"curies":[{"name":"wp","href":"https:\/\/api.w.org\/{rel}","templated":true}]}}