{"id":1542,"date":"2024-07-31T12:54:25","date_gmt":"2024-07-31T15:54:25","guid":{"rendered":"https:\/\/ladir.net\/?post_type=product&#038;p=1542"},"modified":"2025-05-07T19:15:43","modified_gmt":"2025-05-07T22:15:43","slug":"prata-coloidal-500-ml-40-ppm-soropower-melhor-antibiotico-natural","status":"publish","type":"product","link":"https:\/\/kikodobem.com\/?product=prata-coloidal-500-ml-40-ppm-soropower-melhor-antibiotico-natural","title":{"rendered":"PRATA COLOIDAL 500 ML 40 PPM SOROPOWER MELHOR ANTIBI\u00d3TICO NATURAL"},"content":{"rendered":"<iframe loading=\"lazy\" title=\"PRATA COLOIDAL 40 PPM O MELHOR ANTIBI\u00d3TICO NATURAL DO MUNDO Aula Imperd\u00edvel doses corretas e muito +\" width=\"500\" height=\"281\" src=\"https:\/\/www.youtube.com\/embed\/IKn1xKGaAWo?start=1&#038;feature=oembed\" frameborder=\"0\" allow=\"accelerometer; autoplay; clipboard-write; encrypted-media; gyroscope; picture-in-picture; web-share\" referrerpolicy=\"strict-origin-when-cross-origin\" allowfullscreen><\/iframe>\r\n\r\n&nbsp;\r\n\r\n<strong>Descubra o Poder da Prata Coloidal SOROPOWER \u2013 O Melhor Antibi\u00f3tico Natural do Mundo!<\/strong>\r\n\r\nA Prata Coloidal Verdadeira da SOROPOWER \u00e9 um suplemento mineral revolucion\u00e1rio, reconhecido como o antibi\u00f3tico natural mais eficaz dispon\u00edvel. Ao longo dos s\u00e9culos, a prata tem sido utilizada por suas incr\u00edveis propriedades de cura e combate a doen\u00e7as. Agora, com a tecnologia moderna, voc\u00ea pode usufruir de todos os benef\u00edcios da Prata Coloidal em sua forma mais pura e potente.\r\n\r\n<strong>Por que Escolher a Prata Coloidal SOROPOWER?<\/strong>\r\n<ul>\r\n \t<li><strong>Antibi\u00f3tico Natural de Alta Efic\u00e1cia:<\/strong> A Prata Coloidal destr\u00f3i uma ampla gama de infec\u00e7\u00f5es causadas por v\u00edrus, bact\u00e9rias e fungos, oferecendo uma alternativa natural e segura aos antibi\u00f3ticos sint\u00e9ticos.<\/li>\r\n \t<li><strong>Suplemento Mineral Seguro e Eficaz:<\/strong> Totalmente isento de registro na ANVISA, conforme a Resolu\u00e7\u00e3o RDC N\u00ba 27, de 6 de agosto de 2010, a Prata Coloidal SOROPOWER \u00e9 segura para uso di\u00e1rio, ajudando a fortalecer seu sistema imunol\u00f3gico.<\/li>\r\n \t<li><strong>Prote\u00e7\u00e3o Contra Pat\u00f3genos:<\/strong> Estudos demonstram que a Prata Coloidal \u00e9 capaz de eliminar mais de 650 tipos de pat\u00f3genos, sem permitir o desenvolvimento de resist\u00eancia, ao contr\u00e1rio dos antibi\u00f3ticos convencionais.<\/li>\r\n \t<li><strong>Tecnologia Coloidal Avan\u00e7ada:<\/strong> O termo &#8220;coloidal&#8221; refere-se a part\u00edculas ultra finas de prata que permanecem em suspens\u00e3o, permitindo uma a\u00e7\u00e3o eficaz contra microrganismos enquanto \u00e9 inofensiva para o corpo humano.<\/li>\r\n<\/ul>\r\n<strong>A Prata Coloidal \u00e9 Uma Subst\u00e2ncia Nova?<\/strong>\r\n\r\nEmbora possa parecer nova para alguns, a Prata Coloidal tem uma longa hist\u00f3ria de uso medicinal. Desde os tempos de Hip\u00f3crates, passando pelo Dr. Henry Crooks no in\u00edcio do s\u00e9culo 20, at\u00e9 as pesquisas modernas, a prata tem sido reconhecida por sua capacidade de combater infec\u00e7\u00f5es e promover a cura sem efeitos colaterais nocivos.\r\n\r\n<strong>Por Que a Prata Coloidal SOROPOWER \u00e9 \u00danica?<\/strong>\r\n\r\nAp\u00f3s d\u00e9cadas de desuso devido ao surgimento dos antibi\u00f3ticos sint\u00e9ticos, a Prata Coloidal voltou a ser valorizada por sua efic\u00e1cia. Pesquisas da Washington University confirmaram que nenhum pat\u00f3geno pode sobreviver na presen\u00e7a da Prata Coloidal, tornando-a essencial para quem busca uma defesa natural contra doen\u00e7as.\r\n\r\n<strong>Aplica\u00e7\u00f5es M\u00e9dicas da Prata Coloidal:<\/strong>\r\n<ul>\r\n \t<li><strong>Tratamento de Infec\u00e7\u00f5es:<\/strong> Desde acne, gripes, resfriados, at\u00e9 infec\u00e7\u00f5es graves como pneumonia e meningite, a Prata Coloidal tem se mostrado eficaz no combate a uma vasta gama de doen\u00e7as.<\/li>\r\n \t<li><strong>Preven\u00e7\u00e3o de Doen\u00e7as Virais:<\/strong> Estudos indicam que a Prata Coloidal pode ser eficaz contra v\u00edrus como o HIV e o v\u00edrus da hepatite B. Recentemente, sua a\u00e7\u00e3o contra o v\u00edrus H1N1 (Influenza) foi confirmada, mostrando-se uma poderosa ferramenta preventiva.<\/li>\r\n<\/ul>\r\n<strong>Seguran\u00e7a e Qualidade Garantidas:<\/strong>\r\n\r\nNa SOROPOWER, garantimos a mais alta qualidade em nossos produtos. A Prata Coloidal que oferecemos \u00e9 produzida com o m\u00e1ximo cuidado, utilizando tecnologia avan\u00e7ada para garantir part\u00edculas coloidais perfeitas, prontas para oferecer os melhores resultados em sa\u00fade.\r\n\r\n<strong>Sobre N\u00f3s:<\/strong>\r\n\r\nSou Jos\u00e9 Francisco Rodrigues, tamb\u00e9m conhecido como Kiko do Bem, diretor das empresas SOROCOCO, LADIR e SOROPOWER. Com mais de 20 anos de experi\u00eancia em sa\u00fade e preven\u00e7\u00e3o, oferecemos produtos de alta qualidade com ingredientes selecionados. Nosso compromisso \u00e9 com sua sa\u00fade e bem-estar.\r\n\r\n<strong>Assista Nosso V\u00eddeo Explicativo:<\/strong>\r\n\r\nN\u00e3o deixe de assistir ao v\u00eddeo neste an\u00fancio, onde explico todos os detalhes e benef\u00edcios da Prata Coloidal SOROPOWER. Basta acessar no seu computador, est\u00e1 logo acima, junto \u00e0s fotos do produto.\r\n\r\n<strong>Envio Imediato e Garantia de Satisfa\u00e7\u00e3o:<\/strong>\r\n\r\nEnviamos seu pedido em at\u00e9 1 dia \u00fatil, com a garantia de que voc\u00ea estar\u00e1 recebendo um produto aut\u00eantico e de alta qualidade. N\u00e3o se deixe enganar por pre\u00e7os baixos, confie na Prata Coloidal SOROPOWER para obter resultados reais.\r\n\r\n<strong>Adquira j\u00e1 a sua Prata Coloidal SOROPOWER e fortale\u00e7a sua sa\u00fade com o melhor da natureza!<\/strong>\r\n\r\n<strong>Sa\u00fade perfeita com Kiko do Bem \u2013 A Caminho de 100.000 Inscritos!<\/strong>\r\n\r\nG\u00e1latas Cap\u00edtulo 6 Vers\u00edculo 7: &#8220;Se semeamos o BEM, N\u00c3O precisamos nos preocupar com o dia de amanh\u00e3&#8221;.\r\n\r\nMuito obrigado pela visita e boas compras!","protected":false},"excerpt":{"rendered":"<p><strong>Descubra o Poder da Prata Coloidal SOROPOWER \u2013 O Melhor Antibi\u00f3tico Natural do Mundo!<\/strong><\/p>\n<p>A Prata Coloidal Verdadeira da SOROPOWER \u00e9 um suplemento mineral revolucion\u00e1rio, reconhecido como o antibi\u00f3tico natural mais eficaz dispon\u00edvel. Ao longo dos s\u00e9culos, a prata tem sido utilizada por suas incr\u00edveis propriedades de cura e combate a doen\u00e7as. Agora, com a tecnologia moderna, voc\u00ea pode usufruir de todos os benef\u00edcios da Prata Coloidal em sua forma mais pura e potente.<\/p>\n<p><strong>Por que Escolher a Prata Coloidal SOROPOWER?<\/strong><\/p>\n<ul>\n<li><strong>Antibi\u00f3tico Natural de Alta Efic\u00e1cia:<\/strong> A Prata Coloidal destr\u00f3i uma ampla gama de infec\u00e7\u00f5es causadas por v\u00edrus, bact\u00e9rias e fungos, oferecendo uma alternativa natural e segura aos antibi\u00f3ticos sint\u00e9ticos.<\/li>\n<li><strong>Suplemento Mineral Seguro e Eficaz:<\/strong> Totalmente isento de registro na ANVISA, conforme a Resolu\u00e7\u00e3o RDC N\u00ba 27, de 6 de agosto de 2010, a Prata Coloidal SOROPOWER \u00e9 segura para uso di\u00e1rio, ajudando a fortalecer seu sistema imunol\u00f3gico.<\/li>\n<li><strong>Prote\u00e7\u00e3o Contra Pat\u00f3genos:<\/strong> Estudos demonstram que a Prata Coloidal \u00e9 capaz de eliminar mais de 650 tipos de pat\u00f3genos, sem permitir o desenvolvimento de resist\u00eancia, ao contr\u00e1rio dos antibi\u00f3ticos convencionais.<\/li>\n<li><strong>Tecnologia Coloidal Avan\u00e7ada:<\/strong> O termo &#8220;coloidal&#8221; refere-se a part\u00edculas ultra finas de prata que permanecem em suspens\u00e3o, permitindo uma a\u00e7\u00e3o eficaz contra microrganismos enquanto \u00e9 inofensiva para o corpo humano.<\/li>\n<\/ul>\n<p><strong>A Prata Coloidal \u00e9 Uma Subst\u00e2ncia Nova?<\/strong><\/p>\n<p>Embora possa parecer nova para alguns, a Prata Coloidal tem uma longa hist\u00f3ria de uso medicinal. Desde os tempos de Hip\u00f3crates, passando pelo Dr. Henry Crooks no in\u00edcio do s\u00e9culo 20, at\u00e9 as pesquisas modernas, a prata tem sido reconhecida por sua capacidade de combater infec\u00e7\u00f5es e promover a cura sem efeitos colaterais nocivos.<\/p>\n<p><strong>Por Que a Prata Coloidal SOROPOWER \u00e9 \u00danica?<\/strong><\/p>\n<p>Ap\u00f3s d\u00e9cadas de desuso devido ao surgimento dos antibi\u00f3ticos sint\u00e9ticos, a Prata Coloidal voltou a ser valorizada por sua efic\u00e1cia. Pesquisas da Washington University confirmaram que nenhum pat\u00f3geno pode sobreviver na presen\u00e7a da Prata Coloidal, tornando-a essencial para quem busca uma defesa natural contra doen\u00e7as.<\/p>\n<p>&nbsp;<\/p>\n<p>&nbsp;<\/p>\n","protected":false},"featured_media":1543,"comment_status":"open","ping_status":"closed","template":"","meta":[],"product_brand":[],"product_cat":[69],"product_tag":[595,597,472,397,596,286,413],"class_list":{"0":"post-1542","1":"product","2":"type-product","3":"status-publish","4":"has-post-thumbnail","6":"product_cat-suplementos","7":"product_tag-antibiotico","8":"product_tag-defesa-natural","9":"product_tag-doencas","10":"product_tag-inflamacao","11":"product_tag-patogenos","12":"product_tag-prata-coloidal","13":"product_tag-prostata","15":"first","16":"instock","17":"taxable","18":"shipping-taxable","19":"purchasable","20":"product-type-simple"},"_links":{"self":[{"href":"https:\/\/kikodobem.com\/index.php?rest_route=\/wp\/v2\/product\/1542","targetHints":{"allow":["GET"]}}],"collection":[{"href":"https:\/\/kikodobem.com\/index.php?rest_route=\/wp\/v2\/product"}],"about":[{"href":"https:\/\/kikodobem.com\/index.php?rest_route=\/wp\/v2\/types\/product"}],"replies":[{"embeddable":true,"href":"https:\/\/kikodobem.com\/index.php?rest_route=%2Fwp%2Fv2%2Fcomments&post=1542"}],"wp:featuredmedia":[{"embeddable":true,"href":"https:\/\/kikodobem.com\/index.php?rest_route=\/wp\/v2\/media\/1543"}],"wp:attachment":[{"href":"https:\/\/kikodobem.com\/index.php?rest_route=%2Fwp%2Fv2%2Fmedia&parent=1542"}],"wp:term":[{"taxonomy":"product_brand","embeddable":true,"href":"https:\/\/kikodobem.com\/index.php?rest_route=%2Fwp%2Fv2%2Fproduct_brand&post=1542"},{"taxonomy":"product_cat","embeddable":true,"href":"https:\/\/kikodobem.com\/index.php?rest_route=%2Fwp%2Fv2%2Fproduct_cat&post=1542"},{"taxonomy":"product_tag","embeddable":true,"href":"https:\/\/kikodobem.com\/index.php?rest_route=%2Fwp%2Fv2%2Fproduct_tag&post=1542"}],"curies":[{"name":"wp","href":"https:\/\/api.w.org\/{rel}","templated":true}]}}