{"id":1615,"date":"2024-08-09T10:58:10","date_gmt":"2024-08-09T13:58:10","guid":{"rendered":"https:\/\/ladir.net\/?post_type=product&#038;p=1615"},"modified":"2025-05-07T19:11:06","modified_gmt":"2025-05-07T22:11:06","slug":"ginkgo-biloba150mg-60-capsulas-soropower-melhor-saude-mental","status":"publish","type":"product","link":"https:\/\/kikodobem.com\/?product=ginkgo-biloba150mg-60-capsulas-soropower-melhor-saude-mental","title":{"rendered":"GINKGO BILOBA150MG 60 C\u00c1PSULAS SOROPOWER MELHOR SA\u00daDE MENTAL"},"content":{"rendered":"<strong>Ginkgo Biloba da Soropower<\/strong>\r\n\r\n<strong>Rico em Flavonoides e Terpenoides<\/strong>\r\n\r\nO Ginkgo Biloba da Soropower \u00e9 uma poderosa fonte de flavonoides e terpenoides, compostos que conferem a esta planta uma forte a\u00e7\u00e3o anti-inflamat\u00f3ria e antioxidante. Esses benef\u00edcios ajudam a proteger as c\u00e9lulas contra os danos causados pelos radicais livres, promovendo a sa\u00fade geral.\r\n\r\n<strong>Benef\u00edcios para a Sa\u00fade<\/strong>\r\n<ul>\r\n \t<li><strong>Melhora do Fluxo Sangu\u00edneo:<\/strong> O Ginkgo Biloba \u00e9 conhecido por melhorar o fluxo sangu\u00edneo arterial, cerebral e perif\u00e9rico. Isso resulta em um aumento na oferta de oxig\u00eanio para as c\u00e9lulas, o que \u00e9 essencial para proteger os tecidos dos danos causados pela hip\u00f3xia (falta de oxig\u00eanio).<\/li>\r\n \t<li><strong>Estimula\u00e7\u00e3o Cerebral:<\/strong> Gra\u00e7as \u00e0 sua a\u00e7\u00e3o sobre a circula\u00e7\u00e3o cerebral, o Ginkgo Biloba \u00e9 considerado um elixir natural para a sa\u00fade mental, ajudando na fun\u00e7\u00e3o cognitiva e na mem\u00f3ria.<\/li>\r\n \t<li><strong>Controle da Press\u00e3o Arterial:<\/strong> O Ginkgo Biloba tamb\u00e9m estimula a produ\u00e7\u00e3o de \u00f3xido n\u00edtrico, um composto com a\u00e7\u00e3o vasodilatadora que ajuda a regular a press\u00e3o arterial, sendo ben\u00e9fico para quem sofre de hipertens\u00e3o.<\/li>\r\n \t<li><strong>Redu\u00e7\u00e3o de Riscos Cardiovasculares:<\/strong> Ao evitar a agrega\u00e7\u00e3o intensa das plaquetas, o Ginkgo Biloba reduz os riscos de desenvolvimento de doen\u00e7as cardiovasculares, como tromboses e acidentes vasculares cerebrais (AVC).<\/li>\r\n<\/ul>\r\n<strong>Sugest\u00e3o de Uso<\/strong>\r\n\r\nRecomenda-se tomar 1 a 2 c\u00e1psulas diariamente para obter todos os benef\u00edcios do Ginkgo Biloba.\r\n\r\n<strong>Mensagem Final:<\/strong>\r\n\r\nEstou farto de ver a Ind\u00fastria Farmac\u00eautica dificultar tratamentos eficazes\u2026 por valorizar os lucros muito mais do que as vidas. <strong>BY: Canal: Dr. Kiko do Bem &#8211; Canal Sa\u00fade Perfeita<\/strong>.\r\n\r\nMuito obrigado pela visita e boas compras!!\r\n\r\n<strong>Atenciosamente,<\/strong>\r\n<strong>Jos\u00e9 Francisco Rodrigues (Kiko)<\/strong>\r\nDiretor das Empresas: SOROCOCO, LADIR, SOROPOWER, e da Farm\u00e1cia de Manipula\u00e7\u00e3o e Formula\u00e7\u00e3o &#8220;PHARMENNI&#8221;.\r\n\r\n<strong>Nas Redes Sociais:<\/strong>\r\nProcure por &#8220;Kiko do Bem&#8221; ou &#8220;DRKIKODOBEM&#8221; no YouTube, Instagram, TikTok, Facebook, Twitter e muito mais.\r\n\r\n<strong>&#8220;Se semeamos o BEM, N\u00c3O precisamos nos preocupar com o dia de amanh\u00e3.&#8221;<\/strong>\r\n<strong>&#8220;\u00c9 por isso que quem planta vento colhe tempestade&#8230; Seja &#8216;SEMPRE&#8217; do BEM.&#8221;<\/strong>\r\n\r\nG\u00e1latas Cap\u00edtulo 6 Vers\u00edculo 7","protected":false},"excerpt":{"rendered":"<p><strong>Ginkgo Biloba da Soropower<\/strong><\/p>\n<p><strong>Rico em Flavonoides e Terpenoides<\/strong><\/p>\n<p>O Ginkgo Biloba da Soropower \u00e9 uma poderosa fonte de flavonoides e terpenoides, compostos que conferem a esta planta uma forte a\u00e7\u00e3o anti-inflamat\u00f3ria e antioxidante. Esses benef\u00edcios ajudam a proteger as c\u00e9lulas contra os danos causados pelos radicais livres, promovendo a sa\u00fade geral.<\/p>\n<p><strong>Benef\u00edcios para a Sa\u00fade<\/strong><\/p>\n<ul>\n<li><strong>Melhora do Fluxo Sangu\u00edneo:<\/strong> O Ginkgo Biloba \u00e9 conhecido por melhorar o fluxo sangu\u00edneo arterial, cerebral e perif\u00e9rico. Isso resulta em um aumento na oferta de oxig\u00eanio para as c\u00e9lulas, o que \u00e9 essencial para proteger os tecidos dos danos causados pela hip\u00f3xia (falta de oxig\u00eanio).<\/li>\n<li><strong>Estimula\u00e7\u00e3o Cerebral:<\/strong> Gra\u00e7as \u00e0 sua a\u00e7\u00e3o sobre a circula\u00e7\u00e3o cerebral, o Ginkgo Biloba \u00e9 considerado um elixir natural para a sa\u00fade mental, ajudando na fun\u00e7\u00e3o cognitiva e na mem\u00f3ria.<\/li>\n<li><strong>Controle da Press\u00e3o Arterial:<\/strong> O Ginkgo Biloba tamb\u00e9m estimula a produ\u00e7\u00e3o de \u00f3xido n\u00edtrico, um composto com a\u00e7\u00e3o vasodilatadora que ajuda a regular a press\u00e3o arterial, sendo ben\u00e9fico para quem sofre de hipertens\u00e3o.<\/li>\n<li><strong>Redu\u00e7\u00e3o de Riscos Cardiovasculares:<\/strong> Ao evitar a agrega\u00e7\u00e3o intensa das plaquetas, o Ginkgo Biloba reduz os riscos de desenvolvimento de doen\u00e7as cardiovasculares, como tromboses e acidentes vasculares cerebrais (AVC).<\/li>\n<\/ul>\n","protected":false},"featured_media":1621,"comment_status":"open","ping_status":"closed","template":"","meta":[],"product_brand":[],"product_cat":[18],"product_tag":[642,142,173,594,644,643,647,646,273,645],"class_list":{"0":"post-1615","1":"product","2":"type-product","3":"status-publish","4":"has-post-thumbnail","6":"product_cat-manipulados","7":"product_tag-acao-anti-inflamatoria","8":"product_tag-anti-inflamatoria","9":"product_tag-antioxidante","10":"product_tag-avc","11":"product_tag-estimulacao-cerebral","12":"product_tag-fluxo-sanguineo","13":"product_tag-oencas-cardiovasculares","14":"product_tag-plaquetas","15":"product_tag-pressao-arterial","16":"product_tag-riscos-cardiovasculares","18":"first","19":"instock","20":"taxable","21":"shipping-taxable","22":"purchasable","23":"product-type-simple"},"_links":{"self":[{"href":"https:\/\/kikodobem.com\/index.php?rest_route=\/wp\/v2\/product\/1615","targetHints":{"allow":["GET"]}}],"collection":[{"href":"https:\/\/kikodobem.com\/index.php?rest_route=\/wp\/v2\/product"}],"about":[{"href":"https:\/\/kikodobem.com\/index.php?rest_route=\/wp\/v2\/types\/product"}],"replies":[{"embeddable":true,"href":"https:\/\/kikodobem.com\/index.php?rest_route=%2Fwp%2Fv2%2Fcomments&post=1615"}],"wp:featuredmedia":[{"embeddable":true,"href":"https:\/\/kikodobem.com\/index.php?rest_route=\/wp\/v2\/media\/1621"}],"wp:attachment":[{"href":"https:\/\/kikodobem.com\/index.php?rest_route=%2Fwp%2Fv2%2Fmedia&parent=1615"}],"wp:term":[{"taxonomy":"product_brand","embeddable":true,"href":"https:\/\/kikodobem.com\/index.php?rest_route=%2Fwp%2Fv2%2Fproduct_brand&post=1615"},{"taxonomy":"product_cat","embeddable":true,"href":"https:\/\/kikodobem.com\/index.php?rest_route=%2Fwp%2Fv2%2Fproduct_cat&post=1615"},{"taxonomy":"product_tag","embeddable":true,"href":"https:\/\/kikodobem.com\/index.php?rest_route=%2Fwp%2Fv2%2Fproduct_tag&post=1615"}],"curies":[{"name":"wp","href":"https:\/\/api.w.org\/{rel}","templated":true}]}}