{"id":1653,"date":"2024-08-09T17:57:44","date_gmt":"2024-08-09T20:57:44","guid":{"rendered":"https:\/\/ladir.net\/?post_type=product&#038;p=1653"},"modified":"2025-05-07T19:09:46","modified_gmt":"2025-05-07T22:09:46","slug":"pqq-10mg-soropower","status":"publish","type":"product","link":"https:\/\/kikodobem.com\/?product=pqq-10mg-soropower","title":{"rendered":"PQQ 10mg &#8211; Pirrolo Quinolina Quinona 10mg  &#8211; SOROPOWER"},"content":{"rendered":"<iframe loading=\"lazy\" title=\"PQQ PIRROLO QUINOLINA QUINONA Imunidade alta - cabelos energia vitalidade. Voc\u00ea precisa suplementar\" width=\"500\" height=\"281\" src=\"https:\/\/www.youtube.com\/embed\/dvsprNOM_Lg?feature=oembed\" frameborder=\"0\" allow=\"accelerometer; autoplay; clipboard-write; encrypted-media; gyroscope; picture-in-picture; web-share\" referrerpolicy=\"strict-origin-when-cross-origin\" allowfullscreen><\/iframe>\r\n\r\n&nbsp;\r\n\r\n<strong>PQQ (Pirrolo Quinolina Quinona) &#8211; Suplemento Nutricional<\/strong>\r\n\r\n<strong>Descri\u00e7\u00e3o e Benef\u00edcios:<\/strong>\r\n\r\nO <strong>PQQ (Pirrolo Quinolina Quinona)<\/strong> \u00e9 um nutriente essencial, conhecido como uma nova vitamina do complexo B. Este composto \u00e9 altamente valorizado por seu poderoso efeito antioxidante, sendo 100 vezes mais potente que a vitamina C. O PQQ n\u00e3o \u00e9 produzido naturalmente em quantidades suficientes pelo organismo, tornando a suplementa\u00e7\u00e3o necess\u00e1ria para aproveitar seus benef\u00edcios.\r\n\r\n<strong>Principais Indica\u00e7\u00f5es e Benef\u00edcios:<\/strong>\r\n<ul>\r\n \t<li><strong>Diminui\u00e7\u00e3o de Cabelos Brancos:<\/strong> Contribui para a prote\u00e7\u00e3o e sa\u00fade dos cabelos, ajudando a retardar o embranquecimento.<\/li>\r\n \t<li><strong>Combate ao Envelhecimento Celular:<\/strong> Atua como um potente antioxidante, combatendo o estresse oxidativo e prevenindo o envelhecimento precoce das c\u00e9lulas.<\/li>\r\n \t<li><strong>Prote\u00e7\u00e3o do Cabelo:<\/strong> Ajuda a proteger os fios contra o embranquecimento precoce.<\/li>\r\n \t<li><strong>Promo\u00e7\u00e3o da Forma\u00e7\u00e3o de Novas Mitoc\u00f4ndrias:<\/strong> Estimula a biog\u00eanese mitocondrial, aumentando a produ\u00e7\u00e3o de novas mitoc\u00f4ndrias saud\u00e1veis, essenciais para a sa\u00fade celular.<\/li>\r\n \t<li><strong>Suporte Mental e Cognitivo:<\/strong> Melhora fun\u00e7\u00f5es cognitivas, incluindo mem\u00f3ria e concentra\u00e7\u00e3o, revertendo os efeitos do estresse oxidativo na fun\u00e7\u00e3o cerebral.<\/li>\r\n \t<li><strong>Aumento dos N\u00edveis de Energia:<\/strong> Melhora a fun\u00e7\u00e3o mitocondrial, essencial para o aumento dos n\u00edveis de energia celular.<\/li>\r\n \t<li><strong>Atividade Neuroprotetora:<\/strong> Protege os neur\u00f4nios, prevenindo danos e fragmenta\u00e7\u00e3o de DNA, e reduz o risco de doen\u00e7as neurodegenerativas, como Alzheimer.<\/li>\r\n \t<li><strong>Tratamento de Desordens Mitocondriais:<\/strong> Apoia a fun\u00e7\u00e3o neuronal e cardiovascular, ajudando no tratamento de condi\u00e7\u00f5es relacionadas \u00e0s disfun\u00e7\u00f5es mitocondriais.<\/li>\r\n<\/ul>\r\n<strong>Como Funciona:<\/strong>\r\n\r\nO PQQ promove a biog\u00eanese de mitoc\u00f4ndrias, ativando vias de sinaliza\u00e7\u00e3o envolvidas no desenvolvimento e metabolismo energ\u00e9tico celular. Ele n\u00e3o apenas protege as mitoc\u00f4ndrias do estresse oxidativo, mas tamb\u00e9m estimula a gera\u00e7\u00e3o de novas mitoc\u00f4ndrias, o que aumenta a energia celular e melhora a fun\u00e7\u00e3o cognitiva.\r\n\r\n<strong>Posologia:<\/strong>\r\n\r\nTomar 1 c\u00e1psula ao dia.\r\n\r\n<strong>Observa\u00e7\u00e3o:<\/strong>\r\n\r\nDentro dos par\u00e2metros da Resolu\u00e7\u00e3o 586\/13 do Conselho Federal de Farm\u00e1cia, as f\u00f3rmulas aqui descritas podem ser elaboradas por profissionais habilitados.\r\n\r\n<strong>Agradecimento:<\/strong>\r\n\r\nMuito obrigado pela visita e boas compras!\r\n\r\n<strong>Atenciosamente,<\/strong>\r\n<strong>Jos\u00e9 Francisco Rodrigues (KIKO)<\/strong>\r\nDiretor das Empresas: SOROCOCO, LADIR, e SOROPOWER\r\n\r\n<strong>&#8220;Se semeamos o BEM, N\u00c3O precisamos nos preocupar com o dia de amanh\u00e3.&#8221;<\/strong>\r\n\r\n<em>G\u00e1latas Cap\u00edtulo 6 Vers\u00edculo 7<\/em>","protected":false},"excerpt":{"rendered":"<p><strong>PQQ (Pirrolo Quinolina Quinona) &#8211; Suplemento Nutricional<\/strong><\/p>\n<p><strong>Descri\u00e7\u00e3o e Benef\u00edcios:<\/strong><\/p>\n<p>O <strong>PQQ (Pirrolo Quinolina Quinona)<\/strong> \u00e9 um nutriente essencial, conhecido como uma nova vitamina do complexo B. Este composto \u00e9 altamente valorizado por seu poderoso efeito antioxidante, sendo 100 vezes mais potente que a vitamina C. O PQQ n\u00e3o \u00e9 produzido naturalmente em quantidades suficientes pelo organismo, tornando a suplementa\u00e7\u00e3o necess\u00e1ria para aproveitar seus benef\u00edcios.<\/p>\n<p><strong>Principais Indica\u00e7\u00f5es e Benef\u00edcios:<\/strong><\/p>\n<ul>\n<li><strong>Diminui\u00e7\u00e3o de Cabelos Brancos:<\/strong> Contribui para a prote\u00e7\u00e3o e sa\u00fade dos cabelos, ajudando a retardar o embranquecimento.<\/li>\n<li><strong>Combate ao Envelhecimento Celular:<\/strong> Atua como um potente antioxidante, combatendo o estresse oxidativo e prevenindo o envelhecimento precoce das c\u00e9lulas.<\/li>\n<li><strong>Prote\u00e7\u00e3o do Cabelo:<\/strong> Ajuda a proteger os fios contra o embranquecimento precoce.<\/li>\n<li><strong>Promo\u00e7\u00e3o da Forma\u00e7\u00e3o de Novas Mitoc\u00f4ndrias:<\/strong> Estimula a biog\u00eanese mitocondrial, aumentando a produ\u00e7\u00e3o de novas mitoc\u00f4ndrias saud\u00e1veis, essenciais para a sa\u00fade celular.<\/li>\n<li><strong>Suporte Mental e Cognitivo:<\/strong> Melhora fun\u00e7\u00f5es cognitivas, incluindo mem\u00f3ria e concentra\u00e7\u00e3o, revertendo os efeitos do estresse oxidativo na fun\u00e7\u00e3o cerebral.<\/li>\n<li><strong>Aumento dos N\u00edveis de Energia:<\/strong> Melhora a fun\u00e7\u00e3o mitocondrial, essencial para o aumento dos n\u00edveis de energia celular.<\/li>\n<li><strong>Atividade Neuroprotetora:<\/strong> Protege os neur\u00f4nios, prevenindo danos e fragmenta\u00e7\u00e3o de DNA, e reduz o risco de doen\u00e7as neurodegenerativas, como Alzheimer.<\/li>\n<li><strong>Tratamento de Desordens Mitocondriais:<\/strong> Apoia a fun\u00e7\u00e3o neuronal e cardiovascular, ajudando no tratamento de condi\u00e7\u00f5es relacionadas \u00e0s disfun\u00e7\u00f5es mitocondriais.<\/li>\n<\/ul>\n","protected":false},"featured_media":0,"comment_status":"open","ping_status":"closed","template":"","meta":[],"product_brand":[],"product_cat":[674,18],"product_tag":[664,666,270,100,152,667,668,665],"class_list":{"0":"post-1653","1":"product","2":"type-product","3":"status-publish","5":"product_cat-energeticos","6":"product_cat-manipulados","7":"product_tag-cabelos-brancos","8":"product_tag-cognitivo","9":"product_tag-energia","10":"product_tag-envelhecimento","11":"product_tag-mental","12":"product_tag-neuroprotetora","13":"product_tag-pqq","14":"product_tag-protecao-do-cabelo","16":"first","17":"instock","18":"taxable","19":"shipping-taxable","20":"purchasable","21":"product-type-simple"},"_links":{"self":[{"href":"https:\/\/kikodobem.com\/index.php?rest_route=\/wp\/v2\/product\/1653","targetHints":{"allow":["GET"]}}],"collection":[{"href":"https:\/\/kikodobem.com\/index.php?rest_route=\/wp\/v2\/product"}],"about":[{"href":"https:\/\/kikodobem.com\/index.php?rest_route=\/wp\/v2\/types\/product"}],"replies":[{"embeddable":true,"href":"https:\/\/kikodobem.com\/index.php?rest_route=%2Fwp%2Fv2%2Fcomments&post=1653"}],"wp:attachment":[{"href":"https:\/\/kikodobem.com\/index.php?rest_route=%2Fwp%2Fv2%2Fmedia&parent=1653"}],"wp:term":[{"taxonomy":"product_brand","embeddable":true,"href":"https:\/\/kikodobem.com\/index.php?rest_route=%2Fwp%2Fv2%2Fproduct_brand&post=1653"},{"taxonomy":"product_cat","embeddable":true,"href":"https:\/\/kikodobem.com\/index.php?rest_route=%2Fwp%2Fv2%2Fproduct_cat&post=1653"},{"taxonomy":"product_tag","embeddable":true,"href":"https:\/\/kikodobem.com\/index.php?rest_route=%2Fwp%2Fv2%2Fproduct_tag&post=1653"}],"curies":[{"name":"wp","href":"https:\/\/api.w.org\/{rel}","templated":true}]}}