{"id":201,"date":"2024-05-21T16:33:06","date_gmt":"2024-05-21T16:33:06","guid":{"rendered":"https:\/\/kikodobem.com\/?post_type=product&#038;p=201"},"modified":"2025-05-07T21:11:59","modified_gmt":"2025-05-08T00:11:59","slug":"desparasitol-elimina-somente-os-parasitas-ruins-dr-kiko-do-bem","status":"publish","type":"product","link":"https:\/\/kikodobem.com\/?product=desparasitol-elimina-somente-os-parasitas-ruins-dr-kiko-do-bem","title":{"rendered":"DESPARASITOL elimina somente os parasitas ruins DR. KIKO DO BEM"},"content":{"rendered":"<iframe loading=\"lazy\" title=\"Existe + de 100 #parasitas bact\u00e9rias vermes e lombrigas como eliminar naturalmente ZAP 15-99644-8181\" width=\"500\" height=\"281\" src=\"https:\/\/www.youtube.com\/embed\/Qc_G_ON5KEo?start=1&#038;feature=oembed\" frameborder=\"0\" allow=\"accelerometer; autoplay; clipboard-write; encrypted-media; gyroscope; picture-in-picture; web-share\" referrerpolicy=\"strict-origin-when-cross-origin\" allowfullscreen><\/iframe>\r\n\r\n&nbsp;\r\n\r\n<strong>Eliminando a cada 180 dias (6 meses) os parasitas (bact\u00e9rias) que se alojam em nosso intestino e em algumas partes do corpo, com destaque especial para a bact\u00e9ria H. pylori, que acomete 50% da popula\u00e7\u00e3o.<\/strong>\r\n\r\n<strong>\u00a0<\/strong>\r\n\r\n<strong>Composi\u00e7\u00e3o:<\/strong>\r\n\r\n<strong>Lactobacillus Reuteri;<\/strong>\r\n\r\n<strong>Piperina.<\/strong>\r\n\r\n<strong>\u00a0<\/strong>\r\n\r\n<strong>Complemento:<\/strong>\r\n\r\n<strong>Existem atualmente 100 tipos de vermes e bact\u00e9rias que podem se alojar em nosso intestino e no de nossa linda fam\u00edlia. Vou ensinar como voc\u00ea deve proceder de uma forma poderosa e eficaz, fazendo uma desparasita\u00e7\u00e3o corret\u00edssima. Os principais parasitas s\u00e3o:<\/strong>\r\n\r\n<strong>\u00a0<\/strong>\r\n\r\n<strong>&#8211; Ameb\u00edase (ameba): A ameba \u00e9 um parasita do intestino grosso, onde ela se aloja causando diarreia.<\/strong>\r\n\r\n<strong>&#8211; Giard\u00edase (gi\u00e1rdia)<\/strong>\r\n\r\n<strong>&#8211; Ascarid\u00edase (lombriga)<\/strong>\r\n\r\n<strong>&#8211; Ancilostom\u00edase (amarel\u00e3o)<\/strong>\r\n\r\n<strong>&#8211; Enterob\u00edase ou oxiur\u00edase (coceira anal)<\/strong>\r\n\r\n<strong>\u00a0<\/strong>\r\n\r\n<strong>Aprenda comigo tudo o que esses parasitas podem causar no seu corpo.<\/strong>\r\n\r\n<strong>\u00a0<\/strong>\r\n\r\n<strong>Na maioria dos casos, \u00e9 preciso tamb\u00e9m tratar a anemia ou outras condi\u00e7\u00f5es que surgiram devido aos parasitas que ficam alojados no seu corpo, principalmente se voc\u00ea anda sentindo:<\/strong>\r\n\r\n<strong>&#8211; Sonol\u00eancia<\/strong>\r\n\r\n<strong>&#8211; Fraqueza<\/strong>\r\n\r\n<strong>&#8211; Des\u00e2nimo e muitos outros efeitos negativos no corpo causados pelos parasitas<\/strong>\r\n\r\n<strong>\u00a0<\/strong>\r\n\r\n<strong>O \u00fanico que tem a capacidade de melhorar a sa\u00fade intestinal.<\/strong>\r\n\r\n<strong>\u00a0<\/strong>\r\n\r\n<strong>\u00c9 importante referir que existem mais de 100 tipos diferentes de parasitas intestinais, que podem entrar no corpo atrav\u00e9s do nariz, da pele, dos alimentos, da \u00e1gua ou atrav\u00e9s das picadas de insetos.<\/strong>\r\n\r\n<strong>\u00a0<\/strong>\r\n\r\n<strong>Eliminando a cada 180 dias (6 meses) os parasitas (bact\u00e9rias) que se alojam em nosso intestino e em algumas partes do corpo, com destaque especial para a bact\u00e9ria H. pylori, que acomete 50% da popula\u00e7\u00e3o.<\/strong>\r\n\r\n<strong>\u00a0<\/strong>\r\n\r\n<strong>Como saber se preciso fazer desparasita\u00e7\u00e3o?<\/strong>\r\n\r\n<strong>\u00a0<\/strong>\r\n\r\n<strong>Teste de sintomas:<\/strong>\r\n\r\n<strong>\u00a0<\/strong>\r\n<ol>\r\n \t<li><strong> Dor abdominal constante<\/strong><\/li>\r\n \t<li><strong> Barriga inchada ou excesso de gases<\/strong><\/li>\r\n \t<li><strong> Cansa\u00e7o frequente sem raz\u00e3o aparente<\/strong><\/li>\r\n \t<li><strong> Coceira no \u00e2nus<\/strong><\/li>\r\n \t<li><strong> Per\u00edodos de diarreia, intercalados com pris\u00e3o de ventre<\/strong><\/li>\r\n \t<li><strong> Presen\u00e7a de pequenos pontos brancos nas fezes<\/strong><\/li>\r\n \t<li><strong> Perda de peso sem raz\u00e3o aparente<\/strong><\/li>\r\n \t<li><strong> Altera\u00e7\u00f5es do apetite, com muita ou pouca fome<\/strong><\/li>\r\n \t<li><strong> Fezes muito escuras<\/strong><\/li>\r\n \t<li><strong> Ganho de peso<\/strong><\/li>\r\n<\/ol>\r\n<strong>\u00a0<\/strong>\r\n\r\n<strong>A transmiss\u00e3o dos parasitas normalmente acontece atrav\u00e9s do consumo de \u00e1gua e alimentos contaminados, ficando aderidos \u00e0 parede intestinal, podendo se desenvolver e levar ao aparecimento dos sintomas.<\/strong>\r\n\r\n<strong>\u00a0<\/strong>\r\n\r\n<strong>O uso do Lactobacillus reuteri, mais precisamente a cepa DMS 17648, tem se mostrado muito eficaz contra H. pylori sem os riscos do tratamento convencional. Tem a especificidade de coagular no est\u00f4mago, formando co-agregados com Helicobacter pylori, reduzindo a carga t\u00f3xica no est\u00f4mago e diminuindo o risco de desenvolver gastrite ou \u00falceras gastrointestinais. Das mais de 700 cepas probi\u00f3ticas diferentes, \u00e9 a \u00fanica considerada um antagonista espec\u00edfico do H. pylori. Ainda \u00e9 importante ressaltar que a f\u00f3rmula n\u00e3o causa epis\u00f3dios de diarreia ou dist\u00farbios do paladar, ao contr\u00e1rio dos antibi\u00f3ticos, que n\u00e3o s\u00e3o produtos espec\u00edficos para combater o H. pylori.<\/strong>\r\n\r\n<strong>\u00a0<\/strong>\r\n\r\n<strong>Protozo\u00e1rios: respons\u00e1veis pela ameb\u00edase e giard\u00edase.<\/strong>\r\n\r\n<strong>Helmintos: que provocam ten\u00edase, oxiur\u00edase, ascarid\u00edase e ancilostom\u00edase, tamb\u00e9m chamada de amarel\u00e3o. Normalmente, estes vermes provocam sintomas como dor abdominal, incha\u00e7o, coceira no \u00e2nus, diarreia intercalada com pris\u00e3o de ventre, cansa\u00e7o e fraqueza muscular.<\/strong>\r\n\r\n<strong>\u00a0<\/strong>\r\n\r\n<strong>\u00a0<\/strong>\r\n\r\n<strong>Desparasitol<\/strong>\r\n\r\n<strong>\u00a0<\/strong>\r\n\r\n<strong>Lactobacillus reuteri 20 bilh\u00f5es, associado com 5% de piperina.<\/strong>\r\n\r\n<strong>\u00a0<\/strong>\r\n\r\n<strong>30 c\u00e1psulas<\/strong>\r\n\r\n<strong>\u00a0<\/strong>\r\n\r\n<strong>1 c\u00e1psula 30 minutos antes do almo\u00e7o e outra 30 minutos antes do jantar.<\/strong>\r\n\r\n<strong>\u00a0<\/strong>\r\n\r\n<strong>Minhas refer\u00eancias, incluindo o Luciano Hang, propriet\u00e1rio das lojas &#8220;HAVAN&#8221;, e m\u00e9dicos famosos no v\u00eddeo abaixo:<\/strong>\r\n\r\n<strong>\u00a0<\/strong>\r\n\r\n<strong>[https:\/\/www.youtube.com\/watch?v=Y1Dv1AnEd-c](https:\/\/www.youtube.com\/watch?v=Y1Dv1AnEd-c)<\/strong>\r\n\r\n<strong>\u00a0<\/strong>\r\n\r\n<strong>Participe do meu grupo de sa\u00fade no WhatsApp: [https:\/\/chat.whatsapp.com\/JrPREnu72HYEu6YLo04OTn](https:\/\/chat.whatsapp.com\/JrPREnu72HYEu6YLo04OTn)<\/strong>\r\n\r\n<strong>\u00a0<\/strong>\r\n\r\n<strong>Estou farto de ver a ind\u00fastria farmac\u00eautica dificultar tratamentos eficazes por valorizar os lucros muito mais do que as vidas. BY: &#8220;CANAL: SA\u00daDE PERFEITA COM KIKO DO BEM&#8221;.<\/strong>\r\n\r\n<strong>\u00a0<\/strong>\r\n\r\n<strong>Muito obrigado pela visita e boas compras!!<\/strong>\r\n\r\n<strong>\u00a0<\/strong>\r\n\r\n<strong>Atenciosamente,<\/strong>\r\n\r\n<strong>\u00a0<\/strong>\r\n\r\n<strong>Jos\u00e9 Francisco Rodrigues (KIKO), Diretor das Empresas: Sorococo, Ladir, Soropower, Kiko do Bem e da Farm\u00e1cia de Manipula\u00e7\u00e3o e Formula\u00e7\u00e3o Pharmenni, onde s\u00f3 trabalhamos com mat\u00e9ria-prima importada dos melhores pa\u00edses do mundo.<\/strong>\r\n\r\n<strong>\u00a0<\/strong>\r\n\r\n<strong>Nas redes sociais, procure sempre por: &#8220;Kiko do Bem&#8221; ou &#8220;DrKikoDoBem&#8221;, que voc\u00ea vai me encontrar facilmente. Tenho 3.500 v\u00eddeos de melhora da sa\u00fade para voc\u00ea deixar sua sa\u00fade perfeita.<\/strong>\r\n\r\n<strong>\u00a0<\/strong>\r\n\r\n<strong>&#8220;Se semeamos o bem, n\u00e3o precisamos nos preocupar com o dia de amanh\u00e3&#8221;.<\/strong>\r\n\r\n<strong>\u00a0<\/strong>\r\n\r\n<strong>Deus perdoa &#8220;tudo&#8221;, mas tudo que semeamos, a colheita \u00e9 obrigat\u00f3ria, pois a vida n\u00e3o perdoa.<\/strong>\r\n\r\n<strong>\u00a0<\/strong>\r\n\r\n<strong>G\u00e1latas Cap\u00edtulo 6 Vers\u00edculo 7<\/strong>\r\n\r\n<strong>\u00a0<\/strong>\r\n\r\n<strong>Prazo para postagem: 1 dia \u00fatil.<\/strong>","protected":false},"excerpt":{"rendered":"<p><strong>Eliminando a cada 180 dias (6 meses) os parasitas (bact\u00e9rias) que se alojam em nosso intestino e em algumas partes do corpo, com destaque especial para a bact\u00e9ria H. pylori, que acomete 50% da popula\u00e7\u00e3o.<\/strong><\/p>\n<p>&nbsp;<\/p>\n<p><strong>Indica\u00e7\u00e3o de uso: <\/strong>Tomar uma capsula 30 minutos antes de dormir.<\/p>\n","protected":false},"featured_media":2195,"comment_status":"open","ping_status":"closed","template":"","meta":[],"product_brand":[],"product_cat":[18],"product_tag":[41,37,38,39,42,40],"class_list":{"0":"post-201","1":"product","2":"type-product","3":"status-publish","4":"has-post-thumbnail","6":"product_cat-manipulados","7":"product_tag-caganeira","8":"product_tag-desparasitol","9":"product_tag-diarreia","10":"product_tag-estomago","11":"product_tag-lactobacillos","12":"product_tag-virose","14":"first","15":"instock","16":"shipping-taxable","17":"purchasable","18":"product-type-simple"},"_links":{"self":[{"href":"https:\/\/kikodobem.com\/index.php?rest_route=\/wp\/v2\/product\/201","targetHints":{"allow":["GET"]}}],"collection":[{"href":"https:\/\/kikodobem.com\/index.php?rest_route=\/wp\/v2\/product"}],"about":[{"href":"https:\/\/kikodobem.com\/index.php?rest_route=\/wp\/v2\/types\/product"}],"replies":[{"embeddable":true,"href":"https:\/\/kikodobem.com\/index.php?rest_route=%2Fwp%2Fv2%2Fcomments&post=201"}],"wp:featuredmedia":[{"embeddable":true,"href":"https:\/\/kikodobem.com\/index.php?rest_route=\/wp\/v2\/media\/2195"}],"wp:attachment":[{"href":"https:\/\/kikodobem.com\/index.php?rest_route=%2Fwp%2Fv2%2Fmedia&parent=201"}],"wp:term":[{"taxonomy":"product_brand","embeddable":true,"href":"https:\/\/kikodobem.com\/index.php?rest_route=%2Fwp%2Fv2%2Fproduct_brand&post=201"},{"taxonomy":"product_cat","embeddable":true,"href":"https:\/\/kikodobem.com\/index.php?rest_route=%2Fwp%2Fv2%2Fproduct_cat&post=201"},{"taxonomy":"product_tag","embeddable":true,"href":"https:\/\/kikodobem.com\/index.php?rest_route=%2Fwp%2Fv2%2Fproduct_tag&post=201"}],"curies":[{"name":"wp","href":"https:\/\/api.w.org\/{rel}","templated":true}]}}