{"id":2054,"date":"2024-10-03T11:29:00","date_gmt":"2024-10-03T14:29:00","guid":{"rendered":"https:\/\/kikodobem.com\/?post_type=product&#038;p=2054"},"modified":"2025-05-07T18:38:31","modified_gmt":"2025-05-07T21:38:31","slug":"ocitocina-oxitocina-10ui-30-capsulas-sub-linguais-hormonio-do-amor","status":"publish","type":"product","link":"https:\/\/kikodobem.com\/?product=ocitocina-oxitocina-10ui-30-capsulas-sub-linguais-hormonio-do-amor","title":{"rendered":"Ocitocina Oxitocina 10UI 30 C\u00e1psulas Sub-Linguais Horm\u00f4nio do AMOR"},"content":{"rendered":"<strong>Ocitocina &#8211; O Horm\u00f4nio do Amor<\/strong>\r\n\r\nConhecida como o <strong>&#8220;horm\u00f4nio do amor&#8221;<\/strong>, a ocitocina desempenha um papel essencial na <strong>melhora do humor<\/strong>, no aumento da <strong>conex\u00e3o entre parceiros<\/strong> e na <strong>diminui\u00e7\u00e3o da ansiedade<\/strong>. Seus benef\u00edcios v\u00e3o al\u00e9m das rela\u00e7\u00f5es afetivas, pois ela tamb\u00e9m pode ajudar a reduzir a <strong>agressividade<\/strong>, aumentando a <strong>empatia<\/strong> e a <strong>socializa\u00e7\u00e3o<\/strong> em homens e mulheres.\r\n\r\n&nbsp;\r\n\r\n<strong>Principais Benef\u00edcios:<\/strong>\r\n<ul>\r\n \t<li><strong>Aumenta a liga\u00e7\u00e3o emocional<\/strong> e melhora a <strong>intera\u00e7\u00e3o social<\/strong>.<\/li>\r\n \t<li><strong>Diminui a ansiedade<\/strong> e melhora a sensa\u00e7\u00e3o de <strong>bem-estar<\/strong>.<\/li>\r\n \t<li>Pode auxiliar no tratamento de <strong>autismo<\/strong>, <strong>esquizofrenia<\/strong> e casos de <strong>fobia social<\/strong>.<\/li>\r\n \t<li>Melhora a <strong>libido<\/strong> e o <strong>desempenho sexual<\/strong>, atuando com outros horm\u00f4nios.<\/li>\r\n \t<li>Facilita a <strong>lubrifica\u00e7\u00e3o \u00edntima<\/strong> e melhora a qualidade do <strong>orgasmo<\/strong> e da <strong>ejacula\u00e7\u00e3o<\/strong>.<\/li>\r\n \t<li>Contribui para o <strong>relaxamento muscular<\/strong>, ajudando a reduzir a press\u00e3o arterial e o risco de infartos.<\/li>\r\n \t<li><\/li>\r\n<\/ul>\r\nA ocitocina pode ser um grande aliado para quem busca uma vida mais equilibrada, tanto nas rela\u00e7\u00f5es emocionais quanto na <strong>sa\u00fade f\u00edsica<\/strong>, promovendo <strong>bem-estar<\/strong> e <strong>felicidade<\/strong>.\r\n\r\n&nbsp;\r\n\r\nN\u00e3o perca a oportunidade de melhorar sua <strong>qualidade de vida<\/strong>! Sinta-se mais <strong>amado<\/strong>, <strong>conectado<\/strong> e <strong>saud\u00e1vel<\/strong> com o nosso novo suplemento de <strong>Ocitocina<\/strong>.\r\n\r\n&nbsp;\r\n\r\n<strong>Compre agora e invista em seu bem-estar emocional e f\u00edsico!<\/strong>\r\n\r\n&nbsp;\r\n\r\nAtenciosamente,\r\n<strong>Jos\u00e9 Francisco Rodrigues (KIKO)<\/strong>\r\nDiretor das Empresas: SOROCOCO, LADIR E SOROPOWER\r\n\r\n&nbsp;\r\n\r\n<em>&#8220;Se semeamos o BEM, N\u00c3O precisamos nos preocupar com o dia de amanh\u00e3.&#8221;<\/em>\r\n<strong>G\u00e1latas Cap\u00edtulo 6 Vers\u00edculo 7<\/strong>","protected":false},"excerpt":{"rendered":"<p><strong>Ocitocina &#8211; O Horm\u00f4nio do Amor<\/strong><\/p>\n<p>Conhecida como o <strong>&#8220;horm\u00f4nio do amor&#8221;<\/strong>, a ocitocina desempenha um papel essencial na <strong>melhora do humor<\/strong>, no aumento da <strong>conex\u00e3o entre parceiros<\/strong> e na <strong>diminui\u00e7\u00e3o da ansiedade<\/strong>. Seus benef\u00edcios v\u00e3o al\u00e9m das rela\u00e7\u00f5es afetivas, pois ela tamb\u00e9m pode ajudar a reduzir a <strong>agressividade<\/strong>, aumentando a <strong>empatia<\/strong> e a <strong>socializa\u00e7\u00e3o<\/strong> em homens e mulheres.<\/p>\n<p>&nbsp;<\/p>\n<p><strong>Principais Benef\u00edcios:<\/strong><\/p>\n<ul>\n<li><strong>Aumenta a liga\u00e7\u00e3o emocional<\/strong> e melhora a <strong>intera\u00e7\u00e3o social<\/strong>.<\/li>\n<li><strong>Diminui a ansiedade<\/strong> e melhora a sensa\u00e7\u00e3o de <strong>bem-estar<\/strong>.<\/li>\n<li>Pode auxiliar no tratamento de <strong>autismo<\/strong>, <strong>esquizofrenia<\/strong> e casos de <strong>fobia social<\/strong>.<\/li>\n<li>Melhora a <strong>libido<\/strong> e o <strong>desempenho sexual<\/strong>, atuando com outros horm\u00f4nios.<\/li>\n<li>Facilita a <strong>lubrifica\u00e7\u00e3o \u00edntima<\/strong> e melhora a qualidade do <strong>orgasmo<\/strong> e da <strong>ejacula\u00e7\u00e3o<\/strong>.<\/li>\n<li>Contribui para o <strong>relaxamento muscular<\/strong>, ajudando a reduzir a press\u00e3o arterial e o risco de infartos.<\/li>\n<\/ul>\n","protected":false},"featured_media":2055,"comment_status":"open","ping_status":"closed","template":"","meta":[],"product_brand":[],"product_cat":[18],"product_tag":[243,725,727,554,723,726,724,349,728],"class_list":{"0":"post-2054","1":"product","2":"type-product","3":"status-publish","4":"has-post-thumbnail","6":"product_cat-manipulados","7":"product_tag-ansiedade","8":"product_tag-autismo","9":"product_tag-desempenho-sexual","10":"product_tag-ejaculacao","11":"product_tag-emocional","12":"product_tag-esquizofrenia","13":"product_tag-interacao-social","14":"product_tag-libido","15":"product_tag-orgasmo","17":"first","18":"instock","19":"taxable","20":"shipping-taxable","21":"purchasable","22":"product-type-simple"},"_links":{"self":[{"href":"https:\/\/kikodobem.com\/index.php?rest_route=\/wp\/v2\/product\/2054","targetHints":{"allow":["GET"]}}],"collection":[{"href":"https:\/\/kikodobem.com\/index.php?rest_route=\/wp\/v2\/product"}],"about":[{"href":"https:\/\/kikodobem.com\/index.php?rest_route=\/wp\/v2\/types\/product"}],"replies":[{"embeddable":true,"href":"https:\/\/kikodobem.com\/index.php?rest_route=%2Fwp%2Fv2%2Fcomments&post=2054"}],"wp:featuredmedia":[{"embeddable":true,"href":"https:\/\/kikodobem.com\/index.php?rest_route=\/wp\/v2\/media\/2055"}],"wp:attachment":[{"href":"https:\/\/kikodobem.com\/index.php?rest_route=%2Fwp%2Fv2%2Fmedia&parent=2054"}],"wp:term":[{"taxonomy":"product_brand","embeddable":true,"href":"https:\/\/kikodobem.com\/index.php?rest_route=%2Fwp%2Fv2%2Fproduct_brand&post=2054"},{"taxonomy":"product_cat","embeddable":true,"href":"https:\/\/kikodobem.com\/index.php?rest_route=%2Fwp%2Fv2%2Fproduct_cat&post=2054"},{"taxonomy":"product_tag","embeddable":true,"href":"https:\/\/kikodobem.com\/index.php?rest_route=%2Fwp%2Fv2%2Fproduct_tag&post=2054"}],"curies":[{"name":"wp","href":"https:\/\/api.w.org\/{rel}","templated":true}]}}