{"id":220,"date":"2024-05-21T19:03:22","date_gmt":"2024-05-21T19:03:22","guid":{"rendered":"https:\/\/ladir.net\/?post_type=product&#038;p=220"},"modified":"2025-05-07T21:11:30","modified_gmt":"2025-05-08T00:11:30","slug":"kit-para-incontinencia-urinaria","status":"publish","type":"product","link":"https:\/\/kikodobem.com\/?product=kit-para-incontinencia-urinaria","title":{"rendered":"KIT PARA INCONTIN\u00caNCIA URIN\u00c1RIA"},"content":{"rendered":"<iframe loading=\"lazy\" title=\"INCONTIN\u00caNCIA URIN\u00c1RIA HOMENS E MULHERES MAIS DE 90% DOS CASOS RESOLVIDOS COM ESTE KIT 100% NATURAL\" width=\"500\" height=\"281\" src=\"https:\/\/www.youtube.com\/embed\/wZSvSZ31HuQ?feature=oembed\" frameborder=\"0\" allow=\"accelerometer; autoplay; clipboard-write; encrypted-media; gyroscope; picture-in-picture; web-share\" referrerpolicy=\"strict-origin-when-cross-origin\" allowfullscreen><\/iframe>\r\n\r\n&nbsp;\r\n\r\n<strong>Indica\u00e7\u00f5es de uso:<\/strong>\r\n\r\n<strong>Vamos tentar um processo de recupera\u00e7\u00e3o da bexiga:<\/strong>\r\n<ul>\r\n \t<li>Beba \u00e1gua em quantidade suficiente: Ao contr\u00e1rio do que muitas pessoas pensam, a incontin\u00eancia urin\u00e1ria exige a ingest\u00e3o de muito l\u00edquido.<\/li>\r\n<\/ul>\r\n<strong>Vamos impedir a ades\u00e3o de bact\u00e9rias ao trato urin\u00e1rio:<\/strong>\r\n<ul>\r\n \t<li>Tome 1 c\u00e1psula de Incontipower 2 a 3 horas antes de deitar-se. Em casos mais graves, associe uma c\u00e1psula do nosso Cranberry 500mg ao deitar.<\/li>\r\n \t<li>C\u00farcuma\/A\u00e7afr\u00e3o: Melhor anti-inflamat\u00f3rio natural do mundo.<\/li>\r\n \t<li>Prata coloidal: 7,5 ml ao dia.<\/li>\r\n \t<li>Piperina: Princ\u00edpio ativo para \u00f3tima absor\u00e7\u00e3o. Tome 1 c\u00e1psula ao dia junto com a c\u00farcuma e a prata coloidal.<\/li>\r\n<\/ul>\r\n&nbsp;\r\n\r\n&nbsp;\r\n\r\n<strong>O que causa a incontin\u00eancia urin\u00e1ria?<\/strong>\r\n<ul>\r\n \t<li><strong>Parar de fumar;<\/strong><\/li>\r\n \t<li><strong>Perder peso;<\/strong><\/li>\r\n \t<li><strong>Alimenta\u00e7\u00e3o adequada;<\/strong><\/li>\r\n \t<li><strong>Reduzir a cafe\u00edna;<\/strong><\/li>\r\n \t<li><strong>Reduzir o consumo de \u00e1lcool.<\/strong><\/li>\r\n<\/ul>\r\nEssas medidas ajudam a melhorar a incontin\u00eancia, mas, na grande maioria das vezes, n\u00e3o resolvem o problema completamente.\r\n\r\n&nbsp;\r\n\r\n<strong>Qual a causa da urina solta?<\/strong>\r\n\r\nA incontin\u00eancia urin\u00e1ria pode estar associada a diferentes problemas, mas geralmente \u00e9 causada pelo enfraquecimento do esf\u00edncter urin\u00e1rio e dos elementos de sustenta\u00e7\u00e3o da uretra e da bexiga, fazendo com que os \u00f3rg\u00e3os percam a capacidade de fazer a for\u00e7a necess\u00e1ria para segurar a urina, tanto em homens quanto em mulheres.\r\n\r\n<strong>\u00a0<\/strong>\r\n\r\n<strong>O que \u00e9 o Cranberry?<\/strong>\r\n\r\nO cranberry \u00e9 rico em proantocianidina, subst\u00e2ncia apontada por estudos como sendo de 15 a 25 vezes mais potente do que a vitamina E para inibir a ader\u00eancia de bact\u00e9rias do tipo E. coli na mucosa da bexiga, combatendo infec\u00e7\u00f5es do trato urin\u00e1rio. A fruta ainda \u00e9 composta pelas vitaminas C e E, mas tais nutrientes se tornam pouco significativos dentro de uma dieta que respeite a recomenda\u00e7\u00e3o di\u00e1ria de ingest\u00e3o do alimento. O cranberry oferece subst\u00e2ncias antioxidantes, como os flavonoides e \u00e1cidos fen\u00f3licos, ao organismo.\r\n\r\nO principal destaque do cranberry \u00e9 a crescente evid\u00eancia de sua efic\u00e1cia na preven\u00e7\u00e3o de infec\u00e7\u00f5es do trato urin\u00e1rio, como a cistite. Ele tamb\u00e9m \u00e9 utilizado por pacientes com bexiga neurog\u00eanica, doen\u00e7a do sistema nervoso ou de nervos envolvidos no controle da mic\u00e7\u00e3o, assim como por pessoas que sofrem de incontin\u00eancia urin\u00e1ria, com o objetivo de desodorizar a urina. Pode aumentar o fluxo de urina, matar germes, acelerar a cicatriza\u00e7\u00e3o da pele e baixar a febre. A ingest\u00e3o da fruta ainda \u00e9 comum entre portadores de diabetes tipo 2, s\u00edndrome da fadiga cr\u00f4nica, escorbuto, pleurisia, c\u00e2ncer e doen\u00e7as cardiovasculares, devido ao alto teor de antioxidantes presentes.\r\n\r\nRefer\u00eancias:\r\n\r\nMinhas refer\u00eancias incluem Luciano Hang, propriet\u00e1rio das lojas &#8220;HAVAN&#8221;, e m\u00e9dicos famosos no v\u00eddeo abaixo:<strong>\r\n<a href=\"https:\/\/www.youtube.com\/watch?v=Y1Dv1AnEd-c\">Assista ao v\u00eddeo<\/a><\/strong>\r\n\r\n<strong>Participe do meu grupo de SA\u00daDE no WhatsApp:\r\n<a href=\"https:\/\/chat.whatsapp.com\/JrPREnu72HYEu6YLo04OTn\">Junte-se ao grupo<\/a><\/strong>\r\n\r\n<strong>Estou farto de ver a ind\u00fastria farmac\u00eautica (dos grandes laborat\u00f3rios) dificultar tratamentos eficazes por valorizar os lucros muito mais do que as vidas.\r\nBY: &#8220;CANAL: SA\u00daDE PERFEITA COM KIKO DO BEM&#8221;<\/strong>\r\n\r\n<strong>Muito obrigado pela visita e boas compras!!<\/strong>\r\n\r\n<strong>Atenciosamente,\r\nJos\u00e9 Francisco Rodrigues (KIKO)\r\nDiretor das empresas: SOROCOCO, LADIR, SOROPOWER, KIKO DO BEM, e da Farm\u00e1cia de Manipula\u00e7\u00e3o e Formula\u00e7\u00e3o &#8220;PHARMENNI&#8221;, onde s\u00f3 trabalhamos com mat\u00e9ria-prima importada dos melhores pa\u00edses do mundo.<\/strong>\r\n\r\n<strong>Nas redes sociais, procure sempre por &#8220;KIKO DO BEM&#8221; ou &#8220;DRKIKODOBEM&#8221; para me encontrar facilmente. Tenho 3.500 v\u00eddeos de melhoria da sa\u00fade para voc\u00ea deixar sua sa\u00fade perfeita.<\/strong>\r\n\r\n<strong>Refer\u00eancias:<\/strong>\r\n\r\n<strong>Minhas refer\u00eancias incluem Luciano Hang, propriet\u00e1rio das lojas &#8220;HAVAN&#8221;, e m\u00e9dicos famosos no v\u00eddeo abaixo:\r\n<a href=\"https:\/\/www.youtube.com\/watch?v=Y1Dv1AnEd-c\">Assista ao v\u00eddeo<\/a><\/strong>\r\n\r\n<strong>Participe do meu grupo de SA\u00daDE no WhatsApp:\r\n<a href=\"https:\/\/chat.whatsapp.com\/JrPREnu72HYEu6YLo04OTn\">Junte-se ao grupo<\/a><\/strong>\r\n\r\n<strong>&#8220;Se semeamos o bem, n\u00e3o precisamos nos preocupar com o dia de amanh\u00e3.&#8221;<\/strong>\r\n\r\n<strong>Deus perdoa &#8220;tudo&#8221;, mas, tudo que semeamos, a colheita \u00e9 obrigat\u00f3ria, pois a vida n\u00e3o perdoa.\r\nG\u00e1latas, cap\u00edtulo 6, vers\u00edculo 7.<\/strong>\r\n<ul>\r\n \t<li><strong> Prazo para postagem: 1 dia \u00fatil<\/strong><\/li>\r\n<\/ul>\r\n&nbsp;","protected":false},"excerpt":{"rendered":"<p><strong>Descri\u00e7\u00e3o:<\/strong><\/p>\n<p>Dois suplementos e alguns alimentos 100% naturais que, em 90% dos casos, t\u00eam resolvido o problema de incontin\u00eancia urin\u00e1ria em homens e mulheres.<\/p>\n<p>INCONTIPOWER: Saw Palmetto e Cranberry com Piperina (n\u00e3o se trata de pimenta)<\/p>\n<p>&nbsp;<\/p>\n<p><strong>Indica\u00e7\u00f5es de uso:<\/strong><\/p>\n<p><strong>Vamos tentar um processo de recupera\u00e7\u00e3o da bexiga:<\/strong><\/p>\n<ul>\n<li>Beba \u00e1gua em quantidade suficiente: Ao contr\u00e1rio do que muitas pessoas pensam, a incontin\u00eancia urin\u00e1ria exige a ingest\u00e3o de muito l\u00edquido.<\/li>\n<\/ul>\n<p><strong>Vamos impedir a ades\u00e3o de bact\u00e9rias ao trato urin\u00e1rio:<\/strong><\/p>\n<ul>\n<li>Tome 1 c\u00e1psula de Incontipower 2 a 3 horas antes de deitar-se. Em casos mais graves, associe uma c\u00e1psula do nosso Cranberry 500mg ao deitar.<\/li>\n<li>C\u00farcuma\/A\u00e7afr\u00e3o: Melhor anti-inflamat\u00f3rio natural do mundo.<\/li>\n<li>Prata coloidal: 7,5 ml ao dia.<\/li>\n<li>Piperina: Princ\u00edpio ativo para \u00f3tima absor\u00e7\u00e3o. Tome 1 c\u00e1psula ao dia junto com a c\u00farcuma e a prata coloidal.<\/li>\n<\/ul>\n","protected":false},"featured_media":1285,"comment_status":"open","ping_status":"closed","template":"","meta":[],"product_brand":[],"product_cat":[56],"product_tag":[57,59,58,61,60,62],"class_list":{"0":"post-220","1":"product","2":"type-product","3":"status-publish","4":"has-post-thumbnail","6":"product_cat-kit","7":"product_tag-incontinencia","8":"product_tag-incontinencia-urinaria","9":"product_tag-kit-incontinencia-urinaria","10":"product_tag-mijacao","11":"product_tag-urina-solta","12":"product_tag-urinando-muito","14":"first","15":"instock","16":"taxable","17":"shipping-taxable","18":"purchasable","19":"product-type-simple"},"_links":{"self":[{"href":"https:\/\/kikodobem.com\/index.php?rest_route=\/wp\/v2\/product\/220","targetHints":{"allow":["GET"]}}],"collection":[{"href":"https:\/\/kikodobem.com\/index.php?rest_route=\/wp\/v2\/product"}],"about":[{"href":"https:\/\/kikodobem.com\/index.php?rest_route=\/wp\/v2\/types\/product"}],"replies":[{"embeddable":true,"href":"https:\/\/kikodobem.com\/index.php?rest_route=%2Fwp%2Fv2%2Fcomments&post=220"}],"wp:featuredmedia":[{"embeddable":true,"href":"https:\/\/kikodobem.com\/index.php?rest_route=\/wp\/v2\/media\/1285"}],"wp:attachment":[{"href":"https:\/\/kikodobem.com\/index.php?rest_route=%2Fwp%2Fv2%2Fmedia&parent=220"}],"wp:term":[{"taxonomy":"product_brand","embeddable":true,"href":"https:\/\/kikodobem.com\/index.php?rest_route=%2Fwp%2Fv2%2Fproduct_brand&post=220"},{"taxonomy":"product_cat","embeddable":true,"href":"https:\/\/kikodobem.com\/index.php?rest_route=%2Fwp%2Fv2%2Fproduct_cat&post=220"},{"taxonomy":"product_tag","embeddable":true,"href":"https:\/\/kikodobem.com\/index.php?rest_route=%2Fwp%2Fv2%2Fproduct_tag&post=220"}],"curies":[{"name":"wp","href":"https:\/\/api.w.org\/{rel}","templated":true}]}}