{"id":2305,"date":"2025-11-18T11:11:30","date_gmt":"2025-11-18T14:11:30","guid":{"rendered":"https:\/\/kikodobem.com\/?post_type=product&#038;p=2305"},"modified":"2025-11-18T11:43:23","modified_gmt":"2025-11-18T14:43:23","slug":"fastpower","status":"publish","type":"product","link":"https:\/\/kikodobem.com\/?product=fastpower","title":{"rendered":"FASTPOWER"},"content":{"rendered":"<strong>O Fastpower da marca SOROPOWER ajuda a equilibrar os n\u00edveis de testosterona, aumenta a resist\u00eancia muscular e melhora o desempenho f\u00edsico. Auxilia tamb\u00e9m no controle dos n\u00edveis de estradiol, o que permite a melhora da vitalidade feminina e masculina, melhora a fun\u00e7\u00e3o er\u00e9til, al\u00e9m de aliviar os sintomas da p\u00f3s-menopausa, e andropausa.<\/strong>\r\n\r\nAumenta a LIBIDO de homens e mulheres.\r\n\r\nO Fastpower SOROPOWER DO DR. KIKO DO BEM \u00e9 conhecido por suas propriedades digestivas. Ele pode aliviar problemas digestivos como indigest\u00e3o e azia. Al\u00e9m disso, a fibra presente no Fastpower pode ajudar na regularidade intestinal e na preven\u00e7\u00e3o da constipa\u00e7\u00e3o.\r\n\r\nQuanto tempo tomar Fastpower para aumentar os n\u00edveis de testosterona?\r\nPiperina:\r\nTadalafila:\r\nOcitocina:\r\nZinco quelato:\r\n\r\nCapsulas Sublinguais.","protected":false},"excerpt":{"rendered":"<p>O Fastpower da marca SOROPOWER ajuda a equilibrar os n\u00edveis de testosterona, aumenta a resist\u00eancia muscular e melhora o desempenho [&hellip;]<\/p>\n","protected":false},"featured_media":2309,"comment_status":"open","ping_status":"closed","template":"","meta":[],"product_brand":[],"product_cat":[55],"product_tag":[],"class_list":{"0":"post-2305","1":"product","2":"type-product","3":"status-publish","4":"has-post-thumbnail","6":"product_cat-sem-categoria","8":"first","9":"instock","10":"sale","11":"taxable","12":"shipping-taxable","13":"purchasable","14":"product-type-simple"},"_links":{"self":[{"href":"https:\/\/kikodobem.com\/index.php?rest_route=\/wp\/v2\/product\/2305","targetHints":{"allow":["GET"]}}],"collection":[{"href":"https:\/\/kikodobem.com\/index.php?rest_route=\/wp\/v2\/product"}],"about":[{"href":"https:\/\/kikodobem.com\/index.php?rest_route=\/wp\/v2\/types\/product"}],"replies":[{"embeddable":true,"href":"https:\/\/kikodobem.com\/index.php?rest_route=%2Fwp%2Fv2%2Fcomments&post=2305"}],"wp:featuredmedia":[{"embeddable":true,"href":"https:\/\/kikodobem.com\/index.php?rest_route=\/wp\/v2\/media\/2309"}],"wp:attachment":[{"href":"https:\/\/kikodobem.com\/index.php?rest_route=%2Fwp%2Fv2%2Fmedia&parent=2305"}],"wp:term":[{"taxonomy":"product_brand","embeddable":true,"href":"https:\/\/kikodobem.com\/index.php?rest_route=%2Fwp%2Fv2%2Fproduct_brand&post=2305"},{"taxonomy":"product_cat","embeddable":true,"href":"https:\/\/kikodobem.com\/index.php?rest_route=%2Fwp%2Fv2%2Fproduct_cat&post=2305"},{"taxonomy":"product_tag","embeddable":true,"href":"https:\/\/kikodobem.com\/index.php?rest_route=%2Fwp%2Fv2%2Fproduct_tag&post=2305"}],"curies":[{"name":"wp","href":"https:\/\/api.w.org\/{rel}","templated":true}]}}