{"id":235,"date":"2024-05-22T15:39:01","date_gmt":"2024-05-22T15:39:01","guid":{"rendered":"https:\/\/ladir.net\/?post_type=product&#038;p=235"},"modified":"2025-05-07T21:08:59","modified_gmt":"2025-05-08T00:08:59","slug":"piperina-60-caps-100-pura","status":"publish","type":"product","link":"https:\/\/kikodobem.com\/?product=piperina-60-caps-100-pura","title":{"rendered":"Piperina 60 C\u00e1ps 100% PURA"},"content":{"rendered":"<h1 class=\"product-title\">Para beber junto com a C\u00farcuma 100% PURA.<\/h1>\r\n&nbsp;\r\n\r\n<iframe loading=\"lazy\" title=\"IMUNIDADE CONTRA TODAS INFLAMA\u00c7\u00d5ES A\u00e7afr\u00e3o C\u00farcuma PURA C\/ Laudo E 1 C\u00e1psula de Piperina de 10 Mg\" width=\"500\" height=\"281\" src=\"https:\/\/www.youtube.com\/embed\/kqGhoAqC_YQ?feature=oembed\" frameborder=\"0\" allow=\"accelerometer; autoplay; clipboard-write; encrypted-media; gyroscope; picture-in-picture; web-share\" referrerpolicy=\"strict-origin-when-cross-origin\" allowfullscreen><\/iframe>\r\n\r\n&nbsp;\r\n\r\n&nbsp;\r\n\r\n<strong>Muita Aten\u00e7\u00e3o:<\/strong>\r\n\r\n&nbsp;\r\n\r\nPimenta preta ou pimenta-do-reino \u00e9 diferente de piperina. A piperina \u00e9 conseguida somente em laborat\u00f3rios, onde \u00e9 retirada e melhorada da fonte, que \u00e9 a pimenta-do-reino preta.\r\n\r\n&nbsp;\r\n\r\n<strong>Para preven\u00e7\u00e3o de inflama\u00e7\u00f5es de qualquer esp\u00e9cie:<\/strong>\r\n\r\n&nbsp;\r\n<ol>\r\n \t<li>Misture 1 colher de ch\u00e1 de c\u00farcuma pura em meio copo de \u00e1gua (n\u00e3o \u00e9 necess\u00e1rio ser \u00e1gua quente ou fervendo).<\/li>\r\n \t<li>Em seguida, tome mais meio copo de \u00e1gua ingerindo junto 1 c\u00e1psula de piperina de 10 mg.<\/li>\r\n<\/ol>\r\n&nbsp;\r\n\r\nO efeito da curcumina ser\u00e1 20 vezes maior e a absor\u00e7\u00e3o da c\u00farcuma ser\u00e1 at\u00e9 2.000 vezes maior. Fazer isso 1 vez ao dia j\u00e1 \u00e9 suficiente para voc\u00ea ficar imune a qualquer tipo de inflama\u00e7\u00e3o (exceto se a c\u00farcuma n\u00e3o for 100% pura). Tamb\u00e9m pode tomar junto com ch\u00e1 de curcumina ou da forma que voc\u00ea achar melhor.\r\n\r\n&nbsp;\r\n\r\n<strong>Benef\u00edcios da Piperina:<\/strong>\r\n\r\n&nbsp;\r\n\r\n&#8211;<strong>Alcaloide e doen\u00e7as do cora\u00e7\u00e3o:<\/strong>\r\n\r\n&nbsp;\r\n\r\nComo antioxidante, a piperina pode evitar a oxida\u00e7\u00e3o do colesterol, reduzir o colesterol total e LDL, e proteger as c\u00e9lulas vermelhas do sangue de danos. Os gl\u00f3bulos vermelhos s\u00e3o essenciais para o transporte de oxig\u00eanio para todas as partes do corpo atrav\u00e9s dos vasos sangu\u00edneos, desempenhando um papel importante na fun\u00e7\u00e3o do m\u00fasculo card\u00edaco e na frequ\u00eancia card\u00edaca. Al\u00e9m disso, a piperina possui caracter\u00edsticas anti-inflamat\u00f3rias naturais, podendo melhorar a circula\u00e7\u00e3o e prevenir co\u00e1gulos sangu\u00edneos.\r\n\r\n&nbsp;\r\n\r\n<strong>&#8211; Digest\u00e3o:<\/strong>\r\n\r\n&nbsp;\r\n\r\nA piperina melhora a digest\u00e3o, podendo ser usada para prevenir a azia. Ela aumenta a secre\u00e7\u00e3o de \u00e1cido clor\u00eddrico no est\u00f4mago, ajudando a quebrar os alimentos e a aumentar a absor\u00e7\u00e3o de nutrientes. A piperina estimula o sistema digestivo, neutraliza bact\u00e9rias e parasitas nos intestinos e suporta o crescimento de uma flora intestinal saud\u00e1vel, reduzindo o risco de \u00falceras g\u00e1stricas, diarreia, incha\u00e7o, pris\u00e3o de ventre, c\u00e2ndida, Helicobacter pylori, e c\u00e2nceres do c\u00f3lon e do est\u00f4mago. Al\u00e9m de aumentar a secre\u00e7\u00e3o de \u00e1cido g\u00e1strico, a piperina estimula outras enzimas intestinais, como amilase, lipase e tripsina.\r\n\r\n&nbsp;\r\n\r\nAo estimular as enzimas digestivas e \u00e1cidos, a piperina ajuda a eliminar os restos de alimentos n\u00e3o totalmente digeridos, limpando o aparelho digestivo e os intestinos e reduzindo o risco de diverticulite.\r\n\r\n&nbsp;\r\n\r\n<strong>Toxicidade e intera\u00e7\u00f5es:<\/strong>\r\n\r\n&nbsp;\r\n\r\nN\u00e3o ultrapassar 3 c\u00e1psulas de 10 mg cada ao dia. Acima dessa quantidade, somente para inflama\u00e7\u00f5es muito graves e com acompanhamento m\u00e9dico.\r\n\r\n&nbsp;\r\n\r\n<strong>Conclus\u00e3o:<\/strong>\r\n\r\n&nbsp;\r\n\r\nA piperina tamb\u00e9m \u00e9 \u00fatil para reduzir o risco de diabetes, melhorar o humor e estimular os processos metab\u00f3licos no organismo, ajudando na perda de peso. Pode-se tomar suplementos ou adicionar pimenta nas refei\u00e7\u00f5es, desde que n\u00e3o se esteja tratando inflama\u00e7\u00f5es intestinais. Para inflama\u00e7\u00f5es intestinais, use a c\u00farcuma pura, sem a piperina.\r\n\r\n&nbsp;\r\n\r\nAssista ao meu v\u00eddeo com trechos dos melhores m\u00e9dicos do Brasil sobre o uso da c\u00farcuma com piperina no endere\u00e7o abaixo:\r\n\r\n<strong>\u00a0<\/strong>\r\n<ul>\r\n \t<li><strong> Prazo para postagem: 1 dia \u00fatil<\/strong><\/li>\r\n<\/ul>","protected":false},"excerpt":{"rendered":"<h1 class=\"product-title\">Para beber junto com a C\u00farcuma 100% PURA.<\/h1>\n<p>&nbsp;<\/p>\n<p><strong>Para preven\u00e7\u00e3o de inflama\u00e7\u00f5es de qualquer esp\u00e9cie:<\/strong><\/p>\n<p>&nbsp;<\/p>\n<ol>\n<li>Misture 1 colher de ch\u00e1 de c\u00farcuma pura em meio copo de \u00e1gua (n\u00e3o \u00e9 necess\u00e1rio ser \u00e1gua quente ou fervendo).<\/li>\n<li>Em seguida, tome mais meio copo de \u00e1gua ingerindo junto 1 c\u00e1psula de piperina de 10 mg.<\/li>\n<\/ol>\n<p>&nbsp;<\/p>\n<p>O efeito da curcumina ser\u00e1 20 vezes maior e a absor\u00e7\u00e3o da c\u00farcuma ser\u00e1 at\u00e9 2.000 vezes maior. Fazer isso 1 vez ao dia j\u00e1 \u00e9 suficiente para voc\u00ea ficar imune a qualquer tipo de inflama\u00e7\u00e3o (exceto se a c\u00farcuma n\u00e3o for 100% pura). Tamb\u00e9m pode tomar junto com ch\u00e1 de curcumina ou da forma que voc\u00ea achar melhor.<\/p>\n","protected":false},"featured_media":236,"comment_status":"open","ping_status":"closed","template":"","meta":[],"product_brand":[],"product_cat":[18],"product_tag":[72,75,74,71,73,77,76,70],"class_list":{"0":"post-235","1":"product","2":"type-product","3":"status-publish","4":"has-post-thumbnail","6":"product_cat-manipulados","7":"product_tag-acafrao","8":"product_tag-anti-flamatorio","9":"product_tag-anti-flamatoria","10":"product_tag-curcuma","11":"product_tag-infeccao","12":"product_tag-pimenta","13":"product_tag-pimenta-do-reirno","14":"product_tag-piperina","16":"first","17":"instock","18":"taxable","19":"shipping-taxable","20":"purchasable","21":"product-type-simple"},"_links":{"self":[{"href":"https:\/\/kikodobem.com\/index.php?rest_route=\/wp\/v2\/product\/235","targetHints":{"allow":["GET"]}}],"collection":[{"href":"https:\/\/kikodobem.com\/index.php?rest_route=\/wp\/v2\/product"}],"about":[{"href":"https:\/\/kikodobem.com\/index.php?rest_route=\/wp\/v2\/types\/product"}],"replies":[{"embeddable":true,"href":"https:\/\/kikodobem.com\/index.php?rest_route=%2Fwp%2Fv2%2Fcomments&post=235"}],"wp:featuredmedia":[{"embeddable":true,"href":"https:\/\/kikodobem.com\/index.php?rest_route=\/wp\/v2\/media\/236"}],"wp:attachment":[{"href":"https:\/\/kikodobem.com\/index.php?rest_route=%2Fwp%2Fv2%2Fmedia&parent=235"}],"wp:term":[{"taxonomy":"product_brand","embeddable":true,"href":"https:\/\/kikodobem.com\/index.php?rest_route=%2Fwp%2Fv2%2Fproduct_brand&post=235"},{"taxonomy":"product_cat","embeddable":true,"href":"https:\/\/kikodobem.com\/index.php?rest_route=%2Fwp%2Fv2%2Fproduct_cat&post=235"},{"taxonomy":"product_tag","embeddable":true,"href":"https:\/\/kikodobem.com\/index.php?rest_route=%2Fwp%2Fv2%2Fproduct_tag&post=235"}],"curies":[{"name":"wp","href":"https:\/\/api.w.org\/{rel}","templated":true}]}}