{"id":305,"date":"2024-05-23T15:51:30","date_gmt":"2024-05-23T15:51:30","guid":{"rendered":"https:\/\/ladir.net\/?post_type=product&#038;p=305"},"modified":"2025-05-07T21:04:50","modified_gmt":"2025-05-08T00:04:50","slug":"1-kg-curcuma-acafrao-100-pura-e-natural-copia","status":"publish","type":"product","link":"https:\/\/kikodobem.com\/?product=1-kg-curcuma-acafrao-100-pura-e-natural-copia","title":{"rendered":"1 KG C\u00farcuma\/A\u00e7afr\u00e3o 100% Pura e Natural"},"content":{"rendered":"&nbsp;\r\n\r\n&nbsp;\r\n\r\n<iframe loading=\"lazy\" title=\"IMUNIDADE CONTRA TODAS INFLAMA\u00c7\u00d5ES A\u00e7afr\u00e3o C\u00farcuma PURA C\/ Laudo E 1 C\u00e1psula de Piperina de 10 Mg\" width=\"500\" height=\"281\" src=\"https:\/\/www.youtube.com\/embed\/kqGhoAqC_YQ?feature=oembed\" frameborder=\"0\" allow=\"accelerometer; autoplay; clipboard-write; encrypted-media; gyroscope; picture-in-picture; web-share\" referrerpolicy=\"strict-origin-when-cross-origin\" allowfullscreen><\/iframe>\r\n\r\n<strong><u>LEIA AT\u00c9 O FINAL E APRENDA TUDO SOBRE ESTE MARAVILHOSO ALIMENTO DEIXADO POR DEUS&#8230; NOSSO PAI ETERNO!!<\/u><\/strong>\r\n\r\n&nbsp;\r\n\r\n<strong>A c\u00farcuma (a\u00e7afr\u00e3o) da nossa empresa &#8220;SOROCOCO&#8221; \u00e9 usada na \u00cdndia h\u00e1 milhares de anos para o tratamento e cura da artrite, osteoartrite e centenas de outras doen\u00e7as inflamat\u00f3rias.<\/strong>\r\n\r\n<strong>\u00a0<\/strong>\r\n\r\n<strong>\u00a0<\/strong>\r\n\r\n<strong>C\u00farcuma raiz do a\u00e7afr\u00e3o mo\u00edda em p\u00f3. Aprenda tudo e como reconhecer a curcumina verdadeira, que N\u00c3O \u00e9 misturada com fub\u00e1, pimenta e at\u00e9 tijolos, assistindo ao meu v\u00eddeo acima.<\/strong>\r\n\r\nSe voc\u00ea procurar na internet, vai encontrar c\u00farcuma MAIS BARATA misturada com: fub\u00e1, pimenta-do-reino e at\u00e9 mesmo tijolos de constru\u00e7\u00e3o para dar mais peso.\r\n\r\nA nossa c\u00farcuma acompanha laudo (documenta\u00e7\u00e3o de originalidade) do Instituto T\u00e9cnico Cient\u00edfico &#8220;ITAL&#8221;, o melhor e mais confi\u00e1vel instituto t\u00e9cnico de alimentos do Brasil.\r\n\r\n&nbsp;\r\n\r\n<strong>Cuidado com a\u00e7afr\u00e3o, c\u00farcuma, curcumina falsa misturada com amido.<\/strong>\r\n\r\n<strong>\u00a0<\/strong>\r\n\r\nA cada um quilo de c\u00farcuma pura, os falsificadores misturam cerca de 1 a 2 quilos de fub\u00e1 (o barato pode sair muito caro futuramente). Fub\u00e1 engorda e 90% dos seus gr\u00e3os s\u00e3o transg\u00eanicos e cont\u00eam gl\u00faten.\r\n\r\nO fub\u00e1 \u00e9 uma fonte de carboidratos, altamente cal\u00f3rico, que pode propiciar o ganho de peso. Todo carboidrato do fub\u00e1 se transforma em a\u00e7\u00facar, portanto, as pessoas que est\u00e3o em dieta para perder peso e os diab\u00e9ticos precisam estar atentos. O fub\u00e1 engorda. Detec\u00e7\u00e3o por PCR de milho geneticamente modificado (MON810) em farinha de milho, e principalmente no fub\u00e1 que deixou de ser puro.\r\n\r\n&nbsp;\r\n\r\n<strong>S\u00f3 aqui voc\u00ea vai encontrar a verdadeira c\u00farcuma (a\u00e7afr\u00e3o) sem nenhuma mistura e devidamente documentada com laudo t\u00e9cnico-cient\u00edfico.<\/strong>\r\n\r\n<strong>20 benef\u00edcios da c\u00farcuma, a\u00e7afr\u00e3o 100% puro, que \u00e9 o melhor anti-inflamat\u00f3rio natural do mundo (Dr. Lair Ribeiro):<\/strong>\r\n<ol>\r\n \t<li>\u00c9 um agente anti-s\u00e9ptico e antibacteriano natural, muito utilizado na desinfec\u00e7\u00e3o de cortes e queimaduras.<\/li>\r\n \t<li>Quando combinado com a couve-flor, ajuda a prevenir o c\u00e2ncer de pr\u00f3stata e pode parar o crescimento do c\u00e2ncer existente.<\/li>\r\n \t<li>Impede que o c\u00e2ncer de mama se espalhe para os pulm\u00f5es em camundongos.<\/li>\r\n \t<li>Pode prevenir o melanoma, que \u00e9 causado por c\u00e9lulas de melanoma existentes.<\/li>\r\n \t<li>Reduz o risco de leucemia infantil.<\/li>\r\n \t<li>\u00c9 um desintoxicante do f\u00edgado natural.<\/li>\r\n \t<li>Pode prevenir e retardar a progress\u00e3o da doen\u00e7a de Alzheimer atrav\u00e9s da remo\u00e7\u00e3o da placa amiloide acumulada no c\u00e9rebro.<\/li>\r\n \t<li>Pode prevenir a ocorr\u00eancia de met\u00e1stases em muitas formas diferentes de c\u00e2ncer.<\/li>\r\n \t<li>Tem se mostrado promissora em retardar a progress\u00e3o da esclerose m\u00faltipla em camundongos.<\/li>\r\n \t<li>\u00c9 um analg\u00e9sico natural e inibidor da COX-2.<\/li>\r\n \t<li>Pode ajudar no metabolismo da gordura e no controle do peso.<\/li>\r\n \t<li>Tem sido usada na medicina chinesa como um tratamento para a depress\u00e3o.<\/li>\r\n \t<li>Aumenta os efeitos da quimioterapia com paclitaxel e reduz seus efeitos colaterais.<\/li>\r\n \t<li>Estudos promissores est\u00e3o em curso sobre os efeitos da c\u00farcuma no c\u00e2ncer de p\u00e2ncreas.<\/li>\r\n \t<li>Estudos promissores est\u00e3o em curso sobre os efeitos positivos da c\u00farcuma em mieloma m\u00faltiplo.<\/li>\r\n \t<li>Pode parar o crescimento de novos vasos sangu\u00edneos em tumores.<\/li>\r\n \t<li>Acelera a cicatriza\u00e7\u00e3o de feridas e auxilia na remodela\u00e7\u00e3o da pele danificada.<\/li>\r\n \t<li>Pode ajudar no tratamento de psor\u00edase e outras condi\u00e7\u00f5es inflamat\u00f3rias da pele.<\/li>\r\n \t<li>Devido \u00e0s suas propriedades anti-inflamat\u00f3rias, \u00e9 um tratamento natural para a artrite e a artrite reumatoide.<\/li>\r\n \t<li>\u00c9 um potente anti-inflamat\u00f3rio natural que funciona t\u00e3o bem quanto muitas drogas anti-inflamat\u00f3rias, mas sem os efeitos colaterais.<\/li>\r\n<\/ol>\r\n&nbsp;\r\n\r\nO a\u00e7afr\u00e3o\/c\u00farcuma\/turmeric\/curcumina, com tantos outros nomes dados a esta maravilha criada por Deus, cura mais de 360 doen\u00e7as, segundo o Dr. Lair Ribeiro.\r\n\r\n&nbsp;\r\n\r\nO Centro M\u00e9dico da Universidade de Maryland, EUA, explicou que a c\u00farcuma pode auxiliar no interrompimento do crescimento de vasos sangu\u00edneos que alimentam tumores cancerosos, e seus efeitos preventivos podem derivar de suas atividades antioxidantes, que por sua vez protegem as c\u00e9lulas de danos.\r\n\r\n&nbsp;\r\n\r\n<strong>Especifica\u00e7\u00e3o:<\/strong>\r\n\r\nEste produto \u00e9 100% puro e 100% natural (acompanha documenta\u00e7\u00e3o de alta pureza).\r\n\r\nN\u00e3o cont\u00e9m gl\u00faten.\r\n\r\nLivre de lactose.\r\n\r\nAntioxidante.\r\n\r\nAnti-inflamat\u00f3rio.\r\n\r\nSugest\u00e3o de consumo:\r\n\r\n&nbsp;\r\n\r\nPara preven\u00e7\u00e3o de inflama\u00e7\u00f5es e outras doen\u00e7as oportunistas: sugere-se a ingest\u00e3o de 2 c\u00e1psulas ao dia ou 1 colher de caf\u00e9 misturada em meio copo de \u00e1gua, ap\u00f3s a principal refei\u00e7\u00e3o. O consumo deste produto deve ser acompanhado da ingest\u00e3o de l\u00edquidos.\r\n\r\nPara inflama\u00e7\u00f5es: sugere-se a ingest\u00e3o de 2 a 6 c\u00e1psulas ao dia ou 1 colher de caf\u00e9 at\u00e9 3 vezes ao dia misturada em meio copo de \u00e1gua, ap\u00f3s a principal refei\u00e7\u00e3o. O consumo deste produto deve ser acompanhado da ingest\u00e3o de l\u00edquidos.\r\n\r\n&nbsp;\r\n\r\n<strong>Aten\u00e7\u00e3o:<\/strong>\r\n\r\nRecomendamos que voc\u00ea fa\u00e7a uso deste produto acompanhado de uma c\u00e1psula de piperina pura de 10 mg. Lembrando que a &#8220;piperina&#8221; n\u00e3o \u00e9 pimenta. Muitas pessoas confundem e acabam n\u00e3o obtendo os efeitos desejados. Temos &#8220;piperina&#8221; aqui em nossa loja pelo melhor pre\u00e7o e da mais alta qualidade.\r\n\r\n&nbsp;\r\n\r\nCompre conosco e tenha seguran\u00e7a total.\r\n\r\n&nbsp;\r\n\r\nSomos das empresas:\r\n\r\nSOROCOCO, LADIR, SOROPOWER e PHARMENNI.\r\n\r\n&nbsp;\r\n\r\nAlimentos e suplementos 100% puros e 100% naturais.\r\n\r\n&nbsp;\r\n<ul>\r\n \t<li>Prazo para postagem: 1 dia \u00fatil ap\u00f3s a confirma\u00e7\u00e3o do pagamento.<\/li>\r\n<\/ul>","protected":false},"excerpt":{"rendered":"<p><strong>A c\u00farcuma (a\u00e7afr\u00e3o) da nossa empresa &#8220;SOROCOCO&#8221; \u00e9 usada na \u00cdndia h\u00e1 milhares de anos para o tratamento e cura da artrite, osteoartrite e centenas de outras doen\u00e7as inflamat\u00f3rias.<\/strong><\/p>\n<p>&nbsp;<\/p>\n<p><strong>Aten\u00e7\u00e3o:<\/strong><\/p>\n<p>Recomendamos que voc\u00ea fa\u00e7a uso deste produto acompanhado de uma c\u00e1psula de piperina pura de 10 mg. Lembrando que a &#8220;piperina&#8221; n\u00e3o \u00e9 pimenta. Muitas pessoas confundem e acabam n\u00e3o obtendo os efeitos desejados. Temos &#8220;piperina&#8221; aqui em nossa loja pelo melhor pre\u00e7o e da mais alta qualidade.<\/p>\n","protected":false},"featured_media":306,"comment_status":"open","ping_status":"closed","template":"","meta":[],"product_brand":[],"product_cat":[671,69],"product_tag":[72,85,71],"class_list":{"0":"post-305","1":"product","2":"type-product","3":"status-publish","4":"has-post-thumbnail","6":"product_cat-curcumas","7":"product_cat-suplementos","8":"product_tag-acafrao","9":"product_tag-acafrao-da-terra","10":"product_tag-curcuma","12":"first","13":"instock","14":"taxable","15":"shipping-taxable","16":"purchasable","17":"product-type-simple"},"_links":{"self":[{"href":"https:\/\/kikodobem.com\/index.php?rest_route=\/wp\/v2\/product\/305","targetHints":{"allow":["GET"]}}],"collection":[{"href":"https:\/\/kikodobem.com\/index.php?rest_route=\/wp\/v2\/product"}],"about":[{"href":"https:\/\/kikodobem.com\/index.php?rest_route=\/wp\/v2\/types\/product"}],"replies":[{"embeddable":true,"href":"https:\/\/kikodobem.com\/index.php?rest_route=%2Fwp%2Fv2%2Fcomments&post=305"}],"wp:featuredmedia":[{"embeddable":true,"href":"https:\/\/kikodobem.com\/index.php?rest_route=\/wp\/v2\/media\/306"}],"wp:attachment":[{"href":"https:\/\/kikodobem.com\/index.php?rest_route=%2Fwp%2Fv2%2Fmedia&parent=305"}],"wp:term":[{"taxonomy":"product_brand","embeddable":true,"href":"https:\/\/kikodobem.com\/index.php?rest_route=%2Fwp%2Fv2%2Fproduct_brand&post=305"},{"taxonomy":"product_cat","embeddable":true,"href":"https:\/\/kikodobem.com\/index.php?rest_route=%2Fwp%2Fv2%2Fproduct_cat&post=305"},{"taxonomy":"product_tag","embeddable":true,"href":"https:\/\/kikodobem.com\/index.php?rest_route=%2Fwp%2Fv2%2Fproduct_tag&post=305"}],"curies":[{"name":"wp","href":"https:\/\/api.w.org\/{rel}","templated":true}]}}