{"id":319,"date":"2024-05-23T16:36:25","date_gmt":"2024-05-23T16:36:25","guid":{"rendered":"https:\/\/ladir.net\/?post_type=product&#038;p=319"},"modified":"2024-05-23T16:48:55","modified_gmt":"2024-05-23T16:48:55","slug":"sal-rosa-do-himalaia-com-laudo-1-kg","status":"publish","type":"product","link":"https:\/\/kikodobem.com\/?product=sal-rosa-do-himalaia-com-laudo-1-kg","title":{"rendered":"Sal Rosa do Himalaia (COM LAUDO) 1 KG"},"content":{"rendered":"<div class=\"flex flex-grow flex-col max-w-full\">\r\n<div class=\"min-h-[20px] text-message flex flex-col items-start whitespace-pre-wrap break-words [.text-message+&amp;]:mt-5 juice:w-full juice:items-end overflow-x-auto gap-2\" dir=\"auto\" data-message-author-role=\"assistant\" data-message-id=\"7ee9b5cb-a7b2-4b47-a26f-d215f5dd9176\">\r\n<div class=\"flex w-full flex-col gap-1 juice:empty:hidden juice:first:pt-[3px]\">\r\n<div class=\"markdown prose w-full break-words dark:prose-invert light\">\r\n\r\n<strong>\u00a0Benef\u00edcios do Sal Rosa do Himalaia<\/strong>\r\n\r\nO sal rosa do Himalaia oferece in\u00fameros benef\u00edcios \u00e0 sa\u00fade. Aqui est\u00e3o alguns dos principais:\r\n<ol>\r\n \t<li>Alto Grau de Pureza: \u00c9 um sal natural integral, extra\u00eddo e lavado \u00e0 m\u00e3o.<\/li>\r\n \t<li>Livre de Poluentes: N\u00e3o cont\u00e9m poluentes ou venenos comuns em outros tipos de sal.<\/li>\r\n \t<li>Hidrata\u00e7\u00e3o Corporal: Regula o teor de \u00e1gua no corpo.<\/li>\r\n \t<li>Equil\u00edbrio do pH: Promove um equil\u00edbrio saud\u00e1vel do pH nas c\u00e9lulas, especialmente no c\u00e9rebro.<\/li>\r\n \t<li>Sa\u00fade Respirat\u00f3ria: Apoia a sa\u00fade respirat\u00f3ria.<\/li>\r\n \t<li>Sa\u00fade dos Seios: Melhora a sa\u00fade dos seios.<\/li>\r\n \t<li>Rico em Minerais: Cont\u00e9m at\u00e9 84 minerais essenciais, incluindo magn\u00e9sio, que ajuda a baixar a press\u00e3o arterial.<\/li>\r\n \t<li>Preven\u00e7\u00e3o de C\u00e2imbras: Previne c\u00e2imbras musculares.<\/li>\r\n \t<li>Resist\u00eancia \u00d3ssea: Promove resist\u00eancia \u00f3ssea.<\/li>\r\n \t<li>Regula\u00e7\u00e3o do Sono: Ajuda a regular o sono.<\/li>\r\n \t<li>Sa\u00fade Vascular: Promove a sa\u00fade vascular.<\/li>\r\n \t<li>Regula\u00e7\u00e3o da Press\u00e3o Arterial: Em conjunto com \u00e1gua de boa qualidade, ajuda a regular a press\u00e3o arterial.<\/li>\r\n \t<li>N\u00e3o Refinado: \u00c9 um produto n\u00e3o refinado e 100% natural.<\/li>\r\n<\/ol>\r\n&nbsp;\r\n\r\nAo contr\u00e1rio do sal comum, o sal rosa do Himalaia promove um equil\u00edbrio saud\u00e1vel no organismo e n\u00e3o causa hipertens\u00e3o. \u00c9 uma \u00f3tima alternativa ao sal de mesa di\u00e1rio, trazendo cor e sa\u00fade para qualquer prato. Para garantir qualidade, recomendamos a compra no site da Ladir.\r\n\r\n<strong>\u00a0<\/strong>\r\n\r\n<strong>Visite nosso canal no youtube<\/strong>\r\n\r\n&nbsp;\r\n\r\nhttps:\/\/www.youtube.com\/@kikodobem\r\n\r\n<\/div>\r\n<\/div>\r\n<\/div>\r\n<\/div>\r\n<div class=\"mt-1 flex gap-3 empty:hidden juice:-ml-3\">\r\n<div class=\"items-center justify-start rounded-xl p-1 flex\">\r\n<div class=\"flex items-center\">\r\n<div class=\"flex items-center pb-0.5 juice:pb-0\"><\/div>\r\n<\/div>\r\n<\/div>\r\n<\/div>","protected":false},"excerpt":{"rendered":"<p>O sal rosa do Himalaia \u00e9 um sal natural integral, extra\u00eddo \u00e0 m\u00e3o e livre de poluentes. Rico em at\u00e9 84 minerais essenciais, como o magn\u00e9sio, beneficia a sa\u00fade de diversas formas, desde a regula\u00e7\u00e3o do pH celular at\u00e9 a preven\u00e7\u00e3o de c\u00e2imbras musculares e a promo\u00e7\u00e3o da sa\u00fade vascular. Sua pureza e propriedades o tornam uma alternativa saud\u00e1vel ao sal de mesa comum, contribuindo para uma dieta equilibrada e saud\u00e1vel.<\/p>\n<p><strong>Cont\u00e9m 1 undiade de 1kg.<\/strong><\/p>\n","protected":false},"featured_media":275,"comment_status":"open","ping_status":"closed","template":"","meta":[],"product_brand":[],"product_cat":[69],"product_tag":[],"class_list":{"0":"post-319","1":"product","2":"type-product","3":"status-publish","4":"has-post-thumbnail","6":"product_cat-suplementos","8":"first","9":"instock","10":"taxable","11":"shipping-taxable","12":"purchasable","13":"product-type-simple"},"_links":{"self":[{"href":"https:\/\/kikodobem.com\/index.php?rest_route=\/wp\/v2\/product\/319","targetHints":{"allow":["GET"]}}],"collection":[{"href":"https:\/\/kikodobem.com\/index.php?rest_route=\/wp\/v2\/product"}],"about":[{"href":"https:\/\/kikodobem.com\/index.php?rest_route=\/wp\/v2\/types\/product"}],"replies":[{"embeddable":true,"href":"https:\/\/kikodobem.com\/index.php?rest_route=%2Fwp%2Fv2%2Fcomments&post=319"}],"wp:featuredmedia":[{"embeddable":true,"href":"https:\/\/kikodobem.com\/index.php?rest_route=\/wp\/v2\/media\/275"}],"wp:attachment":[{"href":"https:\/\/kikodobem.com\/index.php?rest_route=%2Fwp%2Fv2%2Fmedia&parent=319"}],"wp:term":[{"taxonomy":"product_brand","embeddable":true,"href":"https:\/\/kikodobem.com\/index.php?rest_route=%2Fwp%2Fv2%2Fproduct_brand&post=319"},{"taxonomy":"product_cat","embeddable":true,"href":"https:\/\/kikodobem.com\/index.php?rest_route=%2Fwp%2Fv2%2Fproduct_cat&post=319"},{"taxonomy":"product_tag","embeddable":true,"href":"https:\/\/kikodobem.com\/index.php?rest_route=%2Fwp%2Fv2%2Fproduct_tag&post=319"}],"curies":[{"name":"wp","href":"https:\/\/api.w.org\/{rel}","templated":true}]}}