{"id":320,"date":"2024-05-23T16:40:19","date_gmt":"2024-05-23T16:40:19","guid":{"rendered":"https:\/\/ladir.net\/?post_type=product&#038;p=320"},"modified":"2025-07-29T14:10:51","modified_gmt":"2025-07-29T17:10:51","slug":"cloreto-de-magnesio-pa-em-escamas-1-kg","status":"publish","type":"product","link":"https:\/\/kikodobem.com\/?product=cloreto-de-magnesio-pa-em-escamas-1-kg","title":{"rendered":"Cloreto de Magn\u00e9sio PA PCT de 1 KG"},"content":{"rendered":"<iframe loading=\"lazy\" title=\"CLORETO DE MAGN\u00c9SIO ESPECIALISTAS AFIRMAM QUE TEM VALIDADE INDETERMINADA VEM COMIGO APRENDER\" width=\"500\" height=\"281\" src=\"https:\/\/www.youtube.com\/embed\/utm4TiOI-O8?feature=oembed\" frameborder=\"0\" allow=\"accelerometer; autoplay; clipboard-write; encrypted-media; gyroscope; picture-in-picture; web-share\" referrerpolicy=\"strict-origin-when-cross-origin\" allowfullscreen><\/iframe>\r\n\r\n&nbsp;\r\n\r\n&nbsp;\r\n\r\nA nutri\u00e7\u00e3o di\u00e1ria com magn\u00e9sio \u00e9 indispens\u00e1vel. Todos os dias, \u00e9 necess\u00e1rio incluir magn\u00e9sio na alimenta\u00e7\u00e3o para manter a sa\u00fade do homem moderno. Apesar dos avan\u00e7os cient\u00edficos, a humanidade continua a adoecer devido \u00e0 car\u00eancia e intoxica\u00e7\u00e3o. O magn\u00e9sio \u00e9 fundamental, participando direta ou indiretamente em mais de 90% das a\u00e7\u00f5es biol\u00f3gicas conhecidas. Ele \u00e9 essencial desde a sa\u00fade mental e emocional at\u00e9 o sistema hormonal, que coordena todos os sistemas do organismo humano ou animal. Por isso, podemos afirmar com total seguran\u00e7a que o magn\u00e9sio \u00e9 o sal da vida. Todos os sistemas do corpo humano s\u00e3o afetados pela sua car\u00eancia, desde o respirat\u00f3rio ao digestivo, passando pelo circulat\u00f3rio, excretor e locomotor.\r\n\r\n<strong>\u00a0<\/strong>\r\n\r\n<strong>Benef\u00edcios do Cloreto de Magn\u00e9sio P.A.:<\/strong>\r\n\r\n<strong>\u00a0<\/strong>\r\n<ol>\r\n \t<li>Sa\u00fade Mental e Emocional: Ajuda a regular o sistema hormonal, influenciando positivamente o humor e o bem-estar.<\/li>\r\n \t<li>Sistema End\u00f3crino: Coordena o funcionamento dos diversos sistemas do corpo humano.<\/li>\r\n \t<li>Sistema Respirat\u00f3rio: Melhora a sa\u00fade pulmonar e a respira\u00e7\u00e3o.<\/li>\r\n \t<li>Sistema Digestivo: Facilita a digest\u00e3o e a absor\u00e7\u00e3o de nutrientes.<\/li>\r\n \t<li>Sistema Circulat\u00f3rio: Promove a sa\u00fade cardiovascular e a circula\u00e7\u00e3o sangu\u00ednea.<\/li>\r\n \t<li>Sistema Excretor: Auxilia na elimina\u00e7\u00e3o de toxinas e na fun\u00e7\u00e3o renal.<\/li>\r\n \t<li>Sistema Locomotor: Fortalece os ossos e m\u00fasculos, prevenindo c\u00e3ibras e dores musculares.<\/li>\r\n \t<li>Imunidade: Fortalece o sistema imunol\u00f3gico, protegendo o organismo contra doen\u00e7as.<\/li>\r\n \t<li>Sa\u00fade Celular: Essencial para a produ\u00e7\u00e3o de energia e a manuten\u00e7\u00e3o da fun\u00e7\u00e3o celular.<\/li>\r\n<\/ol>\r\n<strong>\u00a0<\/strong>\r\n\r\n<strong>Como Conservar:<\/strong>\r\n\r\n<strong>\u00a0<\/strong>\r\n\r\n&#8211; N\u00e3o precisa de frio para conservar a solu\u00e7\u00e3o.\r\n\r\n&#8211; Basta proteger dos raios solares diretos.\r\n\r\n&#8211; Evite reutilizar recipientes de pl\u00e1stico mole, pois podem liberar componentes t\u00f3xicos com o tempo.\r\n\r\n&#8211; Prefira armazenar em recipientes de vidro ou pl\u00e1stico pr\u00f3prios para \u00e1gua, garantindo a pureza do produto.\r\n\r\n<strong>\u00a0<\/strong>\r\n\r\nPrazo para postagem: 1 dia \u00fatil\r\n\r\n&nbsp;\r\n\r\nJos\u00e9 Francisco Rodrigues (KIKO do Bem)\r\n\r\n&nbsp;\r\n\r\nDiretor das Empresas: LADIR, SOROCOCO e SOROPOWER\r\n\r\n&nbsp;\r\n\r\n&#8220;Se semeamos o BEM, n\u00e3o precisamos nos preocupar com o dia de amanh\u00e3&#8221;.\r\n\r\n&nbsp;\r\n\r\nG\u00e1latas Cap\u00edtulo 6 Vers\u00edculo 7","protected":false},"excerpt":{"rendered":"<p><strong>\u00a0CLORETO DE MAGN\u00c9SIO P.A. &#8211; O SAL DA VIDA<\/strong><\/p>\n<p><strong>\u00a0<\/strong><\/p>\n<p><strong>1 KG DE CLORETO DE MAGN\u00c9SIO P.A.<\/strong><\/p>\n<p>&nbsp;<\/p>\n<p>Transforme sua sa\u00fade com o Cloreto de Magn\u00e9sio P.A.! Essencial para o bem-estar di\u00e1rio, este suplemento participa de mais de 90% das a\u00e7\u00f5es biol\u00f3gicas do corpo, melhorando a sa\u00fade mental, hormonal, respirat\u00f3ria, digestiva, circulat\u00f3ria, excretora e locomotora. Fortale\u00e7a sua imunidade e sa\u00fade celular com facilidade de conserva\u00e7\u00e3o e uso seguro. Adquira agora e sinta a diferen\u00e7a!<\/p>\n","protected":false},"featured_media":264,"comment_status":"open","ping_status":"closed","template":"","meta":[],"product_brand":[],"product_cat":[675,69],"product_tag":[90,89,91,93,92,94],"class_list":{"0":"post-320","1":"product","2":"type-product","3":"status-publish","4":"has-post-thumbnail","6":"product_cat-magnesios","7":"product_cat-suplementos","8":"product_tag-cloreto","9":"product_tag-magnesio","10":"product_tag-puro","11":"product_tag-saude-mental-e-emocional","12":"product_tag-sistema-circulatorio","13":"product_tag-sistema-hormonal","15":"first","16":"instock","17":"taxable","18":"shipping-taxable","19":"purchasable","20":"product-type-simple"},"_links":{"self":[{"href":"https:\/\/kikodobem.com\/index.php?rest_route=\/wp\/v2\/product\/320","targetHints":{"allow":["GET"]}}],"collection":[{"href":"https:\/\/kikodobem.com\/index.php?rest_route=\/wp\/v2\/product"}],"about":[{"href":"https:\/\/kikodobem.com\/index.php?rest_route=\/wp\/v2\/types\/product"}],"replies":[{"embeddable":true,"href":"https:\/\/kikodobem.com\/index.php?rest_route=%2Fwp%2Fv2%2Fcomments&post=320"}],"wp:featuredmedia":[{"embeddable":true,"href":"https:\/\/kikodobem.com\/index.php?rest_route=\/wp\/v2\/media\/264"}],"wp:attachment":[{"href":"https:\/\/kikodobem.com\/index.php?rest_route=%2Fwp%2Fv2%2Fmedia&parent=320"}],"wp:term":[{"taxonomy":"product_brand","embeddable":true,"href":"https:\/\/kikodobem.com\/index.php?rest_route=%2Fwp%2Fv2%2Fproduct_brand&post=320"},{"taxonomy":"product_cat","embeddable":true,"href":"https:\/\/kikodobem.com\/index.php?rest_route=%2Fwp%2Fv2%2Fproduct_cat&post=320"},{"taxonomy":"product_tag","embeddable":true,"href":"https:\/\/kikodobem.com\/index.php?rest_route=%2Fwp%2Fv2%2Fproduct_tag&post=320"}],"curies":[{"name":"wp","href":"https:\/\/api.w.org\/{rel}","templated":true}]}}