{"id":325,"date":"2024-05-23T18:12:42","date_gmt":"2024-05-23T18:12:42","guid":{"rendered":"https:\/\/ladir.net\/?post_type=product&#038;p=325"},"modified":"2025-05-07T21:01:02","modified_gmt":"2025-05-08T00:01:02","slug":"vitamina-d3-5-000-ui-60-capsulas-sub-linguais","status":"publish","type":"product","link":"https:\/\/kikodobem.com\/?product=vitamina-d3-5-000-ui-60-capsulas-sub-linguais","title":{"rendered":"Vitamina D3 5.000 UI 60 C\u00e1psulas Sub-Linguais"},"content":{"rendered":"<iframe loading=\"lazy\" title=\"Imunidade Contra Gripes Resfriados e at\u00e9 85% dos C\u00e2nceres Vitaminas D3 e K2\" width=\"500\" height=\"281\" src=\"https:\/\/www.youtube.com\/embed\/eZEAgLtzJTs?feature=oembed\" frameborder=\"0\" allow=\"accelerometer; autoplay; clipboard-write; encrypted-media; gyroscope; picture-in-picture; web-share\" referrerpolicy=\"strict-origin-when-cross-origin\" allowfullscreen><\/iframe>\r\n\r\n&nbsp;\r\n\r\n<strong>Benef\u00edcios da Vitamina D-3:<\/strong>\r\n\r\n&#8211; Sa\u00fade Card\u00edaca: Participa das contra\u00e7\u00f5es do cora\u00e7\u00e3o, prevenindo o ac\u00famulo de c\u00e1lcio nas art\u00e9rias.\r\n\r\n&#8211; For\u00e7a Muscular e Ossos: Proporciona for\u00e7a muscular e promove a mineraliza\u00e7\u00e3o \u00f3ssea, prevenindo fraturas.\r\n\r\n&#8211; Preven\u00e7\u00e3o de Doen\u00e7as: Ajuda a prevenir doen\u00e7as autoimunes como diabetes tipo 1, esclerose m\u00faltipla, doen\u00e7as inflamat\u00f3rias intestinais, l\u00fapus e artrite reumatoide.\r\n\r\n&#8211; Tratamento de C\u00e2ncer: Beneficia no tratamento e preven\u00e7\u00e3o de alguns tipos de c\u00e2ncer.\r\n\r\n&#8211; Press\u00e3o Arterial: Pode reduzir a press\u00e3o arterial alta.\r\n\r\n&#8211; Desenvolvimento \u00d3sseo: Ajuda a desenvolver ossos fortes.\r\n\r\n<strong>\u00a0<\/strong>\r\n\r\n<strong>Composi\u00e7\u00e3o:<\/strong>\r\n\r\n&#8211; Vitamina D-3: 5.000 UI por c\u00e1psula\r\n\r\nPosologia:\r\n\r\n&#8211; Tome 1 c\u00e1psula por dia com uma refei\u00e7\u00e3o.\r\n\r\n<strong>\u00a0<\/strong>\r\n\r\n<strong>Qualidade e Confiabilidade:<\/strong>\r\n\r\nEste suplemento indispens\u00e1vel para a sa\u00fade \u00e9 produzido em uma farm\u00e1cia de manipula\u00e7\u00e3o extremamente confi\u00e1vel. Eu e minha fam\u00edlia usamos e confiamos nos benef\u00edcios da Vitamina D-3 SOROPOWER.\r\n\r\n&nbsp;\r\n\r\n<strong>Mensagem do Diretor:<\/strong>\r\n\r\n&#8220;Obrigado pela visita e boas compras! Lembre-se: &#8216;Se semeamos o BEM, N\u00c3O precisamos nos preocupar com o dia de amanh\u00e3.&#8217; &#8211; G\u00e1latas 6:7&#8221;\r\n\r\n&nbsp;\r\n\r\nAtenciosamente,\r\n\r\nJos\u00e9 Francisco Rodrigues (KIKO)\r\n\r\nDiretor das Empresas: SOROCOCO, LADIR, SOROPOWER\r\n\r\n&nbsp;\r\n\r\nPrazo para Postagem: 1 Dia \u00datil\r\n\r\n&nbsp;\r\n\r\nGaranta sua Vitamina D-3 SOROPOWER agora e invista na sua sa\u00fade<strong>!<\/strong>","protected":false},"excerpt":{"rendered":"<p>Vitamina D-3 SOROPOWER<\/p>\n<p>&nbsp;<\/p>\n<p>Vitamina D-3 SOROPOWER: A Vitamina dos Raios de Sol!<\/p>\n<p>A Vitamina D-3 SOROPOWER, conhecida como a vitamina dos raios de sol, \u00e9 crucial para a sa\u00fade do cora\u00e7\u00e3o, ossos e sistema imunol\u00f3gico. Com 5.000 UI por c\u00e1psula, este suplemento ajuda a prevenir doen\u00e7as autoimunes, fortalece os ossos, reduz a press\u00e3o arterial e pode at\u00e9 auxiliar no tratamento de alguns tipos de c\u00e2ncer. Tome 1 c\u00e1psula por dia com uma refei\u00e7\u00e3o e aproveite todos os benef\u00edcios deste suplemento confi\u00e1vel, produzido em uma farm\u00e1cia de manipula\u00e7\u00e3o de alta qualidade.<\/p>\n","protected":false},"featured_media":330,"comment_status":"open","ping_status":"closed","template":"","meta":[],"product_brand":[],"product_cat":[18,670],"product_tag":[117,82,118,115,114,116,119,113],"class_list":{"0":"post-325","1":"product","2":"type-product","3":"status-publish","4":"has-post-thumbnail","6":"product_cat-manipulados","7":"product_cat-vitaminas-100-naturais","8":"product_tag-autoimunes","9":"product_tag-diabetes","10":"product_tag-doencas-inflamatorias-intestinais","11":"product_tag-forca-muscular","12":"product_tag-forca-muscular-e-ossos","13":"product_tag-forca-ossos","14":"product_tag-lupus","15":"product_tag-vitamina-dos-raios-de-sol-saude-cardiaca","17":"first","18":"instock","19":"taxable","20":"shipping-taxable","21":"purchasable","22":"product-type-simple"},"_links":{"self":[{"href":"https:\/\/kikodobem.com\/index.php?rest_route=\/wp\/v2\/product\/325","targetHints":{"allow":["GET"]}}],"collection":[{"href":"https:\/\/kikodobem.com\/index.php?rest_route=\/wp\/v2\/product"}],"about":[{"href":"https:\/\/kikodobem.com\/index.php?rest_route=\/wp\/v2\/types\/product"}],"replies":[{"embeddable":true,"href":"https:\/\/kikodobem.com\/index.php?rest_route=%2Fwp%2Fv2%2Fcomments&post=325"}],"wp:featuredmedia":[{"embeddable":true,"href":"https:\/\/kikodobem.com\/index.php?rest_route=\/wp\/v2\/media\/330"}],"wp:attachment":[{"href":"https:\/\/kikodobem.com\/index.php?rest_route=%2Fwp%2Fv2%2Fmedia&parent=325"}],"wp:term":[{"taxonomy":"product_brand","embeddable":true,"href":"https:\/\/kikodobem.com\/index.php?rest_route=%2Fwp%2Fv2%2Fproduct_brand&post=325"},{"taxonomy":"product_cat","embeddable":true,"href":"https:\/\/kikodobem.com\/index.php?rest_route=%2Fwp%2Fv2%2Fproduct_cat&post=325"},{"taxonomy":"product_tag","embeddable":true,"href":"https:\/\/kikodobem.com\/index.php?rest_route=%2Fwp%2Fv2%2Fproduct_tag&post=325"}],"curies":[{"name":"wp","href":"https:\/\/api.w.org\/{rel}","templated":true}]}}