{"id":346,"date":"2024-05-23T19:15:44","date_gmt":"2024-05-23T19:15:44","guid":{"rendered":"https:\/\/ladir.net\/?post_type=product&#038;p=346"},"modified":"2025-05-07T20:58:49","modified_gmt":"2025-05-07T23:58:49","slug":"vitamina-a-10-000ui-60-capsulas-sub-linguais","status":"publish","type":"product","link":"https:\/\/kikodobem.com\/?product=vitamina-a-10-000ui-60-capsulas-sub-linguais","title":{"rendered":"VITAMINA A 10.000UI 60 C\u00c1PSULAS SUB-LINGUAIS"},"content":{"rendered":"Vitamina &#8220;A&#8221; 10000 UI em C\u00e1psulas Sublinguais para Aproveitar 100% dessa Importante Vitamina!\r\n\r\n&nbsp;\r\n\r\nA suplementa\u00e7\u00e3o di\u00e1ria de 1 c\u00e1psula sublingual de Vitamina &#8220;A&#8221; 10.000 UI por 60 dias ao ano \u00e9 essencial para uma vis\u00e3o futura saud\u00e1vel, al\u00e9m de proporcionar outros benef\u00edcios incr\u00edveis. Descubra mais:\r\n\r\n&nbsp;\r\n\r\n&#8211; Quem precisa de vitamina A? A Vitamina A \u00e9 essencial para o crescimento e diferencia\u00e7\u00e3o dos tecidos, especialmente dos olhos, mantendo-os saud\u00e1veis, assim como boca, nariz e est\u00f4mago.\r\n\r\n&nbsp;\r\n\r\n&#8211; Doen\u00e7as provocadas pela falta de vitamina A: A defici\u00eancia de vitamina A pode levar \u00e0 cegueira noturna, altera\u00e7\u00f5es na pele, dificuldade de cicatriza\u00e7\u00e3o e perda do paladar.\r\n\r\n&nbsp;\r\n\r\n&#8211; O que pode causar falta de vitamina &#8220;A&#8221;? A ingest\u00e3o inadequada de alimentos ricos em vitamina A, como cenouras, ovos, br\u00f3colis ou f\u00edgado, \u00e9 a principal causa da car\u00eancia dessa vitamina.\r\n\r\n&nbsp;\r\n\r\n&#8211; Efeitos da vitamina A na pele: O retinol, forma mais comum da vitamina A, \u00e9 respons\u00e1vel pela renova\u00e7\u00e3o celular, produ\u00e7\u00e3o de col\u00e1geno, combate \u00e0 flacidez e linhas finas, al\u00e9m de diminuir espinhas e marcas de acne.\r\n\r\n&nbsp;\r\n\r\nExperimente agora mesmo e invista em sua sa\u00fade ocular e bem-estar geral com Vitamina &#8220;A&#8221; 10000 UI em C\u00e1psulas Sublinguais!\r\n\r\n&nbsp;\r\n\r\nJos\u00e9 Francisco Rodrigues (KIKO)\r\n\r\nDiretor das Empresas: SOROCOCO, LADIR E SOROPOWER\r\n\r\n&#8220;Kiko Do Bem&#8221;\r\n\r\nConhe\u00e7a mais em: [Youtube.com\/KIKODOBEM](https:\/\/www.youtube.com\/@kikodobem)\r\n\r\n&nbsp;\r\n\r\n&#8220;Se semeamos o BEM, n\u00e3o precisamos nos preocupar com o dia de amanh\u00e3.&#8221;\r\n\r\nG\u00e1latas Cap\u00edtulo 6 Vers\u00edculo 7\r\n\r\n&nbsp;\r\n\r\nPrazo para postagem: 1 dia \u00fatil","protected":false},"excerpt":{"rendered":"<p><strong>Vitamina A SOROPOWER: Vis\u00e3o e Sa\u00fade em um S\u00f3 Produto!<\/strong><\/p>\n<p>&nbsp;<\/p>\n<p>A Vitamina A \u00e9 essencial para a vis\u00e3o, crescimento e diferencia\u00e7\u00e3o dos tecidos do corpo humano. Nossa f\u00f3rmula sublingual garante a absor\u00e7\u00e3o m\u00e1xima de 10000 UI por c\u00e1psula, proporcionando uma vis\u00e3o saud\u00e1vel e muitos outros benef\u00edcios.<\/p>\n<p>&nbsp;<\/p>\n<p><strong>Benef\u00edcios da Vitamina A:<\/strong><\/p>\n<p>&nbsp;<\/p>\n<p>Sa\u00fade Visual: Ajuda a prevenir cegueira noturna e mant\u00e9m olhos saud\u00e1veis.<\/p>\n<p>Sa\u00fade da Pele: Estimula renova\u00e7\u00e3o celular, produ\u00e7\u00e3o de col\u00e1geno e combate a acne.<\/p>\n<p>Sa\u00fade Geral: Mant\u00e9m boca, nariz, olhos e est\u00f4mago saud\u00e1veis.<\/p>\n<p>Vitamina &#8220;A&#8221; 10000 UI em C\u00e1psulas Sublinguais para Aproveitar 100% dessa Importante Vitamina!<\/p>\n<p>&nbsp;<\/p>\n<p>A suplementa\u00e7\u00e3o di\u00e1ria de 1 c\u00e1psula sublingual de Vitamina &#8220;A&#8221; 10.000 UI por 60 dias ao ano \u00e9 essencial para uma vis\u00e3o futura saud\u00e1vel, al\u00e9m de proporcionar outros benef\u00edcios incr\u00edveis. Descubra mais:<\/p>\n<p>&nbsp;<\/p>\n<p>&#8211; Quem precisa de vitamina A? A Vitamina A \u00e9 essencial para o crescimento e diferencia\u00e7\u00e3o dos tecidos, especialmente dos olhos, mantendo-os saud\u00e1veis, assim como boca, nariz e est\u00f4mago.<\/p>\n<p>&nbsp;<\/p>\n<p>&#8211; Doen\u00e7as provocadas pela falta de vitamina A: A defici\u00eancia de vitamina A pode levar \u00e0 cegueira noturna, altera\u00e7\u00f5es na pele, dificuldade de cicatriza\u00e7\u00e3o e perda do paladar.<\/p>\n<p>&nbsp;<\/p>\n<p>&#8211; O que pode causar falta de vitamina &#8220;A&#8221;? A ingest\u00e3o inadequada de alimentos ricos em vitamina A, como cenouras, ovos, br\u00f3colis ou f\u00edgado, \u00e9 a principal causa da car\u00eancia dessa vitamina.<\/p>\n<p>&nbsp;<\/p>\n<p>&#8211; Efeitos da vitamina A na pele: O retinol, forma mais comum da vitamina A, \u00e9 respons\u00e1vel pela renova\u00e7\u00e3o celular, produ\u00e7\u00e3o de col\u00e1geno, combate \u00e0 flacidez e linhas finas, al\u00e9m de diminuir espinhas e marcas de acne.<\/p>\n<p>&nbsp;<\/p>\n<p>Experimente agora mesmo e invista em sua sa\u00fade ocular e bem-estar geral com Vitamina &#8220;A&#8221; 10000 UI em C\u00e1psulas Sublinguais!<\/p>\n<p>&nbsp;<\/p>\n<p>Jos\u00e9 Francisco Rodrigues (KIKO)<\/p>\n<p>Diretor das Empresas: SOROCOCO, LADIR E SOROPOWER<\/p>\n<p>&#8220;Kiko Do Bem&#8221;<\/p>\n<p>Conhe\u00e7a mais em: [Youtube.com\/KIKODOBEM](https:\/\/www.youtube.com\/@kikodobem)<\/p>\n<p>&nbsp;<\/p>\n<p>&#8220;Se semeamos o BEM, n\u00e3o precisamos nos preocupar com o dia de amanh\u00e3.&#8221;<\/p>\n<p>G\u00e1latas Cap\u00edtulo 6 Vers\u00edculo 7<\/p>\n<p>&nbsp;<\/p>\n<p>Prazo para postagem: 1 dia \u00fatil<\/p>\n","protected":false},"featured_media":351,"comment_status":"open","ping_status":"closed","template":"","meta":[],"product_brand":[],"product_cat":[18,670],"product_tag":[126,125,124,127,103,123],"class_list":{"0":"post-346","1":"product","2":"type-product","3":"status-publish","4":"has-post-thumbnail","6":"product_cat-manipulados","7":"product_cat-vitaminas-100-naturais","8":"product_tag-alteracoes-na-pele","9":"product_tag-cegueira-noturna","10":"product_tag-pele","11":"product_tag-perda-do-paladar","12":"product_tag-vitamina","13":"product_tag-vitamina-a","15":"first","16":"instock","17":"taxable","18":"shipping-taxable","19":"purchasable","20":"product-type-simple"},"_links":{"self":[{"href":"https:\/\/kikodobem.com\/index.php?rest_route=\/wp\/v2\/product\/346","targetHints":{"allow":["GET"]}}],"collection":[{"href":"https:\/\/kikodobem.com\/index.php?rest_route=\/wp\/v2\/product"}],"about":[{"href":"https:\/\/kikodobem.com\/index.php?rest_route=\/wp\/v2\/types\/product"}],"replies":[{"embeddable":true,"href":"https:\/\/kikodobem.com\/index.php?rest_route=%2Fwp%2Fv2%2Fcomments&post=346"}],"wp:featuredmedia":[{"embeddable":true,"href":"https:\/\/kikodobem.com\/index.php?rest_route=\/wp\/v2\/media\/351"}],"wp:attachment":[{"href":"https:\/\/kikodobem.com\/index.php?rest_route=%2Fwp%2Fv2%2Fmedia&parent=346"}],"wp:term":[{"taxonomy":"product_brand","embeddable":true,"href":"https:\/\/kikodobem.com\/index.php?rest_route=%2Fwp%2Fv2%2Fproduct_brand&post=346"},{"taxonomy":"product_cat","embeddable":true,"href":"https:\/\/kikodobem.com\/index.php?rest_route=%2Fwp%2Fv2%2Fproduct_cat&post=346"},{"taxonomy":"product_tag","embeddable":true,"href":"https:\/\/kikodobem.com\/index.php?rest_route=%2Fwp%2Fv2%2Fproduct_tag&post=346"}],"curies":[{"name":"wp","href":"https:\/\/api.w.org\/{rel}","templated":true}]}}