{"id":357,"date":"2024-05-27T14:35:18","date_gmt":"2024-05-27T14:35:18","guid":{"rendered":"https:\/\/ladir.net\/?post_type=product&#038;p=357"},"modified":"2025-05-07T20:55:24","modified_gmt":"2025-05-07T23:55:24","slug":"vitamina-b12-metilcobalamina-sub-lingual-60-capsulas","status":"publish","type":"product","link":"https:\/\/kikodobem.com\/?product=vitamina-b12-metilcobalamina-sub-lingual-60-capsulas","title":{"rendered":"Vitamina B12 Metilcobalamina Sub-Lingual 60 C\u00e1psulas"},"content":{"rendered":"<iframe loading=\"lazy\" title=\"VITAMINA B12 em Metilcobalamina Diferen\u00e7a de \u00e1cido f\u00f3lico B9 com metilfolato puro j\u00e1 transformado\" width=\"500\" height=\"281\" src=\"https:\/\/www.youtube.com\/embed\/KdraG_dt6qk?feature=oembed\" frameborder=\"0\" allow=\"accelerometer; autoplay; clipboard-write; encrypted-media; gyroscope; picture-in-picture; web-share\" referrerpolicy=\"strict-origin-when-cross-origin\" allowfullscreen><\/iframe>\r\n\r\n&nbsp;\r\n\r\n&nbsp;\r\n\r\n<strong>Vitamina B12 Metilcobalamina Pura 1.000 MCG Sublingual<\/strong>\r\n\r\n&nbsp;\r\n\r\n<strong>Assista ao meu v\u00eddeo acima e descubra por que voc\u00ea precisa suplementar!<\/strong>\r\n\r\n&nbsp;\r\n\r\n<strong>&#8211; 1.000 MCG de Vitamina B-12 por c\u00e1psula sublingual<\/strong>\r\n\r\n<strong>&#8211; Comprimidos de r\u00e1pida dissolu\u00e7\u00e3o sublingual<\/strong>\r\n\r\n<strong>&#8211; Forma mais eficaz de aproveitar toda a vitamina B-12<\/strong>\r\n\r\n&nbsp;\r\n\r\n<strong>Benef\u00edcios da Vitamina B12 Metilcobalamina:<\/strong>\r\n<ol>\r\n \t<li><strong> Forma\u00e7\u00e3o e Reparo das C\u00e9lulas: Essencial para a forma\u00e7\u00e3o e manuten\u00e7\u00e3o dos gl\u00f3bulos vermelhos, prevenindo muta\u00e7\u00f5es indesejadas.<\/strong><\/li>\r\n \t<li><strong> Preven\u00e7\u00e3o da Anemia: Protege contra diversos tipos de anemia, incluindo a megalobl\u00e1stica.<\/strong><\/li>\r\n \t<li><strong> Prote\u00e7\u00e3o do Sistema Nervoso: Previne a degenera\u00e7\u00e3o do sistema nervoso, possivelmente reduzindo o risco de doen\u00e7as como Alzheimer.<\/strong><\/li>\r\n \t<li><strong> Resist\u00eancia e Energia: Melhora a produ\u00e7\u00e3o de energia e alivia a sensa\u00e7\u00e3o de fadiga.<\/strong><\/li>\r\n \t<li><strong> Preven\u00e7\u00e3o do C\u00e2ncer: Pode reduzir o risco de c\u00e2ncer de mama, pulm\u00e3o, c\u00f3lon e pr\u00f3stata.<\/strong><\/li>\r\n \t<li><strong> Controle do Colesterol e Triglicer\u00eddeos: Mant\u00e9m n\u00edveis baixos de colesterol e triglicer\u00eddeos, beneficiando o sistema circulat\u00f3rio.<\/strong><\/li>\r\n \t<li><strong> Pele, Unhas e Cabelos Saud\u00e1veis: Promove a renova\u00e7\u00e3o celular, resultando em tecidos mais saud\u00e1veis.<\/strong><\/li>\r\n \t<li><strong> Fertilidade Masculina: Aumenta o n\u00famero de espermatozoides, melhorando a fertilidade.<\/strong><\/li>\r\n \t<li><strong> Perda de Peso: Estimula o metabolismo e aumenta a energia, auxiliando na perda de peso.<\/strong><\/li>\r\n \t<li><strong> Ganho de Massa Muscular: Melhora a conex\u00e3o entre o sistema nervoso e os m\u00fasculos, garantindo um treino mais eficaz.<\/strong><\/li>\r\n<\/ol>\r\n&nbsp;\r\n\r\n<strong>Caracter\u00edsticas:<\/strong>\r\n\r\n<strong>&#8211; Sem sabor amargo<\/strong>\r\n\r\n<strong>&#8211; Adequado para vegetarianos e veganos<\/strong>\r\n\r\n<strong>&#8211; R\u00e1pida dissolu\u00e7\u00e3o e f\u00e1cil absor\u00e7\u00e3o<\/strong>\r\n\r\n<strong>&#8211; Aroma delicioso natural, sem aromatizantes artificiais<\/strong>\r\n\r\n<strong>&#8211; Produto de alta qualidade a pre\u00e7os acess\u00edveis<\/strong>\r\n\r\n<strong>\u00a0<\/strong>\r\n\r\n<strong>Sobre a Metilcobalamina:<\/strong>\r\n\r\nA metilcobalamina \u00e9 uma forma superior de vitamina B12, essencial para o metabolismo, forma\u00e7\u00e3o de c\u00e9lulas vermelhas do sangue e manuten\u00e7\u00e3o do sistema nervoso central. Ideal para vegetarianos, veganos e todos que n\u00e3o consomem alimentos de origem animal regularmente.\r\n\r\n&nbsp;\r\n\r\n<strong>Leia com carinho:<\/strong>\r\n\r\n90% das pessoas t\u00eam defici\u00eancia de vitamina B-12. Garanta uma sa\u00fade ideal suplementando com nossa Vitamina B12 Metilcobalamina!\r\n\r\n&nbsp;\r\n\r\n<strong>Sobre n\u00f3s:<\/strong>\r\n\r\n<strong>&#8211; Envio imediato!<\/strong> Enviamos sua compra em at\u00e9 1 dia \u00fatil.\r\n\r\n<strong>&#8211; Empresas:<\/strong> SOROCOCO, LADIR &amp; SOROPOWER, de propriedade do canal &#8220;Kiko do Bem&#8221; no YouTube.\r\n\r\n&nbsp;\r\n\r\nMuito obrigado pela visita e boas compras!\r\n\r\n&nbsp;\r\n\r\n<strong>Atenciosamente,<\/strong>\r\n\r\nJos\u00e9 Francisco Rodrigues (KIKO), Diretor das Empresas: SOROCOCO, LADIR E SOROPOWER\r\n\r\n&nbsp;\r\n\r\n<strong>&#8220;Se semeamos o BEM, n\u00e3o precisamos nos preocupar com o dia de amanh\u00e3.&#8221;\u00a0 <\/strong>\r\n\r\nG\u00e1latas Cap\u00edtulo 6 Vers\u00edculo 7\r\n\r\n&nbsp;\r\n\r\n<strong>Prazo para postagem: 1 dia \u00fatil<\/strong>\r\n\r\n&nbsp;\r\n\r\n[Canal no YouTube: Kiko do Bem] (https:\/\/www.youtube.com\/@kikodobem)\r\n\r\n<!--more-->","protected":false},"excerpt":{"rendered":"<p><strong>Vitamina B12 Metilcobalamina Pura 1.000 MCG Sublingual<\/strong><\/p>\n<p><strong>\u00a0<\/strong><\/p>\n<p><strong>Suplemento sublingual de r\u00e1pida dissolu\u00e7\u00e3o, garantindo a absor\u00e7\u00e3o m\u00e1xima de 1.000 MCG de Vitamina B12 por c\u00e1psula. Essencial para a forma\u00e7\u00e3o de gl\u00f3bulos vermelhos, prote\u00e7\u00e3o do sistema nervoso, aumento de energia e sa\u00fade da pele, unhas e cabelos. Adequado para vegetarianos e veganos, com um aroma natural delicioso e sem sabor amargo. Ideal para prevenir anemia, melhorar a fertilidade masculina e apoiar a perda de peso e ganho de massa muscular.<\/strong><\/p>\n<p><strong>\u00a0<\/strong><\/p>\n<p><strong>Envio em 1 dia \u00fatil.<\/strong><\/p>\n<p><strong>\u00a0<\/strong><\/p>\n<p><strong>Invista na sua sa\u00fade com a Vitamina B12 Metilcobalamina da SOROPOWER!<\/strong><\/p>\n","protected":false},"featured_media":362,"comment_status":"open","ping_status":"closed","template":"","meta":[],"product_brand":[],"product_cat":[18,670],"product_tag":[],"class_list":{"0":"post-357","1":"product","2":"type-product","3":"status-publish","4":"has-post-thumbnail","6":"product_cat-manipulados","7":"product_cat-vitaminas-100-naturais","9":"first","10":"instock","11":"taxable","12":"shipping-taxable","13":"purchasable","14":"product-type-simple"},"_links":{"self":[{"href":"https:\/\/kikodobem.com\/index.php?rest_route=\/wp\/v2\/product\/357","targetHints":{"allow":["GET"]}}],"collection":[{"href":"https:\/\/kikodobem.com\/index.php?rest_route=\/wp\/v2\/product"}],"about":[{"href":"https:\/\/kikodobem.com\/index.php?rest_route=\/wp\/v2\/types\/product"}],"replies":[{"embeddable":true,"href":"https:\/\/kikodobem.com\/index.php?rest_route=%2Fwp%2Fv2%2Fcomments&post=357"}],"wp:featuredmedia":[{"embeddable":true,"href":"https:\/\/kikodobem.com\/index.php?rest_route=\/wp\/v2\/media\/362"}],"wp:attachment":[{"href":"https:\/\/kikodobem.com\/index.php?rest_route=%2Fwp%2Fv2%2Fmedia&parent=357"}],"wp:term":[{"taxonomy":"product_brand","embeddable":true,"href":"https:\/\/kikodobem.com\/index.php?rest_route=%2Fwp%2Fv2%2Fproduct_brand&post=357"},{"taxonomy":"product_cat","embeddable":true,"href":"https:\/\/kikodobem.com\/index.php?rest_route=%2Fwp%2Fv2%2Fproduct_cat&post=357"},{"taxonomy":"product_tag","embeddable":true,"href":"https:\/\/kikodobem.com\/index.php?rest_route=%2Fwp%2Fv2%2Fproduct_tag&post=357"}],"curies":[{"name":"wp","href":"https:\/\/api.w.org\/{rel}","templated":true}]}}