{"id":363,"date":"2024-05-27T16:11:38","date_gmt":"2024-05-27T16:11:38","guid":{"rendered":"https:\/\/ladir.net\/?post_type=product&#038;p=363"},"modified":"2025-05-07T20:54:51","modified_gmt":"2025-05-07T23:54:51","slug":"amigdalina-vitamina-b17-150mg-60-capsulas","status":"publish","type":"product","link":"https:\/\/kikodobem.com\/?product=amigdalina-vitamina-b17-150mg-60-capsulas","title":{"rendered":"AMIGDALINA &#8211; VITAMINA B17 150MG 60 C\u00c1PSULAS"},"content":{"rendered":"<strong>Vitamina B17 Amigdalina SOROPOWER\/PHARMENNI<\/strong>\r\n\r\n&nbsp;\r\n\r\nUtiliza mat\u00e9ria-prima importada dos Estados Unidos.\r\n\r\n&nbsp;\r\n\r\n<strong>Benef\u00edcios Principais:<\/strong>\r\n\r\nA vitamina B17, mais conhecida como Amigdalina, \u00e9 um membro da fam\u00edlia das vitaminas do complexo B. Segundo o Dr. Lair Ribeiro, m\u00e9dico e nutr\u00f3logo, a vitamina B17 auxilia no tratamento do c\u00e2ncer, sendo eficaz na redu\u00e7\u00e3o de tumores e met\u00e1stases.\r\n\r\n&nbsp;\r\n\r\nNaturalmente encontrada em mais de 1200 alimentos, incluindo sementes de frutas como damascos, ameixas, cerejas, laranjas, nectarinas, ma\u00e7\u00e3s e p\u00eassegos, al\u00e9m de nozes cruas, nosso suplemento B17 \u00e9 extra\u00eddo de sementes de damasco. A vitamina B17, nomeada pelo bioqu\u00edmico Ernst T. Krebs em 1952, \u00e9 essencial para uma vida saud\u00e1vel, especialmente quando acompanhada de uma dieta balanceada. Com propriedades potentes de refor\u00e7o imunol\u00f3gico, a B17 fortalece as defesas naturais do corpo. A dose recomendada \u00e9 de 150 mg, 1 a 2 vezes ao dia.\r\n\r\n&nbsp;\r\n\r\n<strong>Ingredientes:<\/strong>\r\n\r\nAmigdalina, fosfato dic\u00e1lcico, celulose microcristalina, \u00e1cido este\u00e1rico, palmitato de ascorbilo, di\u00f3xido de sil\u00edcio e glicerina.\r\n\r\n&nbsp;\r\n\r\n<strong>Composi\u00e7\u00e3o:<\/strong>\r\n\r\n150 mg por c\u00e1psula\r\n\r\n&nbsp;\r\n\r\nProduto autorizado para comercializa\u00e7\u00e3o em todo o territ\u00f3rio nacional conforme a Resolu\u00e7\u00e3o da Diretoria Colegiada &#8211; RDC N\u00ba 243, de 26 de julho de 2018.\r\n\r\n&nbsp;\r\n\r\n<strong>Sugest\u00e3o de Uso:<\/strong>\r\n\r\nTomar 1 a 2 c\u00e1psulas diariamente.\r\n\r\n&nbsp;\r\n\r\nEstou farto de ver a Ind\u00fastria Farmac\u00eautica dificultar tratamentos eficazes por valorizar os lucros mais do que as vidas.\r\n\r\nBY: &#8220;CANAL: DR. KIKO DO BEM CANAL SA\u00daDE PERFEITA&#8221;\r\n\r\n&nbsp;\r\n\r\nMuito obrigado pela visita e boas compras!\r\n\r\n&nbsp;\r\n\r\nAtenciosamente, Jos\u00e9 Francisco Rodrigues (KIKO)\r\n\r\nDiretor das Empresas: SOROCOCO, LADIR, SOROPOWER e da Farm\u00e1cia de Manipula\u00e7\u00e3o e Formula\u00e7\u00e3o &#8220;PHARMENNI&#8221;.\r\n\r\n&nbsp;\r\n\r\nNas redes sociais, procure por &#8220;KIKO DO BEM&#8221; ou &#8220;DRKIKODOBEM&#8221; no YouTube, Instagram, TikTok, Facebook, Twitter e muito mais.\r\n\r\n&nbsp;\r\n\r\n&#8220;Se semeamos o BEM, N\u00c3O precisamos nos preocupar com o dia de amanh\u00e3. \u00c9 por isso que quem planta vento colhe tempestade&#8230; Seja SEMPRE do BEM.&#8221;\r\n\r\n&nbsp;\r\n\r\nG\u00e1latas Cap\u00edtulo 6 Vers\u00edculo 7\r\n\r\n&nbsp;\r\n\r\n[Assista nosso canal no YouTube] (https:\/\/www.youtube.com\/@kikodobem)\r\n\r\n&nbsp;\r\n\r\nPrazo para postagem: 1 dia \u00fatil","protected":false},"excerpt":{"rendered":"<p><strong>A Vitamina B17 Amigdalina SOROPOWER\/PHARMENNI \u00e9 um suplemento de alta qualidade, utilizando mat\u00e9ria-prima importada dos Estados Unidos. Extra\u00edda de sementes de damasco, a vitamina B17 \u00e9 conhecida por seus potenciais benef\u00edcios no tratamento do c\u00e2ncer, ajudando a reduzir tumores e met\u00e1stases, segundo o Dr. Lair Ribeiro. Com propriedades de refor\u00e7o imunol\u00f3gico, este suplemento fortalece as defesas naturais do corpo. Cada c\u00e1psula cont\u00e9m 150 mg de amigdalina, e a dose recomendada \u00e9 de 1 a 2 c\u00e1psulas por dia.<\/strong><\/p>\n<p><strong>\u00a0<\/strong><\/p>\n<p><strong>Benef\u00edcios Principais:<\/strong><\/p>\n<ul>\n<li>Potencial aux\u00edlio no tratamento do c\u00e2ncer<\/li>\n<li>Redu\u00e7\u00e3o de tumores e met\u00e1stases<\/li>\n<li>Refor\u00e7o imunol\u00f3gico<\/li>\n<li>Ingredientes naturais e de alta qualidade<\/li>\n<li>Sugest\u00e3o de Uso: Tomar 1 a 2 c\u00e1psulas diariamente.<\/li>\n<\/ul>\n","protected":false},"featured_media":365,"comment_status":"open","ping_status":"closed","template":"","meta":[],"product_brand":[],"product_cat":[18,670],"product_tag":[132,128,103,129,130,131],"class_list":{"0":"post-363","1":"product","2":"type-product","3":"status-publish","4":"has-post-thumbnail","6":"product_cat-manipulados","7":"product_cat-vitaminas-100-naturais","8":"product_tag-b17","9":"product_tag-cancer","10":"product_tag-vitamina","11":"product_tag-vitamina-b","12":"product_tag-vitamina-b17","13":"product_tag-vitaminas","15":"first","16":"instock","17":"taxable","18":"shipping-taxable","19":"purchasable","20":"product-type-simple"},"_links":{"self":[{"href":"https:\/\/kikodobem.com\/index.php?rest_route=\/wp\/v2\/product\/363","targetHints":{"allow":["GET"]}}],"collection":[{"href":"https:\/\/kikodobem.com\/index.php?rest_route=\/wp\/v2\/product"}],"about":[{"href":"https:\/\/kikodobem.com\/index.php?rest_route=\/wp\/v2\/types\/product"}],"replies":[{"embeddable":true,"href":"https:\/\/kikodobem.com\/index.php?rest_route=%2Fwp%2Fv2%2Fcomments&post=363"}],"wp:featuredmedia":[{"embeddable":true,"href":"https:\/\/kikodobem.com\/index.php?rest_route=\/wp\/v2\/media\/365"}],"wp:attachment":[{"href":"https:\/\/kikodobem.com\/index.php?rest_route=%2Fwp%2Fv2%2Fmedia&parent=363"}],"wp:term":[{"taxonomy":"product_brand","embeddable":true,"href":"https:\/\/kikodobem.com\/index.php?rest_route=%2Fwp%2Fv2%2Fproduct_brand&post=363"},{"taxonomy":"product_cat","embeddable":true,"href":"https:\/\/kikodobem.com\/index.php?rest_route=%2Fwp%2Fv2%2Fproduct_cat&post=363"},{"taxonomy":"product_tag","embeddable":true,"href":"https:\/\/kikodobem.com\/index.php?rest_route=%2Fwp%2Fv2%2Fproduct_tag&post=363"}],"curies":[{"name":"wp","href":"https:\/\/api.w.org\/{rel}","templated":true}]}}