{"id":369,"date":"2024-05-27T16:29:35","date_gmt":"2024-05-27T16:29:35","guid":{"rendered":"https:\/\/ladir.net\/?post_type=product&#038;p=369"},"modified":"2025-05-07T20:54:21","modified_gmt":"2025-05-07T23:54:21","slug":"369","status":"publish","type":"product","link":"https:\/\/kikodobem.com\/?product=369","title":{"rendered":"RIBOFLAVINA &#8211; VITAMINA B2 30MG 60 C\u00c1PSULAS"},"content":{"rendered":"<strong>Vitamina B2 (Riboflavina) 30mg SOROPOWER\/PHARMENNI<\/strong>\r\n\r\n&nbsp;\r\n\r\nUtiliza mat\u00e9ria-prima importada dos Estados Unidos.\r\n\r\n&nbsp;\r\n\r\n<strong>Benef\u00edcios da Vitamina B2 (Riboflavina)<\/strong>\r\n\r\n&nbsp;\r\n\r\nA vitamina B2, tamb\u00e9m conhecida como riboflavina, \u00e9 uma vitamina essencial do complexo B. Ela \u00e9 crucial para a manuten\u00e7\u00e3o da sa\u00fade e do bem-estar, participando de diversos processos qu\u00edmicos no organismo. Aqui est\u00e3o 13 benef\u00edcios da vitamina B2:\r\n\r\n&nbsp;\r\n<ol>\r\n \t<li><strong> Previne c\u00e2ncer cervical<\/strong><\/li>\r\n \t<li><strong> Combate \u00e0 acne<\/strong><\/li>\r\n \t<li><strong> Reduz o aparecimento de c\u00e3ibras<\/strong><\/li>\r\n \t<li><strong> Previne danos aos nervos do p\u00e9 e do tornozelo<\/strong><\/li>\r\n \t<li><strong> Previne dist\u00farbios sangu\u00edneos, como a anemia<\/strong><\/li>\r\n \t<li><strong> Previne cataratas<\/strong><\/li>\r\n \t<li><strong> Evita problemas de infertilidade<\/strong><\/li>\r\n \t<li><strong> Combate a perda de mem\u00f3ria, Alzheimer e outras doen\u00e7as neurol\u00f3gicas<\/strong><\/li>\r\n \t<li><strong> Alivia enxaquecas<\/strong><\/li>\r\n \t<li><strong> Mant\u00e9m cabelo, pele e unhas saud\u00e1veis<\/strong><\/li>\r\n \t<li><strong> Retarda o envelhecimento<\/strong><\/li>\r\n \t<li><strong> Ajuda a decompor gorduras<\/strong><\/li>\r\n \t<li><strong> Libera horm\u00f4nios importantes durante atividades f\u00edsicas, como a adrenalina, garantindo bem-estar e satisfa\u00e7\u00e3o<\/strong><\/li>\r\n<\/ol>\r\n&nbsp;\r\n\r\n<strong>Quantidade Di\u00e1ria Recomendada:<\/strong>\r\n\r\n&nbsp;\r\n\r\n&#8211; Mulheres adultas: 1.1 mg por dia\r\n\r\n&#8211; Homens adultos: 1.3 mg por dia\r\n\r\n&nbsp;\r\n\r\n<strong>Quem Precisa Ingerir Mais:<\/strong>\r\n\r\n&nbsp;\r\n\r\nMulheres em per\u00edodo de amamenta\u00e7\u00e3o e atletas precisam de maior ingest\u00e3o de vitamina B2 para garantir o equil\u00edbrio homeost\u00e1tico do corpo, pois necessitam de mais energia para produzir leite ou para realizar atividades f\u00edsicas.\r\n\r\n&nbsp;\r\n\r\n<strong>Sugest\u00e3o de Uso:<\/strong>\r\n\r\n&nbsp;\r\n\r\nTomar 1 a 2 c\u00e1psulas diariamente.\r\n\r\n&nbsp;\r\n\r\n<strong>Nota do Kiko:<\/strong>\r\n\r\n&nbsp;\r\n\r\nEstou farto de ver a Ind\u00fastria Farmac\u00eautica dificultar tratamentos eficazes por valorizar os lucros mais do que as vidas.\r\n\r\n<strong>BY: &#8220;CANAL: DR. KIKO DO BEM CANAL SA\u00daDE PERFEITA&#8221;<\/strong>\r\n\r\n&nbsp;\r\n\r\nMuito obrigado pela visita e boas compras!\r\n\r\n&nbsp;\r\n\r\n<strong>Atenciosamente, Jos\u00e9 Francisco Rodrigues (KIKO)\u00a0 <\/strong>\r\n\r\nDiretor das Empresas: SOROCOCO, LADIR, SOROPOWER e da Farm\u00e1cia de Manipula\u00e7\u00e3o e Formula\u00e7\u00e3o &#8220;PHARMENNI&#8221;.\r\n\r\n&nbsp;\r\n\r\nNas redes sociais, procure por &#8220;KIKO DO BEM&#8221; ou &#8220;DRKIKODOBEM&#8221; no YouTube, Instagram, TikTok, Facebook, Twitter e muito mais.\r\n\r\n&nbsp;\r\n\r\n&#8220;Se semeamos o BEM, N\u00c3O precisamos nos preocupar com o dia de amanh\u00e3. \u00c9 por isso que quem planta vento colhe tempestade&#8230; Seja SEMPRE do BEM.&#8221;\r\n\r\n&nbsp;\r\n\r\n<strong>G\u00e1latas Cap\u00edtulo 6 Vers\u00edculo 7<\/strong>\r\n\r\n&nbsp;\r\n\r\n[Assista nosso canal no YouTube] (https:\/\/www.youtube.com\/@kikodobem)\r\n\r\n&nbsp;\r\n\r\n<strong>Prazo para postagem: 1 dia \u00fatil<\/strong>\r\n\r\n<!--more-->","protected":false},"excerpt":{"rendered":"<p><strong>Vitamina B2 (Riboflavina) 30mg SOROPOWER\/PHARMENNI<\/strong><\/p>\n<p><strong>\u00a0<\/strong><\/p>\n<p><strong>A Vitamina B2 (Riboflavina) SOROPOWER\/PHARMENNI \u00e9 um suplemento essencial para a sa\u00fade e bem-estar, utilizando mat\u00e9ria-prima importada dos Estados Unidos. Cada c\u00e1psula fornece 30mg de riboflavina, uma vitamina do complexo B vital para v\u00e1rios processos qu\u00edmicos no organismo.<\/strong><\/p>\n<p><strong>\u00a0<\/strong><\/p>\n<p><strong>Benef\u00edcios Principais:<\/strong><\/p>\n<p><strong>\u00a0<\/strong><\/p>\n<p><strong>Previne c\u00e2ncer cervical e cataratas<\/strong><\/p>\n<p><strong>Combate acne e c\u00e3ibras<\/strong><\/p>\n<p><strong>Alivia enxaquecas e retarda o envelhecimento<\/strong><\/p>\n<p><strong>Mant\u00e9m cabelo, pele e unhas saud\u00e1veis<\/strong><\/p>\n<p><strong>Ajuda a decompor gorduras e liberar horm\u00f4nios durante atividades f\u00edsicas<\/strong><\/p>\n<p><strong>Quantidade Di\u00e1ria Recomendada:<\/strong><\/p>\n<p><strong>\u00a0<\/strong><\/p>\n<p><strong>Mulheres adultas: 1.1 mg<\/strong><\/p>\n<p><strong>Homens adultos: 1.3 mg<\/strong><\/p>\n<p><strong>Sugest\u00e3o de Uso: Tomar 1 a 2 c\u00e1psulas diariamente.<\/strong><\/p>\n<p><strong>\u00a0<\/strong><\/p>\n<p><strong>Quem Precisa Ingerir Mais:<\/strong><\/p>\n<p><strong>Mulheres em per\u00edodo de amamenta\u00e7\u00e3o e atletas necessitam de uma maior ingest\u00e3o de vitamina B2 para atender \u00e0s demandas energ\u00e9ticas adicionais.<\/strong><\/p>\n","protected":false},"featured_media":370,"comment_status":"open","ping_status":"closed","template":"","meta":[],"product_brand":[],"product_cat":[18],"product_tag":[134,135,103,129,133],"class_list":{"0":"post-369","1":"product","2":"type-product","3":"status-publish","4":"has-post-thumbnail","6":"product_cat-manipulados","7":"product_tag-b2","8":"product_tag-complexo-b","9":"product_tag-vitamina","10":"product_tag-vitamina-b","11":"product_tag-vitamina-b2","13":"first","14":"instock","15":"taxable","16":"shipping-taxable","17":"purchasable","18":"product-type-simple"},"_links":{"self":[{"href":"https:\/\/kikodobem.com\/index.php?rest_route=\/wp\/v2\/product\/369","targetHints":{"allow":["GET"]}}],"collection":[{"href":"https:\/\/kikodobem.com\/index.php?rest_route=\/wp\/v2\/product"}],"about":[{"href":"https:\/\/kikodobem.com\/index.php?rest_route=\/wp\/v2\/types\/product"}],"replies":[{"embeddable":true,"href":"https:\/\/kikodobem.com\/index.php?rest_route=%2Fwp%2Fv2%2Fcomments&post=369"}],"wp:featuredmedia":[{"embeddable":true,"href":"https:\/\/kikodobem.com\/index.php?rest_route=\/wp\/v2\/media\/370"}],"wp:attachment":[{"href":"https:\/\/kikodobem.com\/index.php?rest_route=%2Fwp%2Fv2%2Fmedia&parent=369"}],"wp:term":[{"taxonomy":"product_brand","embeddable":true,"href":"https:\/\/kikodobem.com\/index.php?rest_route=%2Fwp%2Fv2%2Fproduct_brand&post=369"},{"taxonomy":"product_cat","embeddable":true,"href":"https:\/\/kikodobem.com\/index.php?rest_route=%2Fwp%2Fv2%2Fproduct_cat&post=369"},{"taxonomy":"product_tag","embeddable":true,"href":"https:\/\/kikodobem.com\/index.php?rest_route=%2Fwp%2Fv2%2Fproduct_tag&post=369"}],"curies":[{"name":"wp","href":"https:\/\/api.w.org\/{rel}","templated":true}]}}