{"id":391,"date":"2024-05-28T12:59:32","date_gmt":"2024-05-28T12:59:32","guid":{"rendered":"https:\/\/ladir.net\/?post_type=product&#038;p=391"},"modified":"2025-05-07T20:53:56","modified_gmt":"2025-05-07T23:53:56","slug":"niacina-vitamina-b3-30mg-60-capsulas","status":"publish","type":"product","link":"https:\/\/kikodobem.com\/?product=niacina-vitamina-b3-30mg-60-capsulas","title":{"rendered":"NIACINA &#8211; VITAMINA B3 30MG 60 C\u00c1PSULAS"},"content":{"rendered":"Vitamina B3 (Niacina) 30mg SOROPOWER\/PHARMENNI\r\n\r\n&nbsp;\r\n\r\nUtiliza mat\u00e9ria-prima importada dos Estados Unidos.\r\n\r\n&nbsp;\r\n\r\nSobre a Niacinamida\r\n\r\n&nbsp;\r\n\r\nNiacinamida (Vitamina B-3) \u00e9 uma forma de Niacina, uma vitamina B sol\u00favel em \u00e1gua. Ela \u00e9 um derivado da Niacina que n\u00e3o provoca o &#8220;rubor&#8221; normalmente associado \u00e0 ingest\u00e3o de altas doses de Niacina. A Niacinamida \u00e9 imediatamente convertida em formas bioativas de Niacina (NAD+, NADH, NADP e NADPH), que s\u00e3o cofatores vitais na produ\u00e7\u00e3o de energia celular e fundamentais para a manuten\u00e7\u00e3o da estabilidade do DNA.\r\n\r\n&nbsp;\r\n\r\nBenef\u00edcios da Vitamina B3 (Niacinamida)\r\n\r\n&nbsp;\r\n\r\n&#8211; Reduz os n\u00edveis de colesterol\r\n\r\n&#8211; Produz energia para as c\u00e9lulas\r\n\r\n&#8211; Mant\u00e9m a sa\u00fade das c\u00e9lulas e protege o DNA\r\n\r\n&#8211; Mant\u00e9m a sa\u00fade do sistema nervoso\r\n\r\n&#8211; Mant\u00e9m a sa\u00fade da pele, da boca e dos olhos\r\n\r\n&#8211; Previne c\u00e2ncer de boca e garganta\r\n\r\n&#8211; Melhora o controle da diabetes\r\n\r\n&#8211; Alivia os sintomas da artrite\r\n\r\n&#8211; Previne doen\u00e7as como Alzheimer, catarata e aterosclerose\r\n\r\n&nbsp;\r\n\r\n<strong>Composi\u00e7\u00e3o do Produto<\/strong>\r\n\r\n&nbsp;\r\n\r\n&#8211; 60 c\u00e1psulas\r\n\r\n&#8211; Sem ingredientes de trigo, gl\u00faten, soja, ovo, leite, peixe, marisco ou nozes\r\n\r\n&#8211; Produzido em instala\u00e7\u00f5es de BPF que processam outros ingredientes que cont\u00eam esses al\u00e9rgenos\r\n\r\n&#8211; Sem OGMs\r\n\r\n&#8211; Adequado para vegetarianos e veganos, inclusive a c\u00e1psula\r\n\r\n&nbsp;\r\n\r\n<strong>Informa\u00e7\u00f5es Adicionais<\/strong>\r\n\r\n&nbsp;\r\n\r\n&#8211; A Niacinamida n\u00e3o provoca o rubor na pele, exceto em pessoas extremamente sens\u00edveis. Com o tempo, esse rubor desaparece.\r\n\r\n&#8211; Regenera a pele, reduzindo queratoses e carcinomas, sem o rubor desagrad\u00e1vel.\r\n\r\n&nbsp;\r\n\r\n<strong>Produto autorizado para comercializa\u00e7\u00e3o conforme ANVISA:<\/strong>\r\n\r\n&nbsp;\r\n\r\n&#8211; Anexo I da RDC 27\/2010\r\n\r\n&#8211; RDC 23\/2000\r\n\r\n&#8211; RDC 240\/2018\r\n\r\n&#8211; Autoriza\u00e7\u00e3o MS. 6.02234-1\r\n\r\n&nbsp;\r\n\r\n<strong>Sugest\u00e3o de Uso<\/strong>\r\n\r\n&nbsp;\r\n\r\nTomar 1 a 2 c\u00e1psulas diariamente.\r\n\r\n&nbsp;\r\n\r\n<strong>Nota do Kiko<\/strong>\r\n\r\n&nbsp;\r\n\r\nEstou farto de ver a Ind\u00fastria Farmac\u00eautica dificultar tratamentos eficazes por valorizar os lucros mais do que as vidas.\r\n\r\n&nbsp;\r\n\r\n<strong><em>BY: &#8220;CANAL: DR. KIKO DO BEM CANAL SA\u00daDE PERFEITA&#8221;<\/em><\/strong>\r\n\r\n&nbsp;\r\n\r\nMuito obrigado pela visita e boas compras!\r\n\r\n&nbsp;\r\n\r\n<strong>Atenciosamente, Jos\u00e9 Francisco Rodrigues (KIKO)\u00a0 <\/strong>\r\n\r\nDiretor das Empresas: SOROCOCO, LADIR, SOROPOWER e da Farm\u00e1cia de Manipula\u00e7\u00e3o e Formula\u00e7\u00e3o &#8220;PHARMENNI&#8221;.\r\n\r\n&nbsp;\r\n\r\nNas redes sociais, procure por &#8220;KIKO DO BEM&#8221; ou &#8220;DRKIKODOBEM&#8221; no YouTube, Instagram, TikTok, Facebook, Twitter e muito mais.\r\n\r\n&nbsp;\r\n\r\n&#8220;Se semeamos o BEM, N\u00c3O precisamos nos preocupar com o dia de amanh\u00e3. \u00c9 por isso que quem planta vento colhe tempestade&#8230; Seja SEMPRE do BEM.&#8221;\r\n\r\n&nbsp;\r\n\r\n<strong>G\u00e1latas Cap\u00edtulo 6 Vers\u00edculo 7<\/strong>\r\n\r\n&nbsp;\r\n\r\n[Assista nosso canal no YouTube] (https:\/\/www.youtube.com\/@kikodobem)\r\n\r\n&nbsp;\r\n\r\n<strong>Prazo para postagem: 1 dia \u00fatil<\/strong>\r\n\r\n&nbsp;\r\n\r\nVeja tamb\u00e9m: [outros produtos de sa\u00fade e bem-estar] (#)","protected":false},"excerpt":{"rendered":"<p><strong>Vitamina B3 (Niacina) 30mg SOROPOWER\/PHARMENNI<\/strong><\/p>\n<p>A Vitamina B3 (Niacina) SOROPOWER\/PHARMENNI utiliza mat\u00e9ria-prima importada dos Estados Unidos e oferece benef\u00edcios incr\u00edveis para a sa\u00fade, sem o rubor normalmente associado \u00e0 niacina.<\/p>\n<p><strong>Benef\u00edcios da Vitamina B3 (Niacinamida):<\/strong><\/p>\n<ul>\n<li>Reduz os n\u00edveis de colesterol<\/li>\n<li>Produz energia para as c\u00e9lulas<\/li>\n<li>Mant\u00e9m a sa\u00fade das c\u00e9lulas e protege o DNA<\/li>\n<li>Melhora o controle da diabetes<\/li>\n<li>Alivia os sintomas da artrite<\/li>\n<li>Previne c\u00e2ncer de boca e garganta<\/li>\n<li>Mant\u00e9m a sa\u00fade da pele, da boca e dos olhos<\/li>\n<li>Previne doen\u00e7as como Alzheimer, catarata e aterosclerose<\/li>\n<\/ul>\n<p>Nas redes sociais, procure por &#8220;KIKO DO BEM&#8221; ou &#8220;DRKIKODOBEM&#8221; no YouTube, Instagram, TikTok, Facebook, Twitter e muito mais.<\/p>\n","protected":false},"featured_media":392,"comment_status":"open","ping_status":"closed","template":"","meta":[],"product_brand":[],"product_cat":[18,670],"product_tag":[138,140,139,141,82,137,103,129,136],"class_list":{"0":"post-391","1":"product","2":"type-product","3":"status-publish","4":"has-post-thumbnail","6":"product_cat-manipulados","7":"product_cat-vitaminas-100-naturais","8":"product_tag-alzheimer","9":"product_tag-aterosclerose","10":"product_tag-catarata","11":"product_tag-colesterol","12":"product_tag-diabetes","13":"product_tag-niacina","14":"product_tag-vitamina","15":"product_tag-vitamina-b","16":"product_tag-vitamina-b3","18":"first","19":"instock","20":"taxable","21":"shipping-taxable","22":"purchasable","23":"product-type-simple"},"_links":{"self":[{"href":"https:\/\/kikodobem.com\/index.php?rest_route=\/wp\/v2\/product\/391","targetHints":{"allow":["GET"]}}],"collection":[{"href":"https:\/\/kikodobem.com\/index.php?rest_route=\/wp\/v2\/product"}],"about":[{"href":"https:\/\/kikodobem.com\/index.php?rest_route=\/wp\/v2\/types\/product"}],"replies":[{"embeddable":true,"href":"https:\/\/kikodobem.com\/index.php?rest_route=%2Fwp%2Fv2%2Fcomments&post=391"}],"wp:featuredmedia":[{"embeddable":true,"href":"https:\/\/kikodobem.com\/index.php?rest_route=\/wp\/v2\/media\/392"}],"wp:attachment":[{"href":"https:\/\/kikodobem.com\/index.php?rest_route=%2Fwp%2Fv2%2Fmedia&parent=391"}],"wp:term":[{"taxonomy":"product_brand","embeddable":true,"href":"https:\/\/kikodobem.com\/index.php?rest_route=%2Fwp%2Fv2%2Fproduct_brand&post=391"},{"taxonomy":"product_cat","embeddable":true,"href":"https:\/\/kikodobem.com\/index.php?rest_route=%2Fwp%2Fv2%2Fproduct_cat&post=391"},{"taxonomy":"product_tag","embeddable":true,"href":"https:\/\/kikodobem.com\/index.php?rest_route=%2Fwp%2Fv2%2Fproduct_tag&post=391"}],"curies":[{"name":"wp","href":"https:\/\/api.w.org\/{rel}","templated":true}]}}