{"id":441,"date":"2024-05-28T18:37:40","date_gmt":"2024-05-28T18:37:40","guid":{"rendered":"https:\/\/ladir.net\/?post_type=product&#038;p=441"},"modified":"2025-05-07T20:47:05","modified_gmt":"2025-05-07T23:47:05","slug":"vitaminas-b9-metilfolato-5mg-b6-pirodoxina-15mg-b12-metilcobalamina-1mg","status":"publish","type":"product","link":"https:\/\/kikodobem.com\/?product=vitaminas-b9-metilfolato-5mg-b6-pirodoxina-15mg-b12-metilcobalamina-1mg","title":{"rendered":"3 Potes de Vitaminas 3X1 Sub-Lingual -&gt; B9 (METILFOLATO) 5MG + B6 (PIRODOXINA) 15MG + B12 (METILCOBALAMINA) 1MG"},"content":{"rendered":"<iframe loading=\"lazy\" title=\"ADEUS CABELOS BRANCOS METILFOLATO + METILCOBALAMINA + VITAMINA B6 EM C\u00c1PSULA SUB LINGUAL MELHOR 3X1\" width=\"500\" height=\"281\" src=\"https:\/\/www.youtube.com\/embed\/244zkt2IHYk?start=1&#038;feature=oembed\" frameborder=\"0\" allow=\"accelerometer; autoplay; clipboard-write; encrypted-media; gyroscope; picture-in-picture; web-share\" referrerpolicy=\"strict-origin-when-cross-origin\" allowfullscreen><\/iframe>\r\n\r\n<strong>PIRODOXINA 15MG + METILFOLATO 5MG + METILCOBALAMINA 1MG<\/strong>\r\n\r\n<strong>Vitaminas B6 15MG + B9 5MG + B12 1MG<\/strong>\r\n\r\n&nbsp;\r\n\r\nSuplemento Multivitam\u00ednico SOROPOWER &#8211; Vitamina B6, B9 e B12\r\n\r\n&nbsp;\r\n\r\n<strong>Descri\u00e7\u00e3o:<\/strong>\r\n\r\nO suplemento multivitam\u00ednico SOROPOWER combina as vitaminas essenciais B6, B9 (\u00e1cido f\u00f3lico) e B12 em uma \u00fanica c\u00e1psula sublingual, com mat\u00e9ria-prima importada dos Estados Unidos. Este suplemento \u00e9 formulado para fornecer os benef\u00edcios abrangentes dessas vitaminas do complexo B, essenciais para a sa\u00fade neurol\u00f3gica, cardiovascular e metab\u00f3lica.\r\n\r\n<strong>\u00a0<\/strong>\r\n\r\n<strong>Composi\u00e7\u00e3o:<\/strong>\r\n\r\n<strong>&#8211; Vitamina B6 (Piridoxina):<\/strong> 15 mg\r\n\r\n<strong>&#8211; Vitamina B9 (\u00c1cido F\u00f3lico J\u00e1 transformado em METILFOLATO):<\/strong> 5 mg\r\n\r\n&#8211; <strong>Vitamina B12 (Metilcobalamina):<\/strong> 1 mg\r\n\r\n<strong>\u00a0<\/strong>\r\n\r\n<strong>Benef\u00edcios:<\/strong>\r\n\r\n&nbsp;\r\n<ol>\r\n \t<li><strong> Vitamina B6:<\/strong><\/li>\r\n<\/ol>\r\n<strong>&#8211; Produ\u00e7\u00e3o de Energia:<\/strong> Atua como coenzima em diversas rea\u00e7\u00f5es metab\u00f3licas, ajudando na produ\u00e7\u00e3o de energia.\r\n\r\n<strong>\u00a0\u00a0 &#8211; Al\u00edvio da TPM<\/strong>: Pode reduzir sintomas de tens\u00e3o pr\u00e9-menstrual.\r\n\r\n<strong>\u00a0\u00a0 &#8211; Preven\u00e7\u00e3o de Doen\u00e7as Card\u00edacas:<\/strong> Reduz inflama\u00e7\u00e3o e n\u00edveis de homociste\u00edna.\r\n\r\n<strong>\u00a0\u00a0 &#8211; Melhoria do Sistema Imunol\u00f3gico:<\/strong> Regula a resposta imunol\u00f3gica, ajudando na defesa contra doen\u00e7as.\r\n\r\n<strong>\u00a0\u00a0 &#8211; Al\u00edvio de N\u00e1useas na Gravidez:<\/strong> Ajuda a reduzir n\u00e1useas e v\u00f4mitos durante a gesta\u00e7\u00e3o.\r\n\r\n<strong>\u00a0\u00a0 &#8211; Preven\u00e7\u00e3o da Depress\u00e3o<\/strong>: Auxilia na produ\u00e7\u00e3o de neurotransmissores como serotonina.\r\n\r\n<strong>&#8211; Al\u00edvio de Sintomas de Artrite:<\/strong> Diminui inflama\u00e7\u00e3o em condi\u00e7\u00f5es como artrite reumatoide.\r\n\r\n&nbsp;\r\n<ol start=\"2\">\r\n \t<li><strong> Vitamina B9 (\u00c1cido F\u00f3lico J\u00e1 transformado em METILFOLATO):<\/strong><\/li>\r\n<\/ol>\r\n<strong>\u00a0\u00a0 &#8211; Sa\u00fade Neurol\u00f3gica: Fundamental para a forma\u00e7\u00e3o de neurotransmissores e prote\u00e7\u00e3o dos neur\u00f4nios.<\/strong>\r\n\r\n<strong>\u00a0\u00a0 &#8211; Preven\u00e7\u00e3o de Anemia: Essencial para a produ\u00e7\u00e3o de gl\u00f3bulos vermelhos.<\/strong>\r\n\r\n<strong>\u00a0\u00a0 &#8211; Redu\u00e7\u00e3o de Homociste\u00edna: Previne danos \u00e0s art\u00e9rias e doen\u00e7as cardiovasculares.<\/strong>\r\n\r\n<strong>\u00a0\u00a0 &#8211; Desenvolvimento Fetal: Crucial durante a gravidez para prevenir defeitos no tubo neural.<\/strong>\r\n\r\n&nbsp;\r\n<ol start=\"3\">\r\n \t<li><strong> Vitamina B12 (Metilcobalamina):<\/strong><\/li>\r\n<\/ol>\r\n<strong>\u00a0\u00a0 &#8211; Forma\u00e7\u00e3o e Reparo das C\u00e9lulas: Essencial para a forma\u00e7\u00e3o de gl\u00f3bulos vermelhos e DNA.<\/strong>\r\n\r\n<strong>\u00a0\u00a0 &#8211; Preven\u00e7\u00e3o da Anemia: Evita anemias comuns e complexas.<\/strong>\r\n\r\n<strong>\u00a0\u00a0 &#8211; Prote\u00e7\u00e3o do Sistema Nervoso: Pode prevenir degenera\u00e7\u00f5es como Alzheimer.<\/strong>\r\n\r\n<strong>\u00a0\u00a0 &#8211; Aumento de Energia e Resist\u00eancia: Alivia a fadiga e melhora a vitalidade.<\/strong>\r\n\r\n<strong>\u00a0\u00a0 &#8211; Preven\u00e7\u00e3o do C\u00e2ncer: Pode ajudar a reduzir o risco de alguns tipos de c\u00e2ncer.<\/strong>\r\n\r\n<strong>\u00a0\u00a0 &#8211; Manuten\u00e7\u00e3o do Colesterol: Mant\u00e9m n\u00edveis saud\u00e1veis de colesterol e triglicer\u00eddeos.<\/strong>\r\n\r\n<strong>\u00a0\u00a0 &#8211; Sa\u00fade da Pele, Unhas e Cabelos: Estimula a renova\u00e7\u00e3o celular.<\/strong>\r\n\r\n<strong>\u00a0\u00a0 &#8211; Fertilidade Masculina: Aumenta a contagem de espermatozoides.<\/strong>\r\n\r\n<strong>\u00a0\u00a0 &#8211; Perda de Peso e Ganho de Massa Muscular: Estimula o metabolismo e a energia.<\/strong>\r\n\r\n&nbsp;\r\n\r\n<strong>Embalagem:<\/strong>\r\n\r\n&#8211; Caixa contendo 60 c\u00e1psulas sublinguais.\r\n\r\n&nbsp;\r\n\r\n<strong>Postagem:<\/strong>\r\n\r\n&#8211; Prazo para postagem: 1 dia \u00fatil.\r\n\r\n&nbsp;\r\n\r\n<strong>Mensagem do Diretor:<\/strong>\r\n\r\n&#8220;Estou farto de ver a Ind\u00fastria Farmac\u00eautica dificultar tratamentos eficazes por valorizar os lucros mais do que as vidas. By: &#8216;Dr. Kiko do Bem Canal Sa\u00fade Perfeita&#8217;. Muito obrigado pela visita e boas compras!&#8221;\r\n\r\n&nbsp;\r\n\r\n<strong>Atenciosamente, Jos\u00e9 Francisco Rodrigues (KIKO)<\/strong>\r\n\r\nDiretor das Empresas: SOROCOCO, LADIR, SOROPOWER e da Farm\u00e1cia de Manipula\u00e7\u00e3o e Formula\u00e7\u00e3o &#8220;PHARMENNI&#8221;.\r\n\r\n&nbsp;\r\n\r\n<strong>Redes Sociais:<\/strong>\r\n\r\nProcure por &#8220;Kiko do Bem&#8221; ou &#8220;DrKikoDoBem&#8221; no YouTube, Instagram, TikTok, Facebook, Twitter e muito mais.\r\n\r\n&nbsp;\r\n\r\n<strong>Cita\u00e7\u00e3o B\u00edblica:<\/strong>\r\n\r\n&#8220;Se semeamos o BEM, n\u00e3o precisamos nos preocupar com o dia de amanh\u00e3.&#8221; G\u00e1latas Cap\u00edtulo 6 Vers\u00edculo 7.","protected":false},"excerpt":{"rendered":"<p><strong>METILFOLATO + METILCOBALAMINA + PIRIDOXINA<\/strong><\/p>\n<p><strong>Vitaminas B6, B9 e B12 + Complexo B<\/strong><\/p>\n<p><strong>Suplemento Multivitam\u00ednico &#8211; Vitamina B6, B9 e B12<\/strong><\/p>\n<p><strong>\u00a0<\/strong><\/p>\n<p><strong>O suplemento multivitam\u00ednico SOROPOWER combina as vitaminas essenciais B6, B9 (\u00e1cido f\u00f3lico) e B12 em uma \u00fanica c\u00e1psula sublingual, com mat\u00e9ria-prima importada dos Estados Unidos. Este suplemento \u00e9 formulado para fornecer os benef\u00edcios abrangentes dessas vitaminas do complexo B, essenciais para a sa\u00fade neurol\u00f3gica, cardiovascular e metab\u00f3lica.<\/strong><\/p>\n<p><strong>\u00a0<\/strong><\/p>\n<p><strong>Benef\u00edcios:<\/strong><\/p>\n<p><strong>\u00a0<\/strong><\/p>\n<p><strong>Vitamina B6:<\/strong><\/p>\n<p>Produ\u00e7\u00e3o de Energia: Atua como coenzima em diversas rea\u00e7\u00f5es metab\u00f3licas, ajudando na produ\u00e7\u00e3o de energia.<\/p>\n<p>Al\u00edvio da TPM: Pode reduzir sintomas de tens\u00e3o pr\u00e9-menstrual.<\/p>\n<p>Preven\u00e7\u00e3o de Doen\u00e7as Card\u00edacas: Reduz inflama\u00e7\u00e3o e n\u00edveis de homociste\u00edna.<\/p>\n<p>Melhoria do Sistema Imunol\u00f3gico: Regula a resposta imunol\u00f3gica, ajudando na defesa contra doen\u00e7as.<\/p>\n<p>Al\u00edvio de N\u00e1useas na Gravidez: Ajuda a reduzir n\u00e1useas e v\u00f4mitos durante a gesta\u00e7\u00e3o.<\/p>\n<p>Preven\u00e7\u00e3o da Depress\u00e3o: Auxilia na produ\u00e7\u00e3o de neurotransmissores como serotonina.<\/p>\n<p>Al\u00edvio de Sintomas de Artrite: Diminui inflama\u00e7\u00e3o em condi\u00e7\u00f5es como artrite reumatoide.<\/p>\n<p><strong>\u00a0<\/strong><\/p>\n<p><strong>Vitamina B9 (\u00c1cido F\u00f3lico):<\/strong><\/p>\n<p>Sa\u00fade Neurol\u00f3gica: Fundamental para a forma\u00e7\u00e3o de neurotransmissores e prote\u00e7\u00e3o dos neur\u00f4nios.<\/p>\n<p>Preven\u00e7\u00e3o de Anemia: Essencial para a produ\u00e7\u00e3o de gl\u00f3bulos vermelhos.<\/p>\n<p>Redu\u00e7\u00e3o de Homociste\u00edna: Previne danos \u00e0s art\u00e9rias e doen\u00e7as cardiovasculares.<\/p>\n<p>Desenvolvimento Fetal: Crucial durante a gravidez para prevenir defeitos no tubo neural.<\/p>\n<p>&nbsp;<\/p>\n<p><strong>Vitamina B12 (Metilcobalamina):<\/strong><\/p>\n<p>Forma\u00e7\u00e3o e Reparo das C\u00e9lulas: Essencial para a forma\u00e7\u00e3o de gl\u00f3bulos vermelhos e DNA.<\/p>\n<p>Preven\u00e7\u00e3o da Anemia: Evita anemias comuns e complexas.<\/p>\n<p>Prote\u00e7\u00e3o do Sistema Nervoso: Pode prevenir degenera\u00e7\u00f5es como Alzheimer.<\/p>\n<p>Aumento de Energia e Resist\u00eancia: Alivia a fadiga e melhora a vitalidade.<\/p>\n<p>Preven\u00e7\u00e3o do C\u00e2ncer: Pode ajudar a reduzir o risco de alguns tipos de c\u00e2ncer.<\/p>\n<p>Manuten\u00e7\u00e3o do Colesterol: Mant\u00e9m n\u00edveis saud\u00e1veis de colesterol e triglicer\u00eddeos.<\/p>\n<p>Sa\u00fade da Pele, Unhas e Cabelos: Estimula a renova\u00e7\u00e3o celular.<\/p>\n<p>Fertilidade Masculina: Aumenta a contagem de espermatozoides.<\/p>\n<p>Perda de Peso e Ganho de Massa Muscular: Estimula o metabolismo e a energia.<\/p>\n<p>Postagem:<\/p>\n<p><strong>\u00a0<\/strong><\/p>\n<p><strong>Prazo para postagem: 1 dia \u00fatil.<\/strong><\/p>\n","protected":false},"featured_media":442,"comment_status":"open","ping_status":"closed","template":"","meta":[],"product_brand":[],"product_cat":[18,670],"product_tag":[185,153,187,188,181,189,186,179,103,184,182,183,131],"class_list":{"0":"post-441","1":"product","2":"type-product","3":"status-publish","4":"has-post-thumbnail","6":"product_cat-manipulados","7":"product_cat-vitaminas-100-naturais","8":"product_tag-artrite","9":"product_tag-doencas-cardiacas","10":"product_tag-ganho-de-massa-muscular","11":"product_tag-massa-muscular","12":"product_tag-metilcobalamina","13":"product_tag-metilfolato","14":"product_tag-perda-de-peso","15":"product_tag-piridoxina","16":"product_tag-vitamina","17":"product_tag-vitamina-b12","18":"product_tag-vitamina-b6","19":"product_tag-vitamina-b9","20":"product_tag-vitaminas","22":"first","23":"instock","24":"taxable","25":"shipping-taxable","26":"purchasable","27":"product-type-simple"},"_links":{"self":[{"href":"https:\/\/kikodobem.com\/index.php?rest_route=\/wp\/v2\/product\/441","targetHints":{"allow":["GET"]}}],"collection":[{"href":"https:\/\/kikodobem.com\/index.php?rest_route=\/wp\/v2\/product"}],"about":[{"href":"https:\/\/kikodobem.com\/index.php?rest_route=\/wp\/v2\/types\/product"}],"replies":[{"embeddable":true,"href":"https:\/\/kikodobem.com\/index.php?rest_route=%2Fwp%2Fv2%2Fcomments&post=441"}],"wp:featuredmedia":[{"embeddable":true,"href":"https:\/\/kikodobem.com\/index.php?rest_route=\/wp\/v2\/media\/442"}],"wp:attachment":[{"href":"https:\/\/kikodobem.com\/index.php?rest_route=%2Fwp%2Fv2%2Fmedia&parent=441"}],"wp:term":[{"taxonomy":"product_brand","embeddable":true,"href":"https:\/\/kikodobem.com\/index.php?rest_route=%2Fwp%2Fv2%2Fproduct_brand&post=441"},{"taxonomy":"product_cat","embeddable":true,"href":"https:\/\/kikodobem.com\/index.php?rest_route=%2Fwp%2Fv2%2Fproduct_cat&post=441"},{"taxonomy":"product_tag","embeddable":true,"href":"https:\/\/kikodobem.com\/index.php?rest_route=%2Fwp%2Fv2%2Fproduct_tag&post=441"}],"curies":[{"name":"wp","href":"https:\/\/api.w.org\/{rel}","templated":true}]}}