{"id":482,"date":"2024-05-29T19:08:56","date_gmt":"2024-05-29T19:08:56","guid":{"rendered":"https:\/\/ladir.net\/?post_type=product&#038;p=482"},"modified":"2025-05-07T20:41:37","modified_gmt":"2025-05-07T23:41:37","slug":"vinagre-de-maca-100-natural-almaromi-400ml-4-de-acidez","status":"publish","type":"product","link":"https:\/\/kikodobem.com\/?product=vinagre-de-maca-100-natural-almaromi-400ml-4-de-acidez","title":{"rendered":"Vinagre de Ma\u00e7\u00e3 100% Natural Almaromi 400ML 4% de Acidez"},"content":{"rendered":"Vinagre de Ma\u00e7\u00e3 Almaromi, com 400 ML e &#8220;ZERO A\u00c7\u00daCAR&#8221;, \u00e9 uma op\u00e7\u00e3o vers\u00e1til e saborosa para adicionar um toque especial aos seus pratos. Com apenas 4% de acidez, este vinagre oferece um equil\u00edbrio perfeito de sabor e frescor. Livre de conservantes, corantes artificiais e Bisfenol &#8220;A&#8221;, garante uma experi\u00eancia aut\u00eantica e natural.\r\n\r\n&nbsp;\r\n\r\nSobre N\u00f3s: As empresas SOROCOCO, LADIR &amp; SOROPOWER, lideradas por Jos\u00e9 Francisco Rodrigues (KIKO), do canal &#8220;KIKODOBEM&#8221; no YouTube, est\u00e3o empenhadas em oferecer produtos de alta qualidade que promovem a sa\u00fade e o bem-estar. Com envio imediato, garantimos sua satisfa\u00e7\u00e3o e conveni\u00eancia.\r\n\r\n&nbsp;\r\n\r\nAgradecemos pela sua visita e desejamos boas compras!\r\n\r\n&nbsp;\r\n\r\nAtenciosamente,\r\n\r\nJos\u00e9 Francisco Rodrigues (KIKO)\r\n\r\nDiretor das Empresas: SOROCOCO, LADIR &amp; SOROPOWER\r\n\r\n&nbsp;\r\n\r\n&#8220;Se semeamos o BEM, n\u00e3o precisamos nos preocupar com o dia de amanh\u00e3.&#8221; &#8211; G\u00e1latas 6:7\r\n<ul>\r\n \t<li>Prazo para postagem: 1 dia \u00fatil<\/li>\r\n<\/ul>","protected":false},"excerpt":{"rendered":"<p><strong>O Vinagre de Ma\u00e7\u00e3 Almaromi, com 400 ML e &#8220;ZERO A\u00c7\u00daCAR&#8221;, \u00e9 uma escolha vers\u00e1til e saborosa para real\u00e7ar o sabor dos seus pratos. Com baixa acidez de apenas 4%, proporciona um equil\u00edbrio perfeito de frescor e sabor, enquanto \u00e9 livre de conservantes, corantes artificiais e Bisfenol &#8220;A&#8221;.<\/strong><\/p>\n<p><strong>\u00a0<\/strong><\/p>\n<p><strong>O Vinagre de Ma\u00e7\u00e3 Almaromi oferece uma experi\u00eancia aut\u00eantica e natural, sem aditivos indesejados. Com sua pureza e qualidade, \u00e9 uma adi\u00e7\u00e3o valiosa \u00e0 sua cozinha. Produzido sob a lideran\u00e7a das empresas SOROCOCO, LADIR &amp; SOROPOWER, dirigidas por Jos\u00e9 Francisco Rodrigues (KIKO), conhecido pelo compromisso com produtos de alta qualidade que promovem a sa\u00fade e o bem-estar. Com envio imediato e garantia de satisfa\u00e7\u00e3o, este vinagre oferece conveni\u00eancia e qualidade para seus clientes.<\/strong><\/p>\n","protected":false},"featured_media":490,"comment_status":"open","ping_status":"closed","template":"","meta":[],"product_brand":[],"product_cat":[69],"product_tag":[205,208],"class_list":{"0":"post-482","1":"product","2":"type-product","3":"status-publish","4":"has-post-thumbnail","6":"product_cat-suplementos","7":"product_tag-vinagre","8":"product_tag-vinagre-nao-organico","10":"first","11":"instock","12":"taxable","13":"shipping-taxable","14":"purchasable","15":"product-type-simple"},"_links":{"self":[{"href":"https:\/\/kikodobem.com\/index.php?rest_route=\/wp\/v2\/product\/482","targetHints":{"allow":["GET"]}}],"collection":[{"href":"https:\/\/kikodobem.com\/index.php?rest_route=\/wp\/v2\/product"}],"about":[{"href":"https:\/\/kikodobem.com\/index.php?rest_route=\/wp\/v2\/types\/product"}],"replies":[{"embeddable":true,"href":"https:\/\/kikodobem.com\/index.php?rest_route=%2Fwp%2Fv2%2Fcomments&post=482"}],"wp:featuredmedia":[{"embeddable":true,"href":"https:\/\/kikodobem.com\/index.php?rest_route=\/wp\/v2\/media\/490"}],"wp:attachment":[{"href":"https:\/\/kikodobem.com\/index.php?rest_route=%2Fwp%2Fv2%2Fmedia&parent=482"}],"wp:term":[{"taxonomy":"product_brand","embeddable":true,"href":"https:\/\/kikodobem.com\/index.php?rest_route=%2Fwp%2Fv2%2Fproduct_brand&post=482"},{"taxonomy":"product_cat","embeddable":true,"href":"https:\/\/kikodobem.com\/index.php?rest_route=%2Fwp%2Fv2%2Fproduct_cat&post=482"},{"taxonomy":"product_tag","embeddable":true,"href":"https:\/\/kikodobem.com\/index.php?rest_route=%2Fwp%2Fv2%2Fproduct_tag&post=482"}],"curies":[{"name":"wp","href":"https:\/\/api.w.org\/{rel}","templated":true}]}}