{"id":519,"date":"2024-06-04T16:32:25","date_gmt":"2024-06-04T16:32:25","guid":{"rendered":"https:\/\/ladir.net\/?post_type=product&#038;p=519"},"modified":"2025-05-07T20:39:04","modified_gmt":"2025-05-07T23:39:04","slug":"cobre-quelato-3mg-60-capsula","status":"publish","type":"product","link":"https:\/\/kikodobem.com\/?product=cobre-quelato-3mg-60-capsula","title":{"rendered":"COBRE QUELATO 3MG 60 CAPSULA"},"content":{"rendered":"<iframe loading=\"lazy\" title=\"ZINCO QUELATO Voc\u00ea Precisa Suplementar. Aprenda comigo todas as maravilhas que este mineral faz...\" width=\"500\" height=\"281\" src=\"https:\/\/www.youtube.com\/embed\/8UGWCliLpu8?feature=oembed\" frameborder=\"0\" allow=\"accelerometer; autoplay; clipboard-write; encrypted-media; gyroscope; picture-in-picture; web-share\" referrerpolicy=\"strict-origin-when-cross-origin\" allowfullscreen><\/iframe>\r\n\r\n<strong>Cobre Quelado da Soropower: Um Mineral Essencial para Sua Sa\u00fade<\/strong>\r\n\r\n<strong>Cobre Quelado da Soropower:<\/strong>\r\n<ul>\r\n \t<li>Um mineral essencial que possui <strong>potente a\u00e7\u00e3o antioxidante e anti-inflamat\u00f3ria<\/strong>.<\/li>\r\n \t<li><strong>Participa da absor\u00e7\u00e3o e no transporte de oxig\u00eanio<\/strong>, como componente da hemoglobina.<\/li>\r\n \t<li><strong>Facilita a absor\u00e7\u00e3o do ferro<\/strong> na corrente sangu\u00ednea.<\/li>\r\n \t<li><strong>Participa da produ\u00e7\u00e3o de col\u00e1geno, elastina e melanina<\/strong> na pele.<\/li>\r\n \t<li><strong>Aumenta a resist\u00eancia ao estresse<\/strong> e \u00e9 <strong>ben\u00e9fico no tratamento da artrite reumatoide<\/strong>.<\/li>\r\n \t<li><strong>Bom para a sa\u00fade do c\u00e9rebro<\/strong>.<\/li>\r\n<\/ul>\r\n<strong>Por que fazer suplementa\u00e7\u00e3o com Cobre Quelado?<\/strong>\r\n<ul>\r\n \t<li>O cobre n\u00e3o \u00e9 produzido pelo corpo humano, <strong>sendo obtido apenas atrav\u00e9s da alimenta\u00e7\u00e3o<\/strong>.<\/li>\r\n \t<li>\u00c9 <strong>muito importante para a forma\u00e7\u00e3o de c\u00e9lulas sangu\u00edneas, horm\u00f4nios e enzimas<\/strong>.<\/li>\r\n \t<li><strong>Contribui para a produ\u00e7\u00e3o de neurotransmissores<\/strong>.<\/li>\r\n<\/ul>\r\n<strong>Benef\u00edcios do Cobre Quelado da Biost\u00e9vi:<\/strong>\r\n<ul>\r\n \t<li><strong>Rep\u00f5e a car\u00eancia do V<\/strong>.<\/li>\r\n \t<li><strong>Ajuda na absor\u00e7\u00e3o de ferro<\/strong>, prevenindo anemia.<\/li>\r\n \t<li><strong>Participa do transporte de oxig\u00eanio<\/strong>.<\/li>\r\n \t<li><strong>Ajuda na preven\u00e7\u00e3o da artrite reumatoide<\/strong>.<\/li>\r\n \t<li><strong>Fortalece o sistema imunol\u00f3gico<\/strong>, aumentando a absor\u00e7\u00e3o da vitamina C.<\/li>\r\n \t<li><strong>Conserva a elasticidade e juventude da pele<\/strong>.<\/li>\r\n \t<li><strong>Estimula a produ\u00e7\u00e3o de col\u00e1geno e elastina<\/strong>.<\/li>\r\n \t<li><strong>Realiza a liga\u00e7\u00e3o col\u00e1geno-elastina<\/strong>, que mant\u00e9m a firmeza da pele.<\/li>\r\n \t<li><strong>Contribui para a beleza e sa\u00fade da pele<\/strong> com sua a\u00e7\u00e3o antioxidante.<\/li>\r\n \t<li><strong>Desempenha importante papel na forma\u00e7\u00e3o da melanina<\/strong>, respons\u00e1vel pela pigmenta\u00e7\u00e3o da pele, cabelos e olhos.<\/li>\r\n \t<li><strong>Previne o aparecimento de manchas na pele<\/strong>.<\/li>\r\n<\/ul>\r\n<strong>Composi\u00e7\u00e3o:<\/strong>\r\n<ul>\r\n \t<li>Cobre quelado 3mg<\/li>\r\n \t<li>60 c\u00e1psulas<\/li>\r\n<\/ul>\r\n<strong>Modo de Usar:<\/strong>\r\n<ul>\r\n \t<li>Tomar 1 c\u00e1psula ao dia sempre ap\u00f3s a refei\u00e7\u00e3o.<\/li>\r\n<\/ul>\r\n<strong>Importante:<\/strong>\r\n<ul>\r\n \t<li><strong>Somos uma Farm\u00e1cia de manipula\u00e7\u00e3o<\/strong>, os produtos s\u00e3o produzidos sob encomenda.<\/li>\r\n \t<li><strong>Consulte um profissional habilitado<\/strong> antes de iniciar qualquer suplementa\u00e7\u00e3o.<\/li>\r\n \t<li><strong>O cobre \u00e9 contraindicado para pacientes com degenera\u00e7\u00e3o hepatolenticular (Doen\u00e7a de Wilson)<\/strong>.<\/li>\r\n<\/ul>\r\n<strong>Venda sob prescri\u00e7\u00e3o de profissional habilitado.<\/strong>\r\n\r\n<strong>Para mais informa\u00e7\u00f5es, entre em contato pelo nosso Whatsapp.<\/strong>\r\n\r\n<strong>Cobre Quelado 3mg 60 C\u00e1psulas com o melhor pre\u00e7o do mercado!<\/strong>\r\n\r\n<strong>Nossos especialistas explicam para que serve o Cobre Quelado 3mg 60 C\u00e1psulas na descri\u00e7\u00e3o completa.<\/strong>\r\n\r\n<strong>Para mais informa\u00e7\u00f5es, entre em contato pelo nosso Whatsapp.<\/strong>\r\n\r\n<strong>Se voc\u00ea procura onde comprar Cobre Quelado 3mg 60 C\u00e1psulas, a Soropower, Sorococo e Pharmenni tem os melhores pre\u00e7os, qualidade e condi\u00e7\u00f5es especiais de pagamento.<\/strong>\r\n\r\n&nbsp;\r\n\r\n<strong>Compre agora e cuide da sua sa\u00fade!<\/strong>\r\n\r\n,\r\n<div class=\"product-description\">\r\n\r\n<strong>Muito obrigado pela visita e boas compras!!<\/strong>\r\n\r\nAtenciosamente, Jos\u00e9 Francisco Rodrigues (KIKO), Diretor das Empresas: SOROCOCO, LADIR E SOROPOWER\r\n\r\n&#8220;Kiko Do Bem&#8221;\r\n\r\n&#8220;Se semeamos o BEM, N\u00c3O precisamos nos preocupar com o dia de amanh\u00e3&#8221;.\r\n\r\nG\u00e1latas Cap\u00edtulo 6 Vers\u00edculo 7\r\n\r\n<\/div>\r\n<div class=\"product-description\">\r\n<div class=\"iluria-shipping-time-container\">\u2022 Prazo para postagem:\u00a0<span id=\"iluria-product-shipping-time\">1 dia \u00fatil<\/span><\/div>\r\n<\/div>\r\n&nbsp;","protected":false},"excerpt":{"rendered":"<p>Cobre Quelado Soropower: Um Mineral Essencial para Sua Sa\u00fade<br \/>\nCobre Quelado Soropower<\/p>\n<p>Mineral essencial com potente a\u00e7\u00e3o antioxidante e anti-inflamat\u00f3ria.<br \/>\nAuxilia na absor\u00e7\u00e3o de ferro e na produ\u00e7\u00e3o de col\u00e1geno, elastina e melanina.<br \/>\nFortalece o sistema imunol\u00f3gico e previne a artrite reumatoide.<br \/>\nBeneficia a sa\u00fade da pele e do c\u00e9rebro.<br \/>\nBenef\u00edcios:<\/p>\n<p>Rep\u00f5e a car\u00eancia de cobre no organismo.<br \/>\nPrevine anemia e artrite reumatoide.<br \/>\nFortalece o sistema imunol\u00f3gico.<br \/>\nMant\u00e9m a pele jovem e el\u00e1stica.<br \/>\nPromove a sa\u00fade do c\u00e9rebro.<\/p>\n<p><strong><br \/>\nAtenciosamente, Jos\u00e9 Francisco Rodrigues (KIKO), Diretor das Empresas: SOROCOCO, LADIR E SOROPOWER<\/strong><\/p>\n<p>&#8220;Kiko Do Bem&#8221;<\/p>\n","protected":false},"featured_media":521,"comment_status":"open","ping_status":"closed","template":"","meta":[],"product_brand":[],"product_cat":[18],"product_tag":[227,231,229,203,228,224,230,226,225],"class_list":{"0":"post-519","1":"product","2":"type-product","3":"status-publish","4":"has-post-thumbnail","6":"product_cat-manipulados","7":"product_tag-cobre","8":"product_tag-cobre-quelado","9":"product_tag-enzimas","10":"product_tag-hemoglobina","11":"product_tag-hormonios","12":"product_tag-mineral-no-organismo","13":"product_tag-neurotransmissores","14":"product_tag-saude","15":"product_tag-transporte-de-oxigenio","17":"first","18":"instock","19":"taxable","20":"shipping-taxable","21":"purchasable","22":"product-type-simple"},"_links":{"self":[{"href":"https:\/\/kikodobem.com\/index.php?rest_route=\/wp\/v2\/product\/519","targetHints":{"allow":["GET"]}}],"collection":[{"href":"https:\/\/kikodobem.com\/index.php?rest_route=\/wp\/v2\/product"}],"about":[{"href":"https:\/\/kikodobem.com\/index.php?rest_route=\/wp\/v2\/types\/product"}],"replies":[{"embeddable":true,"href":"https:\/\/kikodobem.com\/index.php?rest_route=%2Fwp%2Fv2%2Fcomments&post=519"}],"wp:featuredmedia":[{"embeddable":true,"href":"https:\/\/kikodobem.com\/index.php?rest_route=\/wp\/v2\/media\/521"}],"wp:attachment":[{"href":"https:\/\/kikodobem.com\/index.php?rest_route=%2Fwp%2Fv2%2Fmedia&parent=519"}],"wp:term":[{"taxonomy":"product_brand","embeddable":true,"href":"https:\/\/kikodobem.com\/index.php?rest_route=%2Fwp%2Fv2%2Fproduct_brand&post=519"},{"taxonomy":"product_cat","embeddable":true,"href":"https:\/\/kikodobem.com\/index.php?rest_route=%2Fwp%2Fv2%2Fproduct_cat&post=519"},{"taxonomy":"product_tag","embeddable":true,"href":"https:\/\/kikodobem.com\/index.php?rest_route=%2Fwp%2Fv2%2Fproduct_tag&post=519"}],"curies":[{"name":"wp","href":"https:\/\/api.w.org\/{rel}","templated":true}]}}