{"id":666,"date":"2024-06-12T13:27:10","date_gmt":"2024-06-12T13:27:10","guid":{"rendered":"https:\/\/ladir.net\/?post_type=product&#038;p=666"},"modified":"2025-05-07T20:27:09","modified_gmt":"2025-05-07T23:27:09","slug":"feno-grego-500mg-soropower-60-capsulas-melhora-testosterona-libido","status":"publish","type":"product","link":"https:\/\/kikodobem.com\/?product=feno-grego-500mg-soropower-60-capsulas-melhora-testosterona-libido","title":{"rendered":"FENO GREGO 500MG SOROPOWER 60 C\u00c1PSULAS MELHORA TESTOSTERONA LIBIDO"},"content":{"rendered":"<div class=\"flex-shrink-0 flex flex-col relative items-end\">\r\n<div>\r\n<div class=\"pt-0.5 juice:pt-0\">\r\n<div class=\"gizmo-bot-avatar flex h-6 w-6 items-center justify-center overflow-hidden rounded-full juice:h-8 juice:w-8\">\r\n<div class=\"relative p-1 rounded-sm flex items-center justify-center bg-token-main-surface-primary text-token-text-primary h-8 w-8\"><\/div>\r\n<\/div>\r\n<\/div>\r\n<\/div>\r\n<\/div>\r\n<div class=\"group\/conversation-turn relative flex w-full min-w-0 flex-col agent-turn\">\r\n<div class=\"flex-col gap-1 md:gap-3\">\r\n<div class=\"flex flex-grow flex-col max-w-full\">\r\n<div class=\"min-h-[20px] text-message flex flex-col items-start whitespace-pre-wrap break-words [.text-message+&amp;]:mt-5 juice:w-full juice:items-end overflow-x-auto gap-2\" dir=\"auto\" data-message-author-role=\"assistant\" data-message-id=\"5bf74012-7738-4de8-a08d-15b2a47424be\">\r\n<div class=\"flex w-full flex-col gap-1 juice:empty:hidden juice:first:pt-[3px]\">\r\n<div class=\"markdown prose w-full break-words dark:prose-invert light\">\r\n<h2>Feno Grego Dr. Kiko do Bem e Seus Benef\u00edcios<\/h2>\r\n<h3>Descri\u00e7\u00e3o do Produto<\/h3>\r\nO Feno Grego da marca Soropower, recomendado pelo Dr. Kiko do Bem, \u00e9 um suplemento natural com m\u00faltiplos benef\u00edcios para a sa\u00fade de homens e mulheres. Cada c\u00e1psula de Feno Grego Soropower \u00e9 formulada para ajudar no equil\u00edbrio hormonal, melhora do desempenho f\u00edsico e digestivo, al\u00e9m de ser um aliado na vitalidade sexual.\r\n<h3>Principais Benef\u00edcios<\/h3>\r\n<ul>\r\n \t<li><strong>Equil\u00edbrio dos N\u00edveis de Testosterona:<\/strong> O Feno Grego ajuda a equilibrar os n\u00edveis de testosterona, essencial para aumentar a resist\u00eancia muscular e melhorar o desempenho f\u00edsico.<\/li>\r\n \t<li><strong>Vitalidade Feminina e Masculina:<\/strong> Auxilia no controle dos n\u00edveis de estradiol, melhorando a vitalidade tanto em homens quanto em mulheres.<\/li>\r\n \t<li><strong>Melhora da Fun\u00e7\u00e3o Er\u00e9til:<\/strong> Contribui para a melhoria da fun\u00e7\u00e3o er\u00e9til, sendo eficaz no aumento da libido.<\/li>\r\n \t<li><strong>Al\u00edvio dos Sintomas da P\u00f3s-Menopausa:<\/strong> Ajuda a aliviar os sintomas da p\u00f3s-menopausa, promovendo o bem-estar feminino.<\/li>\r\n \t<li><strong>Propriedades Digestivas:<\/strong> Conhecido por suas propriedades digestivas, o Feno Grego pode aliviar problemas como indigest\u00e3o e azia. A fibra presente nas sementes tamb\u00e9m ajuda na regularidade intestinal e na preven\u00e7\u00e3o da constipa\u00e7\u00e3o.<\/li>\r\n \t<li><strong>Aumento da Libido:<\/strong> Aumenta a libido em homens e mulheres. Quando associado a uma c\u00e1psula de ocitocina Soropower, pode eliminar casos de impot\u00eancia sexual em ambos os sexos.<\/li>\r\n<\/ul>\r\n<h3>Modo de Uso<\/h3>\r\n<ul>\r\n \t<li><strong>Para Aumentar os N\u00edveis de Testosterona:<\/strong> Tomar 1 c\u00e1psula de 500 mg de Feno Grego Soropower de 12 em 12 horas durante 4 meses.<\/li>\r\n \t<li><strong>Melhor Hor\u00e1rio para Tomar:<\/strong> Tomar 1 c\u00e1psula 2 horas antes das principais refei\u00e7\u00f5es, com 1 a 2 copos de \u00e1gua.<\/li>\r\n<\/ul>\r\n<h3>Qualidade e Proced\u00eancia<\/h3>\r\nNossos produtos s\u00e3o cuidadosamente selecionados e fabricados com mat\u00e9ria-prima importada dos melhores pa\u00edses do mundo. Garantimos a mais alta qualidade e efic\u00e1cia para proporcionar a voc\u00ea o melhor que a natureza tem a oferecer.\r\n<h3>Considera\u00e7\u00f5es Finais<\/h3>\r\nO Feno Grego da Soropower \u00e9 um suplemento natural que oferece m\u00faltiplos benef\u00edcios para a sa\u00fade f\u00edsica, hormonal e digestiva. Confie nos produtos recomendados pelo Dr. Kiko do Bem para uma vida mais saud\u00e1vel e equilibrada.\r\n\r\n<strong>Obrigado por escolher Soropower para suas necessidades de sa\u00fade. Boas compras!<\/strong>\r\n\r\nAtenciosamente,\r\n\r\n<strong>Jos\u00e9 Francisco Rodrigues (KIKO)\r\nDiretor das Empresas: SOROCOCO, LADIR, SOROPOWER, KIKO DO BEM e PHARMENNI<\/strong>\r\n\r\n<hr \/>\r\n\r\n<strong>&#8220;Se semeamos o BEM, n\u00e3o precisamos nos preocupar com o dia de amanh\u00e3.&#8221;<\/strong>\r\nG\u00e1latas Cap\u00edtulo 6 Vers\u00edculo 7\r\n\r\n<\/div>\r\n<\/div>\r\n<\/div>\r\n<\/div>\r\n<\/div>\r\n<\/div>","protected":false},"excerpt":{"rendered":"<h1>Feno Grego Dr. Kiko do Bem e Seus Benef\u00edcios<\/h1>\n<h2>Descri\u00e7\u00e3o do Produto<\/h2>\n<p>O Feno Grego da marca Soropower, recomendado pelo Dr. Kiko do Bem, \u00e9 um suplemento natural com m\u00faltiplos benef\u00edcios para a sa\u00fade de homens e mulheres. Cada c\u00e1psula de Feno Grego Soropower \u00e9 formulada para ajudar no equil\u00edbrio hormonal, melhora do desempenho f\u00edsico e digestivo, al\u00e9m de ser um aliado na vitalidade sexual.<\/p>\n<h2>Principais Benef\u00edcios<\/h2>\n<ul>\n<li><strong>Equil\u00edbrio dos N\u00edveis de Testosterona<\/strong>: O Feno Grego ajuda a equilibrar os n\u00edveis de testosterona, essencial para aumentar a resist\u00eancia muscular e melhorar o desempenho f\u00edsico.<\/li>\n<li><strong>Vitalidade Feminina e Masculina<\/strong>: Auxilia no controle dos n\u00edveis de estradiol, melhorando a vitalidade tanto em homens quanto em mulheres.<\/li>\n<li><strong>Melhora da Fun\u00e7\u00e3o Er\u00e9til<\/strong>: Contribui para a melhoria da fun\u00e7\u00e3o er\u00e9til, sendo eficaz no aumento da libido.<\/li>\n<li><strong>Al\u00edvio dos Sintomas da P\u00f3s-Menopausa<\/strong>: Ajuda a aliviar os sintomas da p\u00f3s-menopausa, promovendo o bem-estar feminino.<\/li>\n<li><strong>Propriedades Digestivas<\/strong>: Conhecido por suas propriedades digestivas, o Feno Grego pode aliviar problemas como indigest\u00e3o e azia. A fibra presente nas sementes tamb\u00e9m ajuda na regularidade intestinal e na preven\u00e7\u00e3o da constipa\u00e7\u00e3o.<\/li>\n<li><strong>Aumento da Libido<\/strong>: Aumenta a libido em homens e mulheres. Quando associado a uma c\u00e1psula de ocitocina Soropower, pode eliminar casos de impot\u00eancia sexual em ambos os sexos.<\/li>\n<\/ul>\n","protected":false},"featured_media":667,"comment_status":"open","ping_status":"closed","template":"","meta":[],"product_brand":[],"product_cat":[69],"product_tag":[348,349,351,352,350],"class_list":{"0":"post-666","1":"product","2":"type-product","3":"status-publish","4":"has-post-thumbnail","6":"product_cat-suplementos","7":"product_tag-feno-grego","8":"product_tag-libido","9":"product_tag-pos-menopausa","10":"product_tag-testosterona","11":"product_tag-tostesterona","13":"first","14":"instock","15":"taxable","16":"shipping-taxable","17":"purchasable","18":"product-type-simple"},"_links":{"self":[{"href":"https:\/\/kikodobem.com\/index.php?rest_route=\/wp\/v2\/product\/666","targetHints":{"allow":["GET"]}}],"collection":[{"href":"https:\/\/kikodobem.com\/index.php?rest_route=\/wp\/v2\/product"}],"about":[{"href":"https:\/\/kikodobem.com\/index.php?rest_route=\/wp\/v2\/types\/product"}],"replies":[{"embeddable":true,"href":"https:\/\/kikodobem.com\/index.php?rest_route=%2Fwp%2Fv2%2Fcomments&post=666"}],"wp:featuredmedia":[{"embeddable":true,"href":"https:\/\/kikodobem.com\/index.php?rest_route=\/wp\/v2\/media\/667"}],"wp:attachment":[{"href":"https:\/\/kikodobem.com\/index.php?rest_route=%2Fwp%2Fv2%2Fmedia&parent=666"}],"wp:term":[{"taxonomy":"product_brand","embeddable":true,"href":"https:\/\/kikodobem.com\/index.php?rest_route=%2Fwp%2Fv2%2Fproduct_brand&post=666"},{"taxonomy":"product_cat","embeddable":true,"href":"https:\/\/kikodobem.com\/index.php?rest_route=%2Fwp%2Fv2%2Fproduct_cat&post=666"},{"taxonomy":"product_tag","embeddable":true,"href":"https:\/\/kikodobem.com\/index.php?rest_route=%2Fwp%2Fv2%2Fproduct_tag&post=666"}],"curies":[{"name":"wp","href":"https:\/\/api.w.org\/{rel}","templated":true}]}}