{"id":689,"date":"2024-06-12T17:40:03","date_gmt":"2024-06-12T17:40:03","guid":{"rendered":"https:\/\/ladir.net\/?post_type=product&#038;p=689"},"modified":"2025-05-07T20:14:40","modified_gmt":"2025-05-07T23:14:40","slug":"oleo-de-semente-de-abobora-soropower-1400mg-60-capsulas-gelatinosas","status":"publish","type":"product","link":"https:\/\/kikodobem.com\/?product=oleo-de-semente-de-abobora-soropower-1400mg-60-capsulas-gelatinosas","title":{"rendered":"\u00d3LEO DE SEMENTE DE AB\u00d3BORA SOROPOWER 1400MG 60 C\u00c1PSULAS GELATINOSAS"},"content":{"rendered":"<h2>\u00d3leo de Semente de Ab\u00f3bora Soropower 1400 mg &#8211; 60 C\u00e1psulas Gelatinosas<\/h2>\r\n<h3>Descri\u00e7\u00e3o do Produto<\/h3>\r\nO \u00f3leo de semente de ab\u00f3bora Soropower \u00e9 um suplemento premium, fabricado com os mais altos padr\u00f5es de qualidade, e reconhecido como o melhor do Brasil. Cada frasco cont\u00e9m 60 c\u00e1psulas gelatinosas de 1400 mg.\r\n<h3>Benef\u00edcios para a Sa\u00fade<\/h3>\r\n<ul>\r\n \t<li><strong>Antioxidantes Poderosos:<\/strong> Combate radicais livres, prevenindo o envelhecimento precoce das c\u00e9lulas, a forma\u00e7\u00e3o de rugas e manchas na pele, e promovendo hidrata\u00e7\u00e3o e maciez.<\/li>\r\n \t<li><strong>Melhoria da Fun\u00e7\u00e3o Urin\u00e1ria:<\/strong> Ajuda a melhorar o fluxo urin\u00e1rio.<\/li>\r\n \t<li><strong>Redu\u00e7\u00e3o do Colesterol LDL:<\/strong> Altos n\u00edveis de fitoester\u00f3is ajudam a reduzir o colesterol ruim (LDL) quando ingerido 1 hora antes das refei\u00e7\u00f5es.<\/li>\r\n \t<li><strong>Rico em Nutrientes Essenciais:<\/strong> Cont\u00e9m \u00f4mega-3, fibras, gorduras boas, antioxidantes, ferro e magn\u00e9sio, beneficiando o c\u00e9rebro, cora\u00e7\u00e3o e sa\u00fade intestinal.<\/li>\r\n \t<li><strong>Combate ao Estresse e Cansa\u00e7o:<\/strong> O magn\u00e9sio e triptofano promovem relaxamento, bem-estar e melhoram a mem\u00f3ria.<\/li>\r\n \t<li><strong>Sa\u00fade da Pr\u00f3stata e Tireoide:<\/strong> Rico em zinco, fortalece o sistema imune, regula a tireoide, e alivia sintomas de hiperplasia benigna da pr\u00f3stata.<\/li>\r\n \t<li><strong>A\u00e7\u00e3o Anti-parasit\u00e1ria:<\/strong> Utilizado como rem\u00e9dio caseiro contra parasitas intestinais, adequado para crian\u00e7as e adultos.<\/li>\r\n \t<li><strong>Combate \u00e0 Anemia:<\/strong> Excelente fonte vegetal de ferro, ideal para veganos e vegetarianos.<\/li>\r\n \t<li><strong>Prote\u00e7\u00e3o Cardiovascular:<\/strong> Fitoesterois, magn\u00e9sio, zinco, \u00e1cidos graxos bons e \u00f4mega-3 exercem efeito cardioprotetor, controlando press\u00e3o arterial, reduzindo risco cardiovascular, n\u00edveis de colesterol e a\u00e7\u00facar no sangue.<\/li>\r\n<\/ul>\r\n<h3>Composi\u00e7\u00e3o e Modo de Uso<\/h3>\r\n<ul>\r\n \t<li><strong>Composi\u00e7\u00e3o:<\/strong> \u00d3leo de semente de ab\u00f3bora puro, encapsulado em gelatina.<\/li>\r\n \t<li><strong>Modo de Ingest\u00e3o:<\/strong> Sugere-se a ingest\u00e3o de 1 a 2 c\u00e1psulas ao dia, preferencialmente 1 hora antes das refei\u00e7\u00f5es.<\/li>\r\n \t<li><strong>Condi\u00e7\u00f5es de Armazenamento:<\/strong> Conservar o produto bem fechado, em local seco e fresco, ao abrigo da luz e calor excessivo.<\/li>\r\n<\/ul>\r\n<h3>Mensagem do Diretor<\/h3>\r\n&#8220;Estou farto de ver a Ind\u00fastria Farmac\u00eautica dificultar tratamentos eficazes por valorizar os lucros muito mais do que as vidas. Obrigado por escolher Soropower para suas necessidades de sa\u00fade. Boas compras!&#8221;\r\n\r\n<strong>Jos\u00e9 Francisco Rodrigues (KIKO)<\/strong>\r\nDiretor das Empresas: SOROCOCO, LADIR, SOROPOWER, e da Farm\u00e1cia de Manipula\u00e7\u00e3o e Formula\u00e7\u00e3o &#8220;Pharmeni&#8221;.\r\n<h3>Acompanhe nas Redes Sociais<\/h3>\r\nPara mais informa\u00e7\u00f5es sobre sa\u00fade e bem-estar, acompanhe o &#8220;Dr. Kiko do Bem&#8221; nas redes sociais.\r\n\r\n<em>&#8220;Se semeamos o BEM, n\u00e3o precisamos nos preocupar com o dia de amanh\u00e3.&#8221;<\/em>\r\nG\u00e1latas Cap\u00edtulo 6 Vers\u00edculo 7","protected":false},"excerpt":{"rendered":"<div class=\"flex-shrink-0 flex flex-col relative items-end\">\n<div>\n<div class=\"pt-0.5 juice:pt-0\">\n<div class=\"gizmo-bot-avatar flex h-6 w-6 items-center justify-center overflow-hidden rounded-full juice:h-8 juice:w-8\">\n<div class=\"relative p-1 rounded-sm flex items-center justify-center bg-token-main-surface-primary text-token-text-primary h-8 w-8\"><\/div>\n<\/div>\n<\/div>\n<\/div>\n<\/div>\n<div class=\"group\/conversation-turn relative flex w-full min-w-0 flex-col agent-turn\">\n<div class=\"flex-col gap-1 md:gap-3\">\n<div class=\"flex flex-grow flex-col max-w-full\">\n<div class=\"min-h-[20px] text-message flex flex-col items-start whitespace-pre-wrap break-words [.text-message+&amp;]:mt-5 juice:w-full juice:items-end overflow-x-auto gap-2\" dir=\"auto\" data-message-author-role=\"assistant\" data-message-id=\"55269203-aad4-4288-8242-68c5714780a2\">\n<div class=\"flex w-full flex-col gap-1 juice:empty:hidden juice:first:pt-[3px]\">\n<div class=\"result-streaming markdown prose w-full break-words dark:prose-invert light\">\n<h3>\u00d3leo de Semente de Ab\u00f3bora Soropower 1400 mg &#8211; 60 C\u00e1psulas Gelatinosas<\/h3>\n<h4>Descri\u00e7\u00e3o do Produto<\/h4>\n<p>O \u00f3leo de semente de ab\u00f3bora Soropower \u00e9 um suplemento premium, fabricado com os mais altos padr\u00f5es de qualidade e reconhecido como o melhor do Brasil. Cada frasco cont\u00e9m 60 c\u00e1psulas gelatinosas de 1400 mg.<\/p>\n<h4>Benef\u00edcios para a Sa\u00fade<\/h4>\n<ul>\n<li><strong>Antioxidantes Poderosos:<\/strong> Combate radicais livres, prevenindo o envelhecimento precoce das c\u00e9lulas, a forma\u00e7\u00e3o de rugas e manchas na pele, e promovendo hidrata\u00e7\u00e3o e maciez.<\/li>\n<li><strong>Melhoria da Fun\u00e7\u00e3o Urin\u00e1ria:<\/strong> Ajuda a melhorar o fluxo urin\u00e1rio.<\/li>\n<li><strong>Redu\u00e7\u00e3o do Colesterol LDL:<\/strong> Altos n\u00edveis de fitoester\u00f3is ajudam a reduzir o colesterol ruim (LDL) quando ingerido 1 hora antes das refei\u00e7\u00f5es.<\/li>\n<li><strong>Rico em Nutrientes Essenciais:<\/strong> Cont\u00e9m \u00f4mega-3, fibras, gorduras boas, antioxidantes, ferro e magn\u00e9sio, beneficiando o c\u00e9rebro, cora\u00e7\u00e3o e sa\u00fade intestinal.<\/li>\n<li><strong>Combate ao Estresse e Cansa\u00e7o:<\/strong> O magn\u00e9sio e triptofano promovem relaxamento, bem-estar e melhoram a mem\u00f3ria.<\/li>\n<li><strong>Sa\u00fade da Pr\u00f3stata e Tireoide:<\/strong> Rico em zinco, fortalece o sistema imune, regula a tireoide, e alivia sintomas de hiperplasia benigna da pr\u00f3stata.<\/li>\n<li><strong>A\u00e7\u00e3o Anti-parasit\u00e1ria:<\/strong> Utilizado como rem\u00e9dio caseiro contra parasitas intestinais, adequado para crian\u00e7as e adultos.<\/li>\n<li><strong>Combate \u00e0 Anemia:<\/strong> Excelente fonte vegetal de ferro, ideal para veganos e vegetarianos.<\/li>\n<li><strong>Prote\u00e7\u00e3o Cardiovascular:<\/strong> Fitoester\u00f3is, magn\u00e9sio, zinco, \u00e1cidos graxos bons e \u00f4mega-3 exercem efeito cardioprotetor, controlando press\u00e3o arterial, reduzindo risco cardiovascular, n\u00edveis de colesterol e a\u00e7\u00facar no sangue.<\/li>\n<\/ul>\n<\/div>\n<\/div>\n<\/div>\n<\/div>\n<\/div>\n<\/div>\n","protected":false},"featured_media":693,"comment_status":"open","ping_status":"closed","template":"","meta":[],"product_brand":[],"product_cat":[69],"product_tag":[364,280,369,171,141,101,370,89,366,367,368,365,218],"class_list":{"0":"post-689","1":"product","2":"type-product","3":"status-publish","4":"has-post-thumbnail","6":"product_cat-suplementos","7":"product_tag-acidos-graxos","8":"product_tag-antioxidantes","9":"product_tag-arteria","10":"product_tag-cardiovascular","11":"product_tag-colesterol","12":"product_tag-estresse","13":"product_tag-fitoesterois","14":"product_tag-magnesio","15":"product_tag-nutrientes","16":"product_tag-omega","17":"product_tag-omega3","18":"product_tag-urinaria","19":"product_tag-zinco","21":"first","22":"instock","23":"taxable","24":"shipping-taxable","25":"purchasable","26":"product-type-simple"},"_links":{"self":[{"href":"https:\/\/kikodobem.com\/index.php?rest_route=\/wp\/v2\/product\/689","targetHints":{"allow":["GET"]}}],"collection":[{"href":"https:\/\/kikodobem.com\/index.php?rest_route=\/wp\/v2\/product"}],"about":[{"href":"https:\/\/kikodobem.com\/index.php?rest_route=\/wp\/v2\/types\/product"}],"replies":[{"embeddable":true,"href":"https:\/\/kikodobem.com\/index.php?rest_route=%2Fwp%2Fv2%2Fcomments&post=689"}],"wp:featuredmedia":[{"embeddable":true,"href":"https:\/\/kikodobem.com\/index.php?rest_route=\/wp\/v2\/media\/693"}],"wp:attachment":[{"href":"https:\/\/kikodobem.com\/index.php?rest_route=%2Fwp%2Fv2%2Fmedia&parent=689"}],"wp:term":[{"taxonomy":"product_brand","embeddable":true,"href":"https:\/\/kikodobem.com\/index.php?rest_route=%2Fwp%2Fv2%2Fproduct_brand&post=689"},{"taxonomy":"product_cat","embeddable":true,"href":"https:\/\/kikodobem.com\/index.php?rest_route=%2Fwp%2Fv2%2Fproduct_cat&post=689"},{"taxonomy":"product_tag","embeddable":true,"href":"https:\/\/kikodobem.com\/index.php?rest_route=%2Fwp%2Fv2%2Fproduct_tag&post=689"}],"curies":[{"name":"wp","href":"https:\/\/api.w.org\/{rel}","templated":true}]}}