{"id":694,"date":"2024-06-13T12:21:10","date_gmt":"2024-06-13T12:21:10","guid":{"rendered":"https:\/\/ladir.net\/?post_type=product&#038;p=694"},"modified":"2025-05-07T20:13:59","modified_gmt":"2025-05-07T23:13:59","slug":"enzimas-digestivas-60-capsulas-pharmenni-soropower-dr-kiko-do-bem","status":"publish","type":"product","link":"https:\/\/kikodobem.com\/?product=enzimas-digestivas-60-capsulas-pharmenni-soropower-dr-kiko-do-bem","title":{"rendered":"ENZIMAS DIGESTIVAS 60 C\u00c1PSULAS PHARMENNI &amp; SOROPOWER DR. KIKO DO BEM"},"content":{"rendered":"<iframe loading=\"lazy\" title=\"ENZIMAS DIGESTIVAS ESPECIAIS da marca Pharmenni &amp; Soropower Dr.  Kiko Do Bem IMPERD\u00cdVEL 15-3358-8033\" width=\"500\" height=\"281\" src=\"https:\/\/www.youtube.com\/embed\/nsVQuW7o4ZA?feature=oembed\" frameborder=\"0\" allow=\"accelerometer; autoplay; clipboard-write; encrypted-media; gyroscope; picture-in-picture; web-share\" referrerpolicy=\"strict-origin-when-cross-origin\" allowfullscreen><\/iframe>\r\n\r\n&nbsp;\r\n<div class=\"flex-shrink-0 flex flex-col relative items-end\">\r\n<div>\r\n<div class=\"pt-0.5 juice:pt-0\">\r\n<div class=\"gizmo-bot-avatar flex h-6 w-6 items-center justify-center overflow-hidden rounded-full juice:h-8 juice:w-8\">\r\n<div class=\"relative p-1 rounded-sm flex items-center justify-center bg-token-main-surface-primary text-token-text-primary h-8 w-8\"><\/div>\r\n<\/div>\r\n<\/div>\r\n<\/div>\r\n<\/div>\r\n<div class=\"group\/conversation-turn relative flex w-full min-w-0 flex-col agent-turn\">\r\n<div class=\"flex-col gap-1 md:gap-3\">\r\n<div class=\"flex flex-grow flex-col max-w-full\">\r\n<div class=\"min-h-[20px] text-message flex flex-col items-start whitespace-pre-wrap break-words [.text-message+&amp;]:mt-5 juice:w-full juice:items-end overflow-x-auto gap-2\" dir=\"auto\" data-message-author-role=\"assistant\" data-message-id=\"077208d8-7f58-4ce1-9635-9909603a32db\">\r\n<div class=\"flex w-full flex-col gap-1 juice:empty:hidden juice:first:pt-[3px]\">\r\n<div class=\"markdown prose w-full break-words dark:prose-invert light\">\r\n<h2>Enzimas Digestivas Dr. Kiko do Bem &#8211; Pharmenni &amp; Soropower<\/h2>\r\n<h3>Descri\u00e7\u00e3o do Produto<\/h3>\r\nAs Enzimas Digestivas da Pharmenni &amp; Soropower s\u00e3o formuladas para ajudar o organismo a quebrar carboidratos, gorduras e prote\u00ednas, permitindo uma absor\u00e7\u00e3o eficiente dos nutrientes e mantendo a sa\u00fade em dia. Este suplemento \u00e9 especialmente indicado para pessoas acima de 35 anos, idade em que a produ\u00e7\u00e3o natural de enzimas digestivas tende a diminuir, resultando em uma menor absor\u00e7\u00e3o dos nutrientes.\r\n<h3>Benef\u00edcios das Enzimas Digestivas<\/h3>\r\n<ul>\r\n \t<li><strong>Melhoria do Sistema Digestivo:<\/strong> Ajuda a evitar desconfortos abdominais e flatul\u00eancias.<\/li>\r\n \t<li><strong>Sensa\u00e7\u00e3o de Leveza:<\/strong> Contribui para reduzir a sensa\u00e7\u00e3o de est\u00f4mago cheio e pesado.<\/li>\r\n \t<li><strong>Absor\u00e7\u00e3o de Nutrientes:<\/strong> Auxilia na absor\u00e7\u00e3o eficiente dos nutrientes.<\/li>\r\n \t<li><strong>Elimina\u00e7\u00e3o de Toxinas:<\/strong> Facilita a elimina\u00e7\u00e3o de toxinas do corpo.<\/li>\r\n<\/ul>\r\n<h3>Composi\u00e7\u00e3o<\/h3>\r\nCada c\u00e1psula cont\u00e9m:\r\n<ul>\r\n \t<li><strong>Papa\u00edna:<\/strong> 30 mg<\/li>\r\n \t<li><strong>Bromelina:<\/strong> 60 mg<\/li>\r\n \t<li><strong>Lactase:<\/strong> 40 mg<\/li>\r\n \t<li><strong>Amilase:<\/strong> 50 mg<\/li>\r\n \t<li><strong>Lipase:<\/strong> 25 mg<\/li>\r\n \t<li><strong>Pancreatina:<\/strong> 250 mg<\/li>\r\n<\/ul>\r\n<h3>Modo de Uso<\/h3>\r\n<ul>\r\n \t<li>Tomar at\u00e9 duas doses ao dia, antes das principais refei\u00e7\u00f5es (almo\u00e7o e jantar).<\/li>\r\n<\/ul>\r\n<h3>Condi\u00e7\u00f5es de Armazenamento<\/h3>\r\nConservar o produto bem fechado, em local seco e fresco, ao abrigo da luz e calor excessivo.\r\n<h3>Mensagem do Diretor<\/h3>\r\n&#8220;Estou farto de ver a Ind\u00fastria Farmac\u00eautica dificultar tratamentos eficazes por valorizar os lucros muito mais do que as vidas. Obrigado por escolher Soropower e Pharmenni para suas necessidades de sa\u00fade. Boas compras!&#8221;\r\n\r\n<strong>Jos\u00e9 Francisco Rodrigues (KIKO)<\/strong>\r\nDiretor das Empresas: SOROCOCO, LADIR, SOROPOWER, KIKO DO BEM e da Farm\u00e1cia de Manipula\u00e7\u00e3o e Formula\u00e7\u00e3o &#8220;Pharmenni&#8221;.\r\n<h3>Acompanhe nas Redes Sociais<\/h3>\r\nPara mais informa\u00e7\u00f5es sobre sa\u00fade e bem-estar, acompanhe o &#8220;Dr. Kiko do Bem&#8221; nas redes sociais.\r\n\r\n<em>&#8220;Se semeamos o BEM, n\u00e3o precisamos nos preocupar com o dia de amanh\u00e3.&#8221;<\/em>\r\nG\u00e1latas Cap\u00edtulo 6 Vers\u00edculo 7\r\n\r\n<\/div>\r\n<\/div>\r\n<\/div>\r\n<\/div>\r\n<\/div>\r\n<\/div>","protected":false},"excerpt":{"rendered":"<div class=\"flex-shrink-0 flex flex-col relative items-end\">\n<div>\n<div class=\"pt-0.5 juice:pt-0\">\n<div class=\"gizmo-bot-avatar flex h-6 w-6 items-center justify-center overflow-hidden rounded-full juice:h-8 juice:w-8\">\n<div class=\"relative p-1 rounded-sm flex items-center justify-center bg-token-main-surface-primary text-token-text-primary h-8 w-8\"><span style=\"font-size: 1.5em;font-weight: bold\">Enzimas Digestivas Dr. Kiko do Bem &#8211; Pharmenni &amp; Soropower<\/span><\/div>\n<\/div>\n<\/div>\n<\/div>\n<\/div>\n<div class=\"group\/conversation-turn relative flex w-full min-w-0 flex-col agent-turn\">\n<div class=\"flex-col gap-1 md:gap-3\">\n<div class=\"flex flex-grow flex-col max-w-full\">\n<div class=\"min-h-[20px] text-message flex flex-col items-start whitespace-pre-wrap break-words [.text-message+&amp;]:mt-5 juice:w-full juice:items-end overflow-x-auto gap-2\" dir=\"auto\" data-message-author-role=\"assistant\" data-message-id=\"6bf57a60-ad23-437b-bd44-0a01cd2e7ab1\">\n<div class=\"flex w-full flex-col gap-1 juice:empty:hidden juice:first:pt-[3px]\">\n<div class=\"result-streaming markdown prose w-full break-words dark:prose-invert light\">\n<h4>Descri\u00e7\u00e3o do Produto<\/h4>\n<p>As Enzimas Digestivas da Pharmenni &amp; Soropower s\u00e3o formuladas para ajudar o organismo a quebrar carboidratos, gorduras e prote\u00ednas, permitindo uma absor\u00e7\u00e3o eficiente dos nutrientes e mantendo a sa\u00fade em dia. Este suplemento \u00e9 especialmente indicado para pessoas acima de 35 anos, idade em que a produ\u00e7\u00e3o natural de enzimas digestivas tende a diminuir, resultando em uma menor absor\u00e7\u00e3o dos nutrientes.<\/p>\n<h4>Benef\u00edcios das Enzimas Digestivas<\/h4>\n<ul>\n<li><strong>Melhoria do Sistema Digestivo:<\/strong> Ajuda a evitar desconfortos abdominais e flatul\u00eancias.<\/li>\n<li><strong>Sensa\u00e7\u00e3o de Leveza:<\/strong> Contribui para reduzir a sensa\u00e7\u00e3o de est\u00f4mago cheio e pesado.<\/li>\n<li><strong>Absor\u00e7\u00e3o de Nutrientes:<\/strong> Auxilia na absor\u00e7\u00e3o eficiente dos nutrientes.<\/li>\n<li><strong>Elimina\u00e7\u00e3o de Toxinas:<\/strong> Facilita a elimina\u00e7\u00e3o de toxinas do corpo.<\/li>\n<\/ul>\n<\/div>\n<\/div>\n<\/div>\n<\/div>\n<\/div>\n<\/div>\n","protected":false},"featured_media":696,"comment_status":"open","ping_status":"closed","template":"","meta":[],"product_brand":[],"product_cat":[18],"product_tag":[371,374,372,373,376,375,266],"class_list":{"0":"post-694","1":"product","2":"type-product","3":"status-publish","4":"has-post-thumbnail","6":"product_cat-manipulados","7":"product_tag-carboidratos","8":"product_tag-digestivo","9":"product_tag-gorduras","10":"product_tag-proteinas","11":"product_tag-sensacao-de-leveza","12":"product_tag-sistema-digestivo","13":"product_tag-toxinas","15":"first","16":"instock","17":"taxable","18":"shipping-taxable","19":"purchasable","20":"product-type-simple"},"_links":{"self":[{"href":"https:\/\/kikodobem.com\/index.php?rest_route=\/wp\/v2\/product\/694","targetHints":{"allow":["GET"]}}],"collection":[{"href":"https:\/\/kikodobem.com\/index.php?rest_route=\/wp\/v2\/product"}],"about":[{"href":"https:\/\/kikodobem.com\/index.php?rest_route=\/wp\/v2\/types\/product"}],"replies":[{"embeddable":true,"href":"https:\/\/kikodobem.com\/index.php?rest_route=%2Fwp%2Fv2%2Fcomments&post=694"}],"wp:featuredmedia":[{"embeddable":true,"href":"https:\/\/kikodobem.com\/index.php?rest_route=\/wp\/v2\/media\/696"}],"wp:attachment":[{"href":"https:\/\/kikodobem.com\/index.php?rest_route=%2Fwp%2Fv2%2Fmedia&parent=694"}],"wp:term":[{"taxonomy":"product_brand","embeddable":true,"href":"https:\/\/kikodobem.com\/index.php?rest_route=%2Fwp%2Fv2%2Fproduct_brand&post=694"},{"taxonomy":"product_cat","embeddable":true,"href":"https:\/\/kikodobem.com\/index.php?rest_route=%2Fwp%2Fv2%2Fproduct_cat&post=694"},{"taxonomy":"product_tag","embeddable":true,"href":"https:\/\/kikodobem.com\/index.php?rest_route=%2Fwp%2Fv2%2Fproduct_tag&post=694"}],"curies":[{"name":"wp","href":"https:\/\/api.w.org\/{rel}","templated":true}]}}