{"id":706,"date":"2024-06-13T13:41:32","date_gmt":"2024-06-13T13:41:32","guid":{"rendered":"https:\/\/ladir.net\/?post_type=product&#038;p=706"},"modified":"2025-05-07T19:58:02","modified_gmt":"2025-05-07T22:58:02","slug":"resveratrol-trans-60-capsulas-300mg-soropower-materia-prima-importada","status":"publish","type":"product","link":"https:\/\/kikodobem.com\/?product=resveratrol-trans-60-capsulas-300mg-soropower-materia-prima-importada","title":{"rendered":"RESVERATROL TRANS 60 C\u00c1PSULAS 300MG SOROPOWER MAT\u00c9RIA PRIMA IMPORTADA"},"content":{"rendered":"<iframe loading=\"lazy\" title=\"RESVERATROL AUMENTA A LONGEVIDADE \u00c9 EXCELENTE PARA O CORA\u00c7\u00c3O COMBATE O COLESTEROL RUIM E MUITO MAIS\" width=\"500\" height=\"281\" src=\"https:\/\/www.youtube.com\/embed\/zN-eqkTiPak?feature=oembed\" frameborder=\"0\" allow=\"accelerometer; autoplay; clipboard-write; encrypted-media; gyroscope; picture-in-picture; web-share\" referrerpolicy=\"strict-origin-when-cross-origin\" allowfullscreen><\/iframe>\r\n\r\n&nbsp;\r\n<div class=\"flex-shrink-0 flex flex-col relative items-end\">\r\n<div>\r\n<div class=\"pt-0.5 juice:pt-0\">\r\n<div class=\"gizmo-bot-avatar flex h-6 w-6 items-center justify-center overflow-hidden rounded-full juice:h-8 juice:w-8\">\r\n<div class=\"relative p-1 rounded-sm flex items-center justify-center bg-token-main-surface-primary text-token-text-primary h-8 w-8\"><\/div>\r\n<\/div>\r\n<\/div>\r\n<\/div>\r\n<\/div>\r\n<div class=\"group\/conversation-turn relative flex w-full min-w-0 flex-col agent-turn\">\r\n<div class=\"flex-col gap-1 md:gap-3\">\r\n<div class=\"flex flex-grow flex-col max-w-full\">\r\n<div class=\"min-h-[20px] text-message flex flex-col items-start whitespace-pre-wrap break-words [.text-message+&amp;]:mt-5 juice:w-full juice:items-end overflow-x-auto gap-2\" dir=\"auto\" data-message-author-role=\"assistant\" data-message-id=\"559716c8-810c-46f8-a032-9ddbc9598dfe\">\r\n<div class=\"flex w-full flex-col gap-1 juice:empty:hidden juice:first:pt-[3px]\">\r\n<div class=\"markdown prose w-full break-words dark:prose-invert light\">\r\n<h2>Resveratrol da Marca &#8220;SOROPOWER&#8221; &#8211; 300mg<\/h2>\r\nO Resveratrol \u00e9 uma subst\u00e2ncia derivada da uva, rica em polifen\u00f3is, conhecida por suas propriedades antioxidantes. A marca &#8220;SOROPOWER&#8221; apresenta o Resveratrol em c\u00e1psulas de 300mg, facilitando sua ingest\u00e3o e aproveitamento dos benef\u00edcios.\r\n<h3>Benef\u00edcios do Resveratrol<\/h3>\r\n<ul>\r\n \t<li><strong>Retarda o Envelhecimento:<\/strong> Protege tecidos cerebrais, musculares e card\u00edacos, retardando o envelhecimento e prevenindo o surgimento de rugas.<\/li>\r\n \t<li><strong>Combate Doen\u00e7as Cardiovasculares:<\/strong> Aumenta o colesterol HDL (bom colesterol) e diminui o LDL (mau colesterol), melhorando a circula\u00e7\u00e3o sangu\u00ednea e atuando como vasodilatador.<\/li>\r\n \t<li><strong>A\u00e7\u00e3o Antioxidante:<\/strong> Combate os radicais livres, protegendo as c\u00e9lulas contra danos que podem levar ao c\u00e2ncer.<\/li>\r\n \t<li><strong>Al\u00edvio de Dores Articulares:<\/strong> Suas propriedades anti-inflamat\u00f3rias ajudam a aliviar dores articulares, especialmente em pacientes com artrite.<\/li>\r\n \t<li><strong>Preven\u00e7\u00e3o do Alzheimer:<\/strong> Contribui para a preven\u00e7\u00e3o do Alzheimer.<\/li>\r\n \t<li><strong>Regula\u00e7\u00e3o dos N\u00edveis de Glicose:<\/strong> Reduz os n\u00edveis de glicose no sangue e aumenta a sensibilidade \u00e0 insulina, inibindo enzimas envolvidas na digest\u00e3o de carboidratos.<\/li>\r\n \t<li><strong>Redu\u00e7\u00e3o do Estresse Oxidativo:<\/strong> Diminui o estresse oxidativo no organismo.<\/li>\r\n<\/ul>\r\n<h3>Contraindica\u00e7\u00f5es<\/h3>\r\n<ul>\r\n \t<li><strong>Gestantes e Lactantes:<\/strong> N\u00e3o deve ser utilizado por mulheres gr\u00e1vidas ou durante a amamenta\u00e7\u00e3o sem orienta\u00e7\u00e3o m\u00e9dica.<\/li>\r\n<\/ul>\r\n<h3>Modo de Uso<\/h3>\r\nTome uma c\u00e1psula ao dia com pelo menos meio copo de \u00e1gua.\r\n<h3>Composi\u00e7\u00e3o<\/h3>\r\n<ul>\r\n \t<li><strong>Resveratrol:<\/strong> 300mg<\/li>\r\n \t<li><strong>Excipiente:<\/strong> QSP 1 c\u00e1psula vegetal<\/li>\r\n<\/ul>\r\n<h3>Mensagem do Diretor<\/h3>\r\n&#8220;Estou farto de ver a Ind\u00fastria Farmac\u00eautica dificultar tratamentos eficazes por valorizar os lucros muito mais do que as vidas. Obrigado por escolher Soropower e Pharmenni para suas necessidades de sa\u00fade. Boas compras!&#8221;\r\n\r\n<strong>Jos\u00e9 Francisco Rodrigues (KIKO)<\/strong>\r\nDiretor das Empresas: SOROCOCO, LADIR, SOROPOWER, KIKO DO BEM e da Farm\u00e1cia de Manipula\u00e7\u00e3o e Formula\u00e7\u00e3o &#8220;Pharmenni&#8221;.\r\n<h3>Redes Sociais e Contato<\/h3>\r\nPara mais informa\u00e7\u00f5es sobre sa\u00fade e bem-estar, acompanhe o &#8220;Dr. Kiko do Bem&#8221; nas redes sociais. E n\u00e3o hesite em entrar em contato para esclarecimento de d\u00favidas.\r\n\r\n<em>&#8220;Se semeamos o BEM, n\u00e3o precisamos nos preocupar com o dia de amanh\u00e3.&#8221;<\/em>\r\nG\u00e1latas Cap\u00edtulo 6 Vers\u00edculo 7\r\n\r\n<\/div>\r\n<\/div>\r\n<\/div>\r\n<\/div>\r\n<\/div>\r\n<\/div>","protected":false},"excerpt":{"rendered":"<p>O Resveratrol da marca &#8220;SOROPOWER&#8221; \u00e9 um suplemento de 300mg, derivado da uva e rico em polifen\u00f3is, conhecido por suas propriedades antioxidantes. Aqui est\u00e3o os benef\u00edcios do Resveratrol:<\/p>\n<ul>\n<li>Retarda o envelhecimento, protegendo tecidos cerebrais, musculares e card\u00edacos.<\/li>\n<li>Combate doen\u00e7as cardiovasculares, aumentando o colesterol HDL e diminuindo o LDL.<\/li>\n<li>Possui a\u00e7\u00e3o antioxidante, combatendo os radicais livres e protegendo as c\u00e9lulas contra danos.<\/li>\n<li>Alivia dores articulares devido \u00e0s suas propriedades anti-inflamat\u00f3rias.<\/li>\n<li>Contribui para a preven\u00e7\u00e3o do Alzheimer.<\/li>\n<li>Regula os n\u00edveis de glicose no sangue e aumenta a sensibilidade \u00e0 insulina.<\/li>\n<li>Reduz o estresse oxidativo no organismo.<\/li>\n<\/ul>\n<p>\u00c9 importante observar as contraindica\u00e7\u00f5es, como n\u00e3o utilizar durante a gravidez ou amamenta\u00e7\u00e3o sem orienta\u00e7\u00e3o m\u00e9dica.<\/p>\n<p>O modo de uso \u00e9 simples: tomar uma c\u00e1psula ao dia com pelo menos meio copo de \u00e1gua.<\/p>\n<p>E lembre-se da mensagem do diretor, que destaca a import\u00e2ncia de escolher produtos de qualidade para a sa\u00fade e de semear o bem para o futuro.<\/p>\n<p>Se precisar de mais informa\u00e7\u00f5es, voc\u00ea pode acompanhar o &#8220;Dr. Kiko do Bem&#8221; nas redes sociais ou entrar em contato para esclarecer d\u00favidas.<\/p>\n","protected":false},"featured_media":707,"comment_status":"open","ping_status":"closed","template":"","meta":[],"product_brand":[],"product_cat":[18],"product_tag":[138,173,386,361,141,385,384,100,101],"class_list":{"0":"post-706","1":"product","2":"type-product","3":"status-publish","4":"has-post-thumbnail","6":"product_cat-manipulados","7":"product_tag-alzheimer","8":"product_tag-antioxidante","9":"product_tag-articulares","10":"product_tag-cardiovasculares","11":"product_tag-colesterol","12":"product_tag-colesterol-bom","13":"product_tag-doencas-cardiovasculares","14":"product_tag-envelhecimento","15":"product_tag-estresse","17":"first","18":"instock","19":"taxable","20":"shipping-taxable","21":"purchasable","22":"product-type-simple"},"_links":{"self":[{"href":"https:\/\/kikodobem.com\/index.php?rest_route=\/wp\/v2\/product\/706","targetHints":{"allow":["GET"]}}],"collection":[{"href":"https:\/\/kikodobem.com\/index.php?rest_route=\/wp\/v2\/product"}],"about":[{"href":"https:\/\/kikodobem.com\/index.php?rest_route=\/wp\/v2\/types\/product"}],"replies":[{"embeddable":true,"href":"https:\/\/kikodobem.com\/index.php?rest_route=%2Fwp%2Fv2%2Fcomments&post=706"}],"wp:featuredmedia":[{"embeddable":true,"href":"https:\/\/kikodobem.com\/index.php?rest_route=\/wp\/v2\/media\/707"}],"wp:attachment":[{"href":"https:\/\/kikodobem.com\/index.php?rest_route=%2Fwp%2Fv2%2Fmedia&parent=706"}],"wp:term":[{"taxonomy":"product_brand","embeddable":true,"href":"https:\/\/kikodobem.com\/index.php?rest_route=%2Fwp%2Fv2%2Fproduct_brand&post=706"},{"taxonomy":"product_cat","embeddable":true,"href":"https:\/\/kikodobem.com\/index.php?rest_route=%2Fwp%2Fv2%2Fproduct_cat&post=706"},{"taxonomy":"product_tag","embeddable":true,"href":"https:\/\/kikodobem.com\/index.php?rest_route=%2Fwp%2Fv2%2Fproduct_tag&post=706"}],"curies":[{"name":"wp","href":"https:\/\/api.w.org\/{rel}","templated":true}]}}